{"id":606138,"date":"2025-08-10T17:48:52","date_gmt":"2025-08-10T15:48:52","guid":{"rendered":"https:\/\/lucacastelli.com\/prodotto\/milwaukee-m18-one-key-kit-perceuse-a-percussion-conducteur-a-percussion-%c2%bc-%e2%80%b3-hex-18v\/"},"modified":"2026-03-02T16:17:29","modified_gmt":"2026-03-02T15:17:29","slug":"milwaukee-m18-one-key-kit-perceuse-a-percussion-conducteur-a-percussion-%c2%bc-%e2%80%b3-hex-18v","status":"publish","type":"product","link":"https:\/\/lucacastelli.com\/fr\/produit\/milwaukee-m18-one-key-kit-perceuse-a-percussion-conducteur-a-percussion-%c2%bc-%e2%80%b3-hex-18v\/","title":{"rendered":"MILWAUKEE Kit M18\u2122 ONE-KEY\u2122 Perceuse \u00e0 percussion + Visseuse \u00e0 chocs \u00bc\u2033 hex (18V)"},"content":{"rendered":"<p>M18ONEPP2A3-502X\/KIT PROMOTIONNEL<br \/>\nM18ONEPD3-0X\/PERCEUSES : 158 Nm de couple ; Seulement 175 mm de long. Permet d&#8217;acc\u00e9der m\u00eame aux espaces les plus exigus ; Connexion Bluetooth\u00ae avec l&#8217;application ONE-KEY\u2122 ; Enregistre jusqu&#8217;\u00e0 3 r\u00e9glages en m\u00e9moire ; Le syst\u00e8me ONE-KEY\u2122 Tracking &amp; Security offre gratuitement un service de tra\u00e7abilit\u00e9 et de gestion d&#8217;inventaire bas\u00e9 sur le cloud, avec \u00e9galement des fonctionnalit\u00e9s de verrouillage \u00e0 distance ; R\u00e9glage de la g\u00e2chette gr\u00e2ce \u00e0 l&#8217;application ONE-KEY\u2122 ; Possibilit\u00e9 de modifier et d&#8217;enregistrer les r\u00e9glages pour des applications r\u00e9p\u00e9t\u00e9es ; R\u00e9glage de la vitesse, contr\u00f4le AUTOSTOP\u2122, indication de la vitesse optimale par type de mat\u00e9riau et application, r\u00e9glage de l&#8217;intensit\u00e9 de la LED lumineuse ; Crochet m\u00e9tallique pour ceinture ; Fonctionne avec toutes les batteries M18\u2122 MILWAUKEE\u00ae ; M18ONEID3-0X\/EMMANCHEMENT HEXAGONAL : Enregistre jusqu&#8217;\u00e0 4 r\u00e9glages en m\u00e9moire ; Connexion Bluetooth\u00ae avec l&#8217;application ONE-KEY\u2122 ; Encore plus rapide que la version pr\u00e9c\u00e9dente : jusqu&#8217;\u00e0 3900 tours par minute et 4400 coups par minute ; Extr\u00eamement compact, seulement 113 mm ; R\u00e9glage de la g\u00e2chette gr\u00e2ce \u00e0 l&#8217;application ONE-KEY\u2122 ; Possibilit\u00e9 de modifier et d&#8217;enregistrer les r\u00e9glages pour des applications r\u00e9p\u00e9t\u00e9es ; R\u00e9glage de la vitesse, mode pr\u00e9cision (pour permettre l&#8217;utilisation de couples constants dans des applications r\u00e9p\u00e9t\u00e9es), possibilit\u00e9 de r\u00e9gler le mode vis autotaraudeuses optimis\u00e9 pour la fixation m\u00e9tal sur m\u00e9tal, r\u00e9glage de l&#8217;intensit\u00e9 de la LED lumineuse ; Crochet m\u00e9tallique pour ceinture ; M18 B5 \/BATTERIE 18V : Une autonomie jusqu&#8217;\u00e0 2,5 fois sup\u00e9rieure, une puissance sup\u00e9rieure jusqu&#8217;\u00e0 20 % et une dur\u00e9e de vie 2 fois plus longue (par rapport \u00e0 d&#8217;autres batteries lithium-ion et\/ou \u00e0 la technologie Milwaukee pr\u00e9c\u00e9dente. Les r\u00e9sultats d\u00e9pendent de la tension, de l&#8217;outil et de l&#8217;application) ; \u00c9lectronique Milwaukee\u00ae REDLINK\u2122 &#8211; prot\u00e8ge la batterie dans des situations difficiles, en maximisant le rendement des cellules ; Surveillance constante de chaque cellule pour assurer le cycle de charge et de d\u00e9charge de la batterie ; Cellules parfaitement bloqu\u00e9es pour augmenter la robustesse de la batterie et s\u00e9parateurs internes anti-chocs pour pr\u00e9venir les dommages dus aux vibrations ou aux chutes ; \u00c9l\u00e9ment protecteur qui d\u00e9vie les \u00e9ventuelles infiltrations d&#8217;eau de l&#8217;\u00e9lectronique vers l&#8217;ext\u00e9rieur de la batterie ; Fonctionnement \u00e0 des temp\u00e9ratures jusqu&#8217;\u00e0 -20\u00b0 ; Indicateur LED de l&#8217;\u00e9tat de charge de la batterie, pour conna\u00eetre \u00e0 tout moment la charge r\u00e9siduelle ; Rev\u00eatement en caoutchouc ; Meilleure dissipation de la temp\u00e9rature interne ; M18 B5 \/BATTERIE 18V : Une autonomie jusqu&#8217;\u00e0 2,5 fois sup\u00e9rieure, une puissance sup\u00e9rieure jusqu&#8217;\u00e0 20 % et une dur\u00e9e de vie 2 fois plus longue (par rapport \u00e0 d&#8217;autres batteries lithium-ion et\/ou \u00e0 la technologie Milwaukee pr\u00e9c\u00e9dente. Les r\u00e9sultats d\u00e9pendent de la tension, de l&#8217;outil et de l&#8217;application) ; \u00c9lectronique Milwaukee\u00ae REDLINK\u2122 &#8211; prot\u00e8ge la batterie dans des situations difficiles, en maximisant le rendement des cellules ; Surveillance constante de chaque cellule pour assurer le cycle de charge et de d\u00e9charge de la batterie ; Cellules parfaitement bloqu\u00e9es pour augmenter la robustesse de la batterie et s\u00e9parateurs internes anti-chocs pour pr\u00e9venir les dommages dus aux vibrations ou aux chutes ; \u00c9l\u00e9ment protecteur qui d\u00e9vie les \u00e9ventuelles infiltrations d&#8217;eau de l&#8217;\u00e9lectronique vers l&#8217;ext\u00e9rieur de la batterie ; Fonctionnement \u00e0 des temp\u00e9ratures jusqu&#8217;\u00e0 -20\u00b0 ; Indicateur LED de l&#8217;\u00e9tat de charge de la batterie, pour conna\u00eetre \u00e0 tout moment la charge r\u00e9siduelle ; Rev\u00eatement en caoutchouc ; Meilleure dissipation de la temp\u00e9rature interne ; M12-18 FC \/CHARGEUR : Recharge toutes les batteries M18\u2122, M14\u2122 et M12\u2122 REDLITHIUM ; Charge en s\u00e9quence &#8211; la premi\u00e8re batterie ins\u00e9r\u00e9e est recharg\u00e9e &#8211; moins de temps dans la gestion de la charge ; Temps de charge des batteries M12\u2122 REDLITHIUM\u2122 2,0 Ah et 2,5 Ah 26 min, 3,0 Ah 50 min, 4,0 Ah et 5 Ah 52 min, 6,0 Ah 95 min ; Temps de charge des batteries M18\u2122 REDLITHIUM\u2122 de 2,0 Ah \/ 4,0 Ah \/ 5,0 Ah indicativement de 26 min \/ 52 min \/ 59 min ; Compatible avec toutes les batteries MILWAUKEE\u00ae M12\u2122 et M18\u2122<\/p>\n<p>4933493244<br \/>\n4058546481155<\/p>\n","protected":false},"excerpt":{"rendered":"<p>M18ONEPP2A3-502X\/KIT PROMOTIONNEL<\/p>\n","protected":false},"featured_media":585157,"template":"","meta":{"_seopress_robots_primary_cat":"","_seopress_titles_title":"","_seopress_titles_desc":"","_seopress_robots_index":""},"product_brand":[3407],"product_cat":[5531,29,514,549],"product_tag":[3270],"class_list":{"0":"post-606138","1":"product","2":"type-product","3":"status-publish","4":"has-post-thumbnail","6":"product_brand-milwaukee","7":"product_cat-vari-macchinari-milwaukee","8":"product_cat-macchinari","9":"product_cat-altri-dispositivi","10":"product_cat-trapani-e-avvitatori","11":"product_tag-import-milwau","12":"sws-conto-ricavi-merci-rivendita-macchinari-fr","13":"sws-gruppo-iva-iva81-fr","15":"first","16":"onbackorder","17":"sale","18":"shipping-taxable","19":"purchasable","20":"product-type-simple"},"_links":{"self":[{"href":"https:\/\/lucacastelli.com\/fr\/wp-json\/wp\/v2\/product\/606138","targetHints":{"allow":["GET"]}}],"collection":[{"href":"https:\/\/lucacastelli.com\/fr\/wp-json\/wp\/v2\/product"}],"about":[{"href":"https:\/\/lucacastelli.com\/fr\/wp-json\/wp\/v2\/types\/product"}],"wp:featuredmedia":[{"embeddable":true,"href":"https:\/\/lucacastelli.com\/fr\/wp-json\/wp\/v2\/media\/585157"}],"wp:attachment":[{"href":"https:\/\/lucacastelli.com\/fr\/wp-json\/wp\/v2\/media?parent=606138"}],"wp:term":[{"taxonomy":"product_brand","embeddable":true,"href":"https:\/\/lucacastelli.com\/fr\/wp-json\/wp\/v2\/product_brand?post=606138"},{"taxonomy":"product_cat","embeddable":true,"href":"https:\/\/lucacastelli.com\/fr\/wp-json\/wp\/v2\/product_cat?post=606138"},{"taxonomy":"product_tag","embeddable":true,"href":"https:\/\/lucacastelli.com\/fr\/wp-json\/wp\/v2\/product_tag?post=606138"}],"curies":[{"name":"wp","href":"https:\/\/api.w.org\/{rel}","templated":true}]}}