{"id":606136,"date":"2025-08-10T17:48:51","date_gmt":"2025-08-10T15:48:51","guid":{"rendered":"https:\/\/lucacastelli.com\/prodotto\/kit-milwaukee-m18-compact-brushless-rotary-drill-impact-driver-%c2%bc-hex-18v-2\/"},"modified":"2025-08-10T17:48:51","modified_gmt":"2025-08-10T15:48:51","slug":"kit-milwaukee-m18-compact-brushless-rotary-drill-impact-driver-%c2%bc-hex-18v-2","status":"publish","type":"product","link":"https:\/\/lucacastelli.com\/fr\/produit\/kit-milwaukee-m18-compact-brushless-rotary-drill-impact-driver-%c2%bc-hex-18v-2\/","title":{"rendered":"Kit Milwaukee M18 Compact brushless Rotary Drill + Impact Driver \u00bc&#8221; Hex (18V)"},"content":{"rendered":"<p>M18 BLCPP2B-402C \/ Kit<br \/>\nM18BLDDRC-0X DRILL\/AVIT. REC. :Mesurant seulement 145 mm, parfaite pour acc\u00e9der aux espaces les plus \u00e9troits ;Le mandrin m\u00e9tallique de 13 mm garantit une prise parfaite de l&#8217;embout ;Avec un couple de 60.5 Nm, elle pr\u00e9sente le meilleur rapport puissance\/taille;Le crochet de ceinture est en m\u00e9tal et est enti\u00e8rement r\u00e9versible;Indicateur de charge de la batterie et lumi\u00e8re LED pour \u00e9clairer la zone d&#8217;application;Le moteur sans balais, l&#8217;\u00e9lectronique REDLINK PLUS\u2122 et la batterie REDLITHIUM\u2122 offrent des performances et une durabilit\u00e9 sup\u00e9rieures;Fonctionne avec toutes les batteries M18 Milwaukee;Vitesse optimis\u00e9e pour le per\u00e7age (0-550 \/ 0-1700 tr\/min);M18 BLIDRC-0 \/ AVV IMPULSI HEX :Avec seulement 112 mm de long, il permet d&#8217;acc\u00e9der m\u00eame aux espaces les plus restreints;Puissant moteur sans balais d\u00e9livrant un couple de 190 Nm \u00e0 3600 tr\/min et 4900 coups par minute;L&#8217;insertion de l&#8217;insert peut se faire d&#8217;une seule main rendant le travail plus rapide et plus pratique;Les engrenages et le carter sont enti\u00e8rement en m\u00e9tal garantissant performance et long\u00e9vit\u00e9.Indicateur d&#8217;\u00e9tat de charge de la batterie et lumi\u00e8re LED pour \u00e9clairer la zone d&#8217;application;\u00c9quip\u00e9e d&#8217;un crochet de ceinture m\u00e9tallique r\u00e9versible;Le moteur sans balais, l&#8217;\u00e9lectronique REDLINK PLUS\u2122 et la batterie REDLITHIUM\u2122 offrent des performances et une durabilit\u00e9 sup\u00e9rieures;Fonctionne avec toutes les batteries Milwaukee M18;M18 B4 \/BATTERY 18V :REDLINK &#8211; technologie de protection contre la surcharge \u00e0 la fois de l&#8217;outil et de la batterie pour une dur\u00e9e de vie maximale ;Protection \u00e9lectronique contre la surcharge : pas besoin de retirer la batterie une fois que la protection s&#8217;est d\u00e9clench\u00e9e ;Protection contre la surchauffe &#8211; permet \u00e0 la batterie de fonctionner \u00e0 la temp\u00e9rature id\u00e9ale ;Surveillance constante de chaque cellule individuelle pour garantir le cycle de charge et de d\u00e9charge de la batterie ;Dur\u00e9e de vie jusqu&#8217;\u00e0 50 % plus longue, 20 % de puissance en plus et jusqu&#8217;\u00e0 50 % de recharges en plus ;* Par rapport \u00e0 d&#8217;autres batteries lithium-ion et\/ou \u00e0 la technologie Milwaukee pr\u00e9c\u00e9dente. Les r\u00e9sultats d\u00e9pendent de la tension, de l&#8217;outil et de l&#8217;application ;Soudure des cellules int\u00e9gr\u00e9e au cadre ;Cellules s\u00e9par\u00e9es par une structure caoutchout\u00e9e pour minimiser les vibrations ;Compatible avec tous les outils de la gamme M18 ;M18 B4 \/BATTERY 18V :REDLINK &#8211; technologie de protection contre les surcharges de l&#8217;outil et de la batterie pour une dur\u00e9e de vie maximale ;Protection \u00e9lectronique contre les surcharges : pas besoin de retirer la batterie une fois que la protection s&#8217;est d\u00e9clench\u00e9e ;Protection contre la surchauffe &#8211; permet \u00e0 la batterie de fonctionner \u00e0 la temp\u00e9rature id\u00e9ale ;Surveillance constante de chaque cellule individuelle pour assurer le cycle de charge et de d\u00e9charge de la batterie ;Dur\u00e9e de vie jusqu&#8217;\u00e0 50 % plus longue, 20 % de puissance en plus et jusqu&#8217;\u00e0 50 % de recharges en plus ;* Par rapport \u00e0 d&#8217;autres batteries lithium-ion et\/ou \u00e0 la technologie pr\u00e9c\u00e9dente de Milwaukee. Les r\u00e9sultats d\u00e9pendent de la tension, de l&#8217;outil et de l&#8217;application;Soudure des cellules int\u00e9gr\u00e9e au cadre;Cellules s\u00e9par\u00e9es par une structure caoutchout\u00e9e pour minimiser les vibrations;Compatible avec tous les outils de la gamme M18;M12-18 C \/Chargeur de batterie :Recharge toutes les batteries M18, M14\u2122 et M12\u2122 REDLITHIUMZoll;Chargement s\u00e9quentiel &#8211; la premi\u00e8re batterie ins\u00e9r\u00e9e est recharg\u00e9e &#8211; moins de temps pass\u00e9 sur la charge;Temps de charge de la batterie \u00e0 partir de 3.0 Ah \/ 4,0 Ah est de 60 min \/ 80 min;Le temps de charge de 1,5 Ah \/ 2,0 Ah est de 30 min \/ 40 min;Compatible avec toutes les batteries Milwaukee\u00ae M12\u2122 et M18.    <\/p>\n<p>4933492836<br \/>\n4058546477073<\/p>\n","protected":false},"excerpt":{"rendered":"<p>M18 BLCPP2B-402C \/ Kit<\/p>\n","protected":false},"featured_media":584479,"template":"","meta":{"_seopress_robots_primary_cat":"","_seopress_titles_title":"","_seopress_titles_desc":"","_seopress_robots_index":""},"product_brand":[3407],"product_cat":[5531,29,514,549],"product_tag":[3270],"class_list":{"0":"post-606136","1":"product","2":"type-product","3":"status-publish","4":"has-post-thumbnail","6":"product_brand-milwaukee","7":"product_cat-vari-macchinari-milwaukee","8":"product_cat-macchinari","9":"product_cat-altri-dispositivi","10":"product_cat-trapani-e-avvitatori","11":"product_tag-import-milwau","12":"sws-conto-ricavi-merci-rivendita-macchinari-fr","13":"sws-gruppo-iva-iva81-fr","15":"first","16":"onbackorder","17":"sale","18":"shipping-taxable","19":"purchasable","20":"product-type-simple"},"_links":{"self":[{"href":"https:\/\/lucacastelli.com\/fr\/wp-json\/wp\/v2\/product\/606136","targetHints":{"allow":["GET"]}}],"collection":[{"href":"https:\/\/lucacastelli.com\/fr\/wp-json\/wp\/v2\/product"}],"about":[{"href":"https:\/\/lucacastelli.com\/fr\/wp-json\/wp\/v2\/types\/product"}],"wp:featuredmedia":[{"embeddable":true,"href":"https:\/\/lucacastelli.com\/fr\/wp-json\/wp\/v2\/media\/584479"}],"wp:attachment":[{"href":"https:\/\/lucacastelli.com\/fr\/wp-json\/wp\/v2\/media?parent=606136"}],"wp:term":[{"taxonomy":"product_brand","embeddable":true,"href":"https:\/\/lucacastelli.com\/fr\/wp-json\/wp\/v2\/product_brand?post=606136"},{"taxonomy":"product_cat","embeddable":true,"href":"https:\/\/lucacastelli.com\/fr\/wp-json\/wp\/v2\/product_cat?post=606136"},{"taxonomy":"product_tag","embeddable":true,"href":"https:\/\/lucacastelli.com\/fr\/wp-json\/wp\/v2\/product_tag?post=606136"}],"curies":[{"name":"wp","href":"https:\/\/api.w.org\/{rel}","templated":true}]}}