{"id":606133,"date":"2025-08-10T17:48:50","date_gmt":"2025-08-10T15:48:50","guid":{"rendered":"https:\/\/lucacastelli.com\/prodotto\/kit-milwaukee-m18-compact-brushless-rotary-drill-impact-driver-%c2%bc-hex-18v\/"},"modified":"2025-08-10T17:48:50","modified_gmt":"2025-08-10T15:48:50","slug":"kit-milwaukee-m18-compact-brushless-rotary-drill-impact-driver-%c2%bc-hex-18v","status":"publish","type":"product","link":"https:\/\/lucacastelli.com\/fr\/produit\/kit-milwaukee-m18-compact-brushless-rotary-drill-impact-driver-%c2%bc-hex-18v\/","title":{"rendered":"Kit Milwaukee M18 Compact brushless Rotary Drill + Impact Driver \u00bc&#8221; Hex (18V)"},"content":{"rendered":"<p>M18 BLCPP2B-502C \/Kit<br \/>\nM18BLDDRC-0X DRILL\/AVIT. REC. :Mesurant seulement 145 mm, parfaite pour acc\u00e9der aux espaces les plus \u00e9troits ;Le mandrin m\u00e9tallique de 13 mm garantit une prise parfaite de l&#8217;embout ;Avec un couple de 60.5 Nm, elle pr\u00e9sente le meilleur rapport puissance\/taille;Le crochet de ceinture est en m\u00e9tal et est enti\u00e8rement r\u00e9versible;Indicateur de charge de la batterie et lumi\u00e8re LED pour \u00e9clairer la zone d&#8217;application;Le moteur sans balais, l&#8217;\u00e9lectronique REDLINK PLUS\u2122 et la batterie REDLITHIUM\u2122 offrent des performances et une durabilit\u00e9 sup\u00e9rieures;Fonctionne avec toutes les batteries M18 Milwaukee;Vitesse optimis\u00e9e pour le per\u00e7age (0-550 \/ 0-1700 tr\/min);M18 BLIDRC-0 \/ AVV IMPULSI HEX :Avec seulement 112 mm de long, il permet d&#8217;acc\u00e9der m\u00eame aux espaces les plus restreints;Puissant moteur sans balais d\u00e9livrant un couple de 190 Nm \u00e0 3600 tr\/min et 4900 coups par minute;L&#8217;insertion de l&#8217;insert peut se faire d&#8217;une seule main rendant le travail plus rapide et plus pratique;Les engrenages et le carter sont enti\u00e8rement en m\u00e9tal garantissant performance et long\u00e9vit\u00e9.Indicateur d&#8217;\u00e9tat de charge de la batterie et lumi\u00e8re LED pour \u00e9clairer la zone d&#8217;application;\u00c9quip\u00e9e d&#8217;un crochet de ceinture m\u00e9tallique r\u00e9versible;Le moteur sans balais, l&#8217;\u00e9lectronique REDLINK PLUS\u2122 et la batterie REDLITHIUM\u2122 offrent des performances et une durabilit\u00e9 sup\u00e9rieures;Fonctionne avec toutes les batteries Milwaukee M18;M18 B5 \/BATTERY 18V :Jusqu&#8217;\u00e0 2.5 fois plus longtemps, jusqu&#8217;\u00e0 20 % de puissance en plus et une dur\u00e9e de vie 2 fois plus longue (par rapport aux autres batteries lithium-ion et\/ou \u00e0 la technologie Milwaukee pr\u00e9c\u00e9dente. Les r\u00e9sultats d\u00e9pendent de la tension, de l&#8217;outil et de l&#8217;application);Syst\u00e8me \u00e9lectronique Milwaukee REDLINK\u2122 &#8211; prot\u00e8ge le bloc-batterie dans les situations difficiles et maximise les performances des cellules;Surveillance constante de chaque cellule individuelle pour garantir le cycle de charge et de d\u00e9charge de la batterie;Cellules parfaitement verrouill\u00e9es pour augmenter la robustesse du bloc-batterie et s\u00e9parateurs antichocs internes pour \u00e9viter les dommages dus aux vibrations ou aux chutes ;\u00c9l\u00e9ment de protection qui d\u00e9vie toute infiltration d&#8217;eau de l&#8217;\u00e9lectronique vers l&#8217;ext\u00e9rieur de la batterie;Fonctionnement \u00e0 des temp\u00e9ratures allant jusqu&#8217;\u00e0 -20\u00b0;Indicateur LED d&#8217;\u00e9tat de charge de la batterie, pour conna\u00eetre \u00e0 tout moment la charge restante;Rev\u00eatement en caoutchouc;Dispersion accrue de la temp\u00e9rature interne;M18 B5 \/BATTERY 18V :Jusqu&#8217;\u00e0 2.5 fois plus longtemps, jusqu&#8217;\u00e0 20 % de puissance en plus et une dur\u00e9e de vie 2 fois plus longue (par rapport aux autres batteries lithium-ion et\/ou \u00e0 la technologie Milwaukee pr\u00e9c\u00e9dente. Les r\u00e9sultats d\u00e9pendent de la tension, de l&#8217;outil et de l&#8217;application);Syst\u00e8me \u00e9lectronique Milwaukee REDLINK\u2122 &#8211; prot\u00e8ge le bloc-batterie dans les situations difficiles, en maximisant les performances des cellules;Surveillance constante de chaque cellule individuelle pour garantir le cycle de charge et de d\u00e9charge de la batterie;Cellules parfaitement verrouill\u00e9es pour augmenter la robustesse du bloc-batterie et s\u00e9parateurs antichocs internes pour \u00e9viter les dommages dus aux vibrations ou aux chutes ;\u00c9l\u00e9ment de protection qui d\u00e9tourne toute infiltration d&#8217;eau de l&#8217;\u00e9lectronique vers l&#8217;ext\u00e9rieur de la batterie;Fonctionnement \u00e0 des temp\u00e9ratures allant jusqu&#8217;\u00e0 -20\u00b0;Indicateur LED d&#8217;\u00e9tat de charge de la batterie, pour conna\u00eetre \u00e0 tout moment la charge restante;Rev\u00eatement en caoutchouc;Dispersion accrue de la temp\u00e9rature interne;Chargeur de batterie M12-18 C \/Battery Charger :Recharge toutes les batteries M18, M14\u2122 et M12\u2122 REDLITHIUMZoll;Chargement s\u00e9quentiel &#8211; la premi\u00e8re batterie ins\u00e9r\u00e9e est recharg\u00e9e &#8211; moins de temps pass\u00e9 sur la charge;Temps de charge de la batterie de 3.0 Ah \/ 4,0 Ah est de 60 min \/ 80 min;Le temps de charge des batteries de 1,5 Ah \/ 2,0 Ah est de 30 min \/ 40 min;Compatible avec toutes les batteries Milwaukee\u00ae M12\u2122 et M18.  <\/p>\n<p>4933492837<br \/>\n4058546477080<\/p>\n","protected":false},"excerpt":{"rendered":"<p>M18 BLCPP2B-502C \/Kit<\/p>\n","protected":false},"featured_media":600749,"template":"","meta":{"_seopress_robots_primary_cat":"","_seopress_titles_title":"","_seopress_titles_desc":"","_seopress_robots_index":""},"product_brand":[3658],"product_cat":[5532,167,1453,1552],"product_tag":[3270],"class_list":{"0":"post-606133","1":"product","2":"type-product","3":"status-publish","4":"has-post-thumbnail","6":"product_brand-milwaukee-fr","7":"product_cat-diverses-machines-milwaukee","8":"product_cat-machines","9":"product_cat-autres-appareils","10":"product_cat-perceuses-et-tournevis","11":"product_tag-import-milwau","12":"sws-conto-ricavi-merci-rivendita-macchinari-fr","13":"sws-gruppo-iva-iva81-fr","15":"first","16":"onbackorder","17":"sale","18":"shipping-taxable","19":"purchasable","20":"product-type-simple"},"_links":{"self":[{"href":"https:\/\/lucacastelli.com\/fr\/wp-json\/wp\/v2\/product\/606133","targetHints":{"allow":["GET"]}}],"collection":[{"href":"https:\/\/lucacastelli.com\/fr\/wp-json\/wp\/v2\/product"}],"about":[{"href":"https:\/\/lucacastelli.com\/fr\/wp-json\/wp\/v2\/types\/product"}],"wp:featuredmedia":[{"embeddable":true,"href":"https:\/\/lucacastelli.com\/fr\/wp-json\/wp\/v2\/media\/600749"}],"wp:attachment":[{"href":"https:\/\/lucacastelli.com\/fr\/wp-json\/wp\/v2\/media?parent=606133"}],"wp:term":[{"taxonomy":"product_brand","embeddable":true,"href":"https:\/\/lucacastelli.com\/fr\/wp-json\/wp\/v2\/product_brand?post=606133"},{"taxonomy":"product_cat","embeddable":true,"href":"https:\/\/lucacastelli.com\/fr\/wp-json\/wp\/v2\/product_cat?post=606133"},{"taxonomy":"product_tag","embeddable":true,"href":"https:\/\/lucacastelli.com\/fr\/wp-json\/wp\/v2\/product_tag?post=606133"}],"curies":[{"name":"wp","href":"https:\/\/api.w.org\/{rel}","templated":true}]}}