{"id":606126,"date":"2025-08-10T17:48:47","date_gmt":"2025-08-10T15:48:47","guid":{"rendered":"https:\/\/lucacastelli.com\/prodotto\/kit-milwaukee-m12-perceuse-a-percussion-riveteuse-compacte-12v\/"},"modified":"2025-08-10T17:48:47","modified_gmt":"2025-08-10T15:48:47","slug":"kit-milwaukee-m12-perceuse-a-percussion-riveteuse-compacte-12v","status":"publish","type":"product","link":"https:\/\/lucacastelli.com\/fr\/produit\/kit-milwaukee-m12-perceuse-a-percussion-riveteuse-compacte-12v\/","title":{"rendered":"Kit Milwaukee M12\u2122 Perceuse \u00e0 percussion + Riveteuse compacte (12V)"},"content":{"rendered":"<p>M12 FPP2D2-422X \/KIT<br \/>\nEnsemble de machines 12 V compos\u00e9 de : M12 FPD2 &#8211; Perceuse \u00e0 percussion M12 FUEL, M12 BPRT- Machine \u00e0 riveter compacte M12\u2122, 1 x M12 B4, 1 x batterie M12 B2, chargeur C12 C, mallette r\u00e9sistante<\/p>\n<p>4933480593<br \/>\n4058546408787.<\/p>\n","protected":false},"excerpt":{"rendered":"<p>M12 FPP2D2-422X \/KIT<\/p>\n","protected":false},"featured_media":582752,"template":"","meta":{"_seopress_robots_primary_cat":"","_seopress_titles_title":"","_seopress_titles_desc":"","_seopress_robots_index":""},"product_brand":[3407],"product_cat":[5531,29,514,549],"product_tag":[3270],"class_list":{"0":"post-606126","1":"product","2":"type-product","3":"status-publish","4":"has-post-thumbnail","6":"product_brand-milwaukee","7":"product_cat-vari-macchinari-milwaukee","8":"product_cat-macchinari","9":"product_cat-altri-dispositivi","10":"product_cat-trapani-e-avvitatori","11":"product_tag-import-milwau","12":"sws-conto-ricavi-merci-rivendita-macchinari-fr","13":"sws-gruppo-iva-iva81-fr","15":"first","16":"onbackorder","17":"sale","18":"shipping-taxable","19":"purchasable","20":"product-type-simple"},"_links":{"self":[{"href":"https:\/\/lucacastelli.com\/fr\/wp-json\/wp\/v2\/product\/606126","targetHints":{"allow":["GET"]}}],"collection":[{"href":"https:\/\/lucacastelli.com\/fr\/wp-json\/wp\/v2\/product"}],"about":[{"href":"https:\/\/lucacastelli.com\/fr\/wp-json\/wp\/v2\/types\/product"}],"wp:featuredmedia":[{"embeddable":true,"href":"https:\/\/lucacastelli.com\/fr\/wp-json\/wp\/v2\/media\/582752"}],"wp:attachment":[{"href":"https:\/\/lucacastelli.com\/fr\/wp-json\/wp\/v2\/media?parent=606126"}],"wp:term":[{"taxonomy":"product_brand","embeddable":true,"href":"https:\/\/lucacastelli.com\/fr\/wp-json\/wp\/v2\/product_brand?post=606126"},{"taxonomy":"product_cat","embeddable":true,"href":"https:\/\/lucacastelli.com\/fr\/wp-json\/wp\/v2\/product_cat?post=606126"},{"taxonomy":"product_tag","embeddable":true,"href":"https:\/\/lucacastelli.com\/fr\/wp-json\/wp\/v2\/product_tag?post=606126"}],"curies":[{"name":"wp","href":"https:\/\/api.w.org\/{rel}","templated":true}]}}