{"id":606121,"date":"2025-08-10T17:48:49","date_gmt":"2025-08-10T15:48:49","guid":{"rendered":"https:\/\/lucacastelli.com\/prodotto\/milwaukee-m18-compact-brushless-hammer-drill-impact-driver-%c2%bc-hex-18v\/"},"modified":"2025-08-10T17:48:49","modified_gmt":"2025-08-10T15:48:49","slug":"milwaukee-m18-compact-brushless-hammer-drill-impact-driver-%c2%bc-hex-18v","status":"publish","type":"product","link":"https:\/\/lucacastelli.com\/fr\/produit\/milwaukee-m18-compact-brushless-hammer-drill-impact-driver-%c2%bc-hex-18v\/","title":{"rendered":"Milwaukee M18 Compact brushless Hammer Drill + Impact Driver \u00bc&#8221; Hex (18V)"},"content":{"rendered":"<p>M18 BLCPP2A-402C \/Kit<br \/>\nM18BLPDRC-0X TRAPANO\/AVIT. REC. :Cette perceuse \u00e0 percussion ne mesure que 145 mm;Le mandrin m\u00e9tallique de 13 mm offre une prise exceptionnelle sur les m\u00e8ches ou les embouts;Meilleur rapport couple-taille, un impressionnant 60 Nm;\u00c9quip\u00e9e d&#8217;un crochet de ceinture m\u00e9tallique r\u00e9versible;Indicateur d&#8217;\u00e9tat de charge de la batterie et lumi\u00e8re LED pour \u00e9clairer la zone d&#8217;application ;Le moteur sans balais, l&#8217;\u00e9lectronique REDLINK PLUS\u2122 et le bloc-batterie REDLITHIUM\u2122 offrent des performances et une durabilit\u00e9 sup\u00e9rieures;Fonctionne avec toutes les batteries M18 Milwaukee;Vitesse optimis\u00e9e pour un per\u00e7age et une fixation plus rapides (0 &#8211; 550\/ 0 &#8211; 1700 tr\/min);M18 BLIDRC-0 \/ AVV IMPULSI HEX :Avec seulement 112 mm de longueur, elle permet d&#8217;acc\u00e9der m\u00eame aux espaces les plus restreints ;Le puissant moteur sans balais d\u00e9livre un couple de 190 Nm avec 3600 tr\/min et 4900 coups par minute ;L&#8217;insertion de l&#8217;insert peut se faire d&#8217;une seule main, ce qui rend le travail plus rapide et plus pratique ;Les engrenages et la bo\u00eete qui les contient sont enti\u00e8rement en m\u00e9tal, ce qui garantit performance et r\u00e9sistance dans le temps ;Indicateur d&#8217;\u00e9tat de charge de la batterie et lumi\u00e8re LED pour \u00e9clairer la zone d&#8217;application;\u00c9quip\u00e9 d&#8217;un crochet de ceinture m\u00e9tallique r\u00e9versible;Le moteur sans balais, l&#8217;\u00e9lectronique REDLINK PLUS\u2122 et la batterie REDLITHIUM\u2122 offrent des performances et une durabilit\u00e9 sup\u00e9rieures;Fonctionne avec toutes les batteries Milwaukee M18;M18 B4 \/BATTERY 18V :REDLINK &#8211; technologie de protection contre la surcharge \u00e0 la fois de l&#8217;outil et de la batterie pour une dur\u00e9e de vie maximale ;Protection \u00e9lectronique contre la surcharge : pas besoin de retirer la batterie une fois que la protection s&#8217;est d\u00e9clench\u00e9e ;Protection contre la surchauffe &#8211; permet \u00e0 la batterie de fonctionner \u00e0 la temp\u00e9rature id\u00e9ale ;Surveillance constante de chaque cellule individuelle pour garantir le cycle de charge et de d\u00e9charge de la batterie ;Dur\u00e9e de vie jusqu&#8217;\u00e0 50 % plus longue, 20 % de puissance en plus et jusqu&#8217;\u00e0 50 % de recharges en plus ;* Par rapport \u00e0 d&#8217;autres batteries lithium-ion et\/ou \u00e0 la technologie Milwaukee pr\u00e9c\u00e9dente. Les r\u00e9sultats d\u00e9pendent de la tension, de l&#8217;outil et de l&#8217;application ;Soudure des cellules int\u00e9gr\u00e9e au cadre ;Cellules s\u00e9par\u00e9es par une structure caoutchout\u00e9e pour minimiser les vibrations ;Compatible avec tous les outils de la gamme M18 ;M18 B4 \/BATTERY 18V :REDLINK &#8211; technologie de protection contre les surcharges de l&#8217;outil et de la batterie pour une dur\u00e9e de vie maximale ;Protection \u00e9lectronique contre les surcharges : pas besoin de retirer la batterie une fois que la protection s&#8217;est d\u00e9clench\u00e9e ;Protection contre la surchauffe &#8211; permet \u00e0 la batterie de fonctionner \u00e0 la temp\u00e9rature id\u00e9ale ;Surveillance constante de chaque cellule individuelle pour garantir le cycle de charge et de d\u00e9charge de la batterie ;Dur\u00e9e de vie jusqu&#8217;\u00e0 50 % plus longue, 20 % de puissance en plus et jusqu&#8217;\u00e0 50 % de recharges en plus ;* Par rapport \u00e0 d&#8217;autres batteries lithium-ion et\/ou \u00e0 la technologie pr\u00e9c\u00e9dente de Milwaukee. Les r\u00e9sultats d\u00e9pendent de la tension, de l&#8217;outil et de l&#8217;application;Soudure des cellules int\u00e9gr\u00e9e au cadre;Cellules s\u00e9par\u00e9es par une structure caoutchout\u00e9e pour minimiser les vibrations;Compatible avec tous les outils de la gamme M18;M12-18 C \/Chargeur de batterie :Recharge toutes les batteries M18, M14\u2122 et M12\u2122 REDLITHIUMZoll;Chargement s\u00e9quentiel &#8211; la premi\u00e8re batterie ins\u00e9r\u00e9e est recharg\u00e9e &#8211; moins de temps pass\u00e9 sur la charge;Temps de charge de la batterie \u00e0 partir de 3.0 Ah \/ 4,0 Ah est de 60 min \/ 80 min;Le temps de charge de 1,5 Ah \/ 2,0 Ah est de 30 min \/ 40 min;Compatible avec toutes les batteries Milwaukee\u00ae M12\u2122 et M18.    <\/p>\n<p>4933492827<br \/>\n4058546476984<\/p>\n","protected":false},"excerpt":{"rendered":"<p>M18 BLCPP2A-402C \/Kit<\/p>\n","protected":false},"featured_media":600753,"template":"","meta":{"_seopress_robots_primary_cat":"","_seopress_titles_title":"","_seopress_titles_desc":"","_seopress_robots_index":""},"product_brand":[3407],"product_cat":[5531,29,514,549],"product_tag":[3270],"class_list":{"0":"post-606121","1":"product","2":"type-product","3":"status-publish","4":"has-post-thumbnail","6":"product_brand-milwaukee","7":"product_cat-vari-macchinari-milwaukee","8":"product_cat-macchinari","9":"product_cat-altri-dispositivi","10":"product_cat-trapani-e-avvitatori","11":"product_tag-import-milwau","12":"sws-conto-ricavi-merci-rivendita-macchinari-fr","13":"sws-gruppo-iva-iva81-fr","15":"first","16":"onbackorder","17":"sale","18":"shipping-taxable","19":"purchasable","20":"product-type-simple"},"_links":{"self":[{"href":"https:\/\/lucacastelli.com\/fr\/wp-json\/wp\/v2\/product\/606121","targetHints":{"allow":["GET"]}}],"collection":[{"href":"https:\/\/lucacastelli.com\/fr\/wp-json\/wp\/v2\/product"}],"about":[{"href":"https:\/\/lucacastelli.com\/fr\/wp-json\/wp\/v2\/types\/product"}],"wp:featuredmedia":[{"embeddable":true,"href":"https:\/\/lucacastelli.com\/fr\/wp-json\/wp\/v2\/media\/600753"}],"wp:attachment":[{"href":"https:\/\/lucacastelli.com\/fr\/wp-json\/wp\/v2\/media?parent=606121"}],"wp:term":[{"taxonomy":"product_brand","embeddable":true,"href":"https:\/\/lucacastelli.com\/fr\/wp-json\/wp\/v2\/product_brand?post=606121"},{"taxonomy":"product_cat","embeddable":true,"href":"https:\/\/lucacastelli.com\/fr\/wp-json\/wp\/v2\/product_cat?post=606121"},{"taxonomy":"product_tag","embeddable":true,"href":"https:\/\/lucacastelli.com\/fr\/wp-json\/wp\/v2\/product_tag?post=606121"}],"curies":[{"name":"wp","href":"https:\/\/api.w.org\/{rel}","templated":true}]}}