{"id":606117,"date":"2025-08-10T17:12:32","date_gmt":"2025-08-10T15:12:32","guid":{"rendered":"https:\/\/lucacastelli.com\/prodotto\/milwaukee-plastique-de-remplacement-pour-le-piege-a-poussiere\/"},"modified":"2025-08-10T17:12:32","modified_gmt":"2025-08-10T15:12:32","slug":"milwaukee-plastique-de-remplacement-pour-le-piege-a-poussiere","status":"publish","type":"product","link":"https:\/\/lucacastelli.com\/fr\/produit\/milwaukee-plastique-de-remplacement-pour-le-piege-a-poussiere\/","title":{"rendered":"Milwaukee Plastique de remplacement pour le pi\u00e8ge \u00e0 poussi\u00e8re"},"content":{"rendered":"<p>RIC. TUBE PLASTIQUE SIST.RAC. POLV &#8211; 5pcs<br \/>\nUniversel &#8211; convient \u00e0 toutes les perceuses SDS-Plus de diff\u00e9rentes formes et marques;Convient \u00e0 toutes les perceuses SDS-Plus jusqu&#8217;\u00e0 une longueur de 215 mm;Convient \u00e0 tous les aspirateurs;Couvercle transparent pour plus de pr\u00e9cision et de visibilit\u00e9;Recueille jusqu&#8217;\u00e0 99 % de la poussi\u00e8re;Peut \u00eatre utilis\u00e9 avec ou sans aspirateur. <\/p>\n<p>4932464917<br \/>\n4058546228620<\/p>\n","protected":false},"excerpt":{"rendered":"<p>RIC. TUBE PLASTIQUE SIST.RAC. POLV &#8211; 5pcs <\/p>\n","protected":false},"featured_media":530131,"template":"","meta":{"_seopress_robots_primary_cat":"","_seopress_titles_title":"","_seopress_titles_desc":"","_seopress_robots_index":""},"product_brand":[3407],"product_cat":[5531,29],"product_tag":[3270],"class_list":{"0":"post-606117","1":"product","2":"type-product","3":"status-publish","4":"has-post-thumbnail","6":"product_brand-milwaukee","7":"product_cat-vari-macchinari-milwaukee","8":"product_cat-macchinari","9":"product_tag-import-milwau","10":"sws-conto-ricavi-merci-rivendita-macchinari-fr","11":"sws-gruppo-iva-iva81-fr","13":"first","14":"onbackorder","15":"sale","16":"shipping-taxable","17":"purchasable","18":"product-type-simple"},"_links":{"self":[{"href":"https:\/\/lucacastelli.com\/fr\/wp-json\/wp\/v2\/product\/606117","targetHints":{"allow":["GET"]}}],"collection":[{"href":"https:\/\/lucacastelli.com\/fr\/wp-json\/wp\/v2\/product"}],"about":[{"href":"https:\/\/lucacastelli.com\/fr\/wp-json\/wp\/v2\/types\/product"}],"wp:featuredmedia":[{"embeddable":true,"href":"https:\/\/lucacastelli.com\/fr\/wp-json\/wp\/v2\/media\/530131"}],"wp:attachment":[{"href":"https:\/\/lucacastelli.com\/fr\/wp-json\/wp\/v2\/media?parent=606117"}],"wp:term":[{"taxonomy":"product_brand","embeddable":true,"href":"https:\/\/lucacastelli.com\/fr\/wp-json\/wp\/v2\/product_brand?post=606117"},{"taxonomy":"product_cat","embeddable":true,"href":"https:\/\/lucacastelli.com\/fr\/wp-json\/wp\/v2\/product_cat?post=606117"},{"taxonomy":"product_tag","embeddable":true,"href":"https:\/\/lucacastelli.com\/fr\/wp-json\/wp\/v2\/product_tag?post=606117"}],"curies":[{"name":"wp","href":"https:\/\/api.w.org\/{rel}","templated":true}]}}