{"id":606112,"date":"2025-08-08T20:08:51","date_gmt":"2025-08-08T18:08:51","guid":{"rendered":"https:\/\/lucacastelli.com\/prodotto\/systeme-daspiration-milwaukee-universal-dust-trap-piege-a-poussiere-universel\/"},"modified":"2025-08-08T20:08:51","modified_gmt":"2025-08-08T18:08:51","slug":"systeme-daspiration-milwaukee-universal-dust-trap-piege-a-poussiere-universel","status":"publish","type":"product","link":"https:\/\/lucacastelli.com\/fr\/produit\/systeme-daspiration-milwaukee-universal-dust-trap-piege-a-poussiere-universel\/","title":{"rendered":"Syst\u00e8me d&#8217;aspiration Milwaukee Universal Dust Trap (pi\u00e8ge \u00e0 poussi\u00e8re universel)"},"content":{"rendered":"<p>SYST\u00c8ME DE COLLECTE DE POUSSI\u00c8RE &#8211; 1 pc<br \/>\nUniversel &#8211; convient \u00e0 toutes les perceuses SDS-Plus de diff\u00e9rentes formes et marques;Convient \u00e0 toutes les perceuses SDS-Plus jusqu&#8217;\u00e0 une longueur de 215 mm;Convient \u00e0 tous les aspirateurs;Couvercle transparent pour plus de pr\u00e9cision et de visibilit\u00e9;Collecte jusqu&#8217;\u00e0 99 % de la poussi\u00e8re;Peut \u00eatre utilis\u00e9 avec ou sans aspirateur<\/p>\n<p>4932464916<br \/>\n4058546228613<\/p>\n","protected":false},"excerpt":{"rendered":"<p>SYST\u00c8ME DE COLLECTE DE POUSSI\u00c8RE &#8211; 1 pc<\/p>\n","protected":false},"featured_media":530131,"template":"","meta":{"_seopress_robots_primary_cat":"","_seopress_titles_title":"","_seopress_titles_desc":"","_seopress_robots_index":""},"product_brand":[3407],"product_cat":[29,514,517],"product_tag":[3270],"class_list":{"0":"post-606112","1":"product","2":"type-product","3":"status-publish","4":"has-post-thumbnail","6":"product_brand-milwaukee","7":"product_cat-macchinari","8":"product_cat-altri-dispositivi","9":"product_cat-aspiratori-per-la-pulizia","10":"product_tag-import-milwau","11":"sws-conto-ricavi-merci-rivendita-macchinari-fr","12":"sws-gruppo-iva-iva81-fr","14":"first","15":"onbackorder","16":"sale","17":"shipping-taxable","18":"purchasable","19":"product-type-simple"},"_links":{"self":[{"href":"https:\/\/lucacastelli.com\/fr\/wp-json\/wp\/v2\/product\/606112","targetHints":{"allow":["GET"]}}],"collection":[{"href":"https:\/\/lucacastelli.com\/fr\/wp-json\/wp\/v2\/product"}],"about":[{"href":"https:\/\/lucacastelli.com\/fr\/wp-json\/wp\/v2\/types\/product"}],"wp:featuredmedia":[{"embeddable":true,"href":"https:\/\/lucacastelli.com\/fr\/wp-json\/wp\/v2\/media\/530131"}],"wp:attachment":[{"href":"https:\/\/lucacastelli.com\/fr\/wp-json\/wp\/v2\/media?parent=606112"}],"wp:term":[{"taxonomy":"product_brand","embeddable":true,"href":"https:\/\/lucacastelli.com\/fr\/wp-json\/wp\/v2\/product_brand?post=606112"},{"taxonomy":"product_cat","embeddable":true,"href":"https:\/\/lucacastelli.com\/fr\/wp-json\/wp\/v2\/product_cat?post=606112"},{"taxonomy":"product_tag","embeddable":true,"href":"https:\/\/lucacastelli.com\/fr\/wp-json\/wp\/v2\/product_tag?post=606112"}],"curies":[{"name":"wp","href":"https:\/\/api.w.org\/{rel}","templated":true}]}}