{"id":606110,"date":"2025-08-06T12:27:54","date_gmt":"2025-08-06T10:27:54","guid":{"rendered":"https:\/\/lucacastelli.com\/prodotto\/perceuse-visseuse-a-percussion-sans-balais-milwaukee-m18\/"},"modified":"2025-08-06T12:27:54","modified_gmt":"2025-08-06T10:27:54","slug":"perceuse-visseuse-a-percussion-sans-balais-milwaukee-m18","status":"publish","type":"product","link":"https:\/\/lucacastelli.com\/fr\/produit\/perceuse-visseuse-a-percussion-sans-balais-milwaukee-m18\/","title":{"rendered":"Perceuse-visseuse \u00e0 percussion sans balais Milwaukee M18"},"content":{"rendered":"<p>M18 Brushless Hammer Drill Driver<br \/>\nM18 BLPD2-402X\/TRAPANI<br \/>\nNouveau moteur puissant sans balais offrant jusqu&#8217;\u00e0 40 % de couple en plus que le mod\u00e8le pr\u00e9c\u00e9dent &#8211; jusqu&#8217;\u00e0 82 Nm;Mesure seulement 180 mm de longueur totale;Nouveau mandrin m\u00e9tallique de 13 mm pour une plus grande r\u00e9tention du porte-embout et une meilleure prise en main;Syst\u00e8me \u00e9lectronique REDLINK\u2122 pour une protection accrue contre les surcharges et une plus longue dur\u00e9e de vie de la batterie ;La batterie REDLITHIUM\u2122 offre une construction de bloc-batterie sup\u00e9rieure, des composants \u00e9lectroniques et des performances constantes pour fournir plus d&#8217;autonomie et plus de travail pendant la dur\u00e9e de vie de la batterie;Vitesse optimis\u00e9e pour les applications de per\u00e7age et de vissage (0-550 \/ 0-1800 tr\/min);\u00c9tat de charge de la batterie et lumi\u00e8re LED pour \u00e9clairer la zone de travail;Fonctionne avec toutes les batteries Milwaukee M18.<\/p>\n<p>4933464560<br \/>\n4058546225056<\/p>\n","protected":false},"excerpt":{"rendered":"<p>M18 BLPD2-402X\/FRAISES<\/p>\n","protected":false},"featured_media":593044,"template":"","meta":{"_seopress_robots_primary_cat":"","_seopress_titles_title":"","_seopress_titles_desc":"","_seopress_robots_index":""},"product_brand":[3407],"product_cat":[716,29,514,549],"product_tag":[3270],"class_list":{"0":"post-606110","1":"product","2":"type-product","3":"status-publish","4":"has-post-thumbnail","6":"product_brand-milwaukee","7":"product_cat-altro-abbigliamento-per-il-tempo-libero","8":"product_cat-macchinari","9":"product_cat-altri-dispositivi","10":"product_cat-trapani-e-avvitatori","11":"product_tag-import-milwau","12":"sws-conto-ricavi-merci-rivendita-macchinari-fr","13":"sws-gruppo-iva-iva81-fr","15":"first","16":"onbackorder","17":"sale","18":"shipping-taxable","19":"purchasable","20":"product-type-simple"},"_links":{"self":[{"href":"https:\/\/lucacastelli.com\/fr\/wp-json\/wp\/v2\/product\/606110","targetHints":{"allow":["GET"]}}],"collection":[{"href":"https:\/\/lucacastelli.com\/fr\/wp-json\/wp\/v2\/product"}],"about":[{"href":"https:\/\/lucacastelli.com\/fr\/wp-json\/wp\/v2\/types\/product"}],"wp:featuredmedia":[{"embeddable":true,"href":"https:\/\/lucacastelli.com\/fr\/wp-json\/wp\/v2\/media\/593044"}],"wp:attachment":[{"href":"https:\/\/lucacastelli.com\/fr\/wp-json\/wp\/v2\/media?parent=606110"}],"wp:term":[{"taxonomy":"product_brand","embeddable":true,"href":"https:\/\/lucacastelli.com\/fr\/wp-json\/wp\/v2\/product_brand?post=606110"},{"taxonomy":"product_cat","embeddable":true,"href":"https:\/\/lucacastelli.com\/fr\/wp-json\/wp\/v2\/product_cat?post=606110"},{"taxonomy":"product_tag","embeddable":true,"href":"https:\/\/lucacastelli.com\/fr\/wp-json\/wp\/v2\/product_tag?post=606110"}],"curies":[{"name":"wp","href":"https:\/\/api.w.org\/{rel}","templated":true}]}}