{"id":606106,"date":"2025-08-08T17:54:25","date_gmt":"2025-08-08T15:54:25","guid":{"rendered":"https:\/\/lucacastelli.com\/prodotto\/milwaukee-m18-brushless-compact-hammer-drill-perceuse-a-percussion-compacte-sans-balais\/"},"modified":"2025-08-08T17:54:25","modified_gmt":"2025-08-08T15:54:25","slug":"milwaukee-m18-brushless-compact-hammer-drill-perceuse-a-percussion-compacte-sans-balais","status":"publish","type":"product","link":"https:\/\/lucacastelli.com\/fr\/produit\/milwaukee-m18-brushless-compact-hammer-drill-perceuse-a-percussion-compacte-sans-balais\/","title":{"rendered":"Milwaukee M18 Brushless Compact Hammer Drill (perceuse \u00e0 percussion compacte sans balais)"},"content":{"rendered":"<p>M18BLPDRC-0X PERCEUSE\/VISSEUSE REC.<br \/>\nCette perceuse \u00e0 percussion ne mesure que 145 mm;Le mandrin m\u00e9tallique de 13 mm offre une prise exceptionnelle sur les m\u00e8ches ou les embouts;Meilleur rapport couple-taille de 60 Nm;\u00c9quip\u00e9e d&#8217;un crochet de ceinture m\u00e9tallique r\u00e9versible;Indicateur d&#8217;\u00e9tat de charge de la batterie et lumi\u00e8re LED pour \u00e9clairer la zone d&#8217;application ;Le moteur sans balais, l&#8217;\u00e9lectronique REDLINK PLUS\u2122 et la batterie REDLITHIUM\u2122 offrent des performances et une durabilit\u00e9 sup\u00e9rieures;Fonctionne avec toutes les batteries M18 Milwaukee\u00ae;Vitesse optimis\u00e9e pour un per\u00e7age et une fixation plus rapides (0 &#8211; 550\/ 0 &#8211; 1700 tr\/min).<\/p>\n<p>4933492821<br \/>\n4058546476922<\/p>\n","protected":false},"excerpt":{"rendered":"<p>M18BLPDRC-0X PERCEUSE\/VISSEUSE REC. <\/p>\n","protected":false},"featured_media":584206,"template":"","meta":{"_seopress_robots_primary_cat":"","_seopress_titles_title":"","_seopress_titles_desc":"","_seopress_robots_index":""},"product_brand":[3407],"product_cat":[29,514,549],"product_tag":[3270],"class_list":{"0":"post-606106","1":"product","2":"type-product","3":"status-publish","4":"has-post-thumbnail","6":"product_brand-milwaukee","7":"product_cat-macchinari","8":"product_cat-altri-dispositivi","9":"product_cat-trapani-e-avvitatori","10":"product_tag-import-milwau","11":"sws-conto-ricavi-merci-rivendita-macchinari-fr","12":"sws-gruppo-iva-iva81-fr","14":"first","15":"onbackorder","16":"sale","17":"shipping-taxable","18":"purchasable","19":"product-type-simple"},"_links":{"self":[{"href":"https:\/\/lucacastelli.com\/fr\/wp-json\/wp\/v2\/product\/606106","targetHints":{"allow":["GET"]}}],"collection":[{"href":"https:\/\/lucacastelli.com\/fr\/wp-json\/wp\/v2\/product"}],"about":[{"href":"https:\/\/lucacastelli.com\/fr\/wp-json\/wp\/v2\/types\/product"}],"wp:featuredmedia":[{"embeddable":true,"href":"https:\/\/lucacastelli.com\/fr\/wp-json\/wp\/v2\/media\/584206"}],"wp:attachment":[{"href":"https:\/\/lucacastelli.com\/fr\/wp-json\/wp\/v2\/media?parent=606106"}],"wp:term":[{"taxonomy":"product_brand","embeddable":true,"href":"https:\/\/lucacastelli.com\/fr\/wp-json\/wp\/v2\/product_brand?post=606106"},{"taxonomy":"product_cat","embeddable":true,"href":"https:\/\/lucacastelli.com\/fr\/wp-json\/wp\/v2\/product_cat?post=606106"},{"taxonomy":"product_tag","embeddable":true,"href":"https:\/\/lucacastelli.com\/fr\/wp-json\/wp\/v2\/product_tag?post=606106"}],"curies":[{"name":"wp","href":"https:\/\/api.w.org\/{rel}","templated":true}]}}