{"id":606105,"date":"2025-08-08T17:54:22","date_gmt":"2025-08-08T15:54:22","guid":{"rendered":"https:\/\/lucacastelli.com\/prodotto\/perceuse-a-percussion-milwaukee-m18-fuel\/"},"modified":"2025-08-08T17:54:22","modified_gmt":"2025-08-08T15:54:22","slug":"perceuse-a-percussion-milwaukee-m18-fuel","status":"publish","type":"product","link":"https:\/\/lucacastelli.com\/fr\/produit\/perceuse-a-percussion-milwaukee-m18-fuel\/","title":{"rendered":"Perceuse \u00e0 percussion Milwaukee M18 FUEL"},"content":{"rendered":"<p>PERCEUSE \u00c0 PERCUSSION M18FPD3-0<br \/>\nAvec un couple de 158 Nm, elle te permet de r\u00e9aliser les travaux les plus difficiles;Seulement 175 mm de long. Permet d&#8217;acc\u00e9der aux espaces les plus \u00e9troits;Gr\u00e2ce \u00e0 la fonction AUTOSTOP\u2122, la perceuse prot\u00e8ge l&#8217;op\u00e9rateur d&#8217;une rotation excessive du membre. En effet, la M18 FPD3 s&#8217;arr\u00eate automatiquement, prot\u00e9geant ainsi l&#8217;utilisateur et signalant l&#8217;activation de la fonction AUTOSTOP\u2122 par l&#8217;allumage d&#8217;un voyant lumineux situ\u00e9 sous la perceuse;Mandrin tout m\u00e9tal de 13 mm avec dents en carbure pour une durabilit\u00e9 et une tenue de la m\u00e8che maximales;Applications rapides m\u00eame en cas de stress ;Le moteur sans balais POWERSTATE\u2122 d\u00e9livre un couple maximal pour accomplir le travail;L&#8217;\u00e9cran indique la charge restante;L&#8217;embrayage m\u00e9canique permet d&#8217;utiliser une large gamme de tailles et de types de vis;L&#8217;\u00e9lectronique optimis\u00e9e pour une autonomie maximale;La technologie FUEL red\u00e9finit l&#8217;outillage \u00e9lectroportatif sans fil. Le moteur sans balais, l&#8217;\u00e9lectronique REDLINK PLUS\u2122 et le bloc-batterie REDLITHIUM\u2122 offrent des performances et une durabilit\u00e9 sup\u00e9rieures;Fonctionne avec toutes les batteries M18 MILWAUKEEE\u00ae.  <\/p>\n<p>4933498060<br \/>\n4058546512200<\/p>\n","protected":false},"excerpt":{"rendered":"<p>M18FPD3-0 DRILL PERC.BATT.<\/p>\n","protected":false},"featured_media":581424,"template":"","meta":{"_seopress_robots_primary_cat":"","_seopress_titles_title":"","_seopress_titles_desc":"","_seopress_robots_index":""},"product_brand":[3407],"product_cat":[29,514,549],"product_tag":[3270],"class_list":{"0":"post-606105","1":"product","2":"type-product","3":"status-publish","4":"has-post-thumbnail","6":"product_brand-milwaukee","7":"product_cat-macchinari","8":"product_cat-altri-dispositivi","9":"product_cat-trapani-e-avvitatori","10":"product_tag-import-milwau","11":"sws-conto-ricavi-merci-rivendita-macchinari-fr","12":"sws-gruppo-iva-iva81-fr","14":"first","15":"onbackorder","16":"sale","17":"shipping-taxable","18":"purchasable","19":"product-type-simple"},"_links":{"self":[{"href":"https:\/\/lucacastelli.com\/fr\/wp-json\/wp\/v2\/product\/606105","targetHints":{"allow":["GET"]}}],"collection":[{"href":"https:\/\/lucacastelli.com\/fr\/wp-json\/wp\/v2\/product"}],"about":[{"href":"https:\/\/lucacastelli.com\/fr\/wp-json\/wp\/v2\/types\/product"}],"wp:featuredmedia":[{"embeddable":true,"href":"https:\/\/lucacastelli.com\/fr\/wp-json\/wp\/v2\/media\/581424"}],"wp:attachment":[{"href":"https:\/\/lucacastelli.com\/fr\/wp-json\/wp\/v2\/media?parent=606105"}],"wp:term":[{"taxonomy":"product_brand","embeddable":true,"href":"https:\/\/lucacastelli.com\/fr\/wp-json\/wp\/v2\/product_brand?post=606105"},{"taxonomy":"product_cat","embeddable":true,"href":"https:\/\/lucacastelli.com\/fr\/wp-json\/wp\/v2\/product_cat?post=606105"},{"taxonomy":"product_tag","embeddable":true,"href":"https:\/\/lucacastelli.com\/fr\/wp-json\/wp\/v2\/product_tag?post=606105"}],"curies":[{"name":"wp","href":"https:\/\/api.w.org\/{rel}","templated":true}]}}