{"id":606065,"date":"2025-08-10T17:21:03","date_gmt":"2025-08-10T15:21:03","guid":{"rendered":"https:\/\/lucacastelli.com\/prodotto\/milwaukee-m18-systeme-dinspection-sonde-video-de-60-m-camera-hdr-de-25-mm\/"},"modified":"2025-08-10T17:21:03","modified_gmt":"2025-08-10T15:21:03","slug":"milwaukee-m18-systeme-dinspection-sonde-video-de-60-m-camera-hdr-de-25-mm","status":"publish","type":"product","link":"https:\/\/lucacastelli.com\/fr\/produit\/milwaukee-m18-systeme-dinspection-sonde-video-de-60-m-camera-hdr-de-25-mm\/","title":{"rendered":"Milwaukee M18 Syst\u00e8me d&#8217;inspection &#8211; sonde vid\u00e9o de 60 m, cam\u00e9ra HDR de 25 mm."},"content":{"rendered":"<p>M18 SIC60SC HDR-0\/ SYST\u00c8ME D&#8217;INSPECTION<br \/>\nLe syst\u00e8me modulaire Milwaukee\u00ae permet de d\u00e9placer le Smart Hub sur des tambours de diff\u00e9rentes longueurs en fonction des besoins;La nouvelle cam\u00e9ra de 25 mm (High Dynamic Range) garantit des images de haute qualit\u00e9 m\u00eame dans de mauvaises conditions d&#8217;\u00e9clairage;C\u00e2ble de 60 m\u00e8tres de long et de 10 mm d&#8217;\u00e9paisseur;Tambour ferm\u00e9 pour mieux contenir les d\u00e9bris et nettoyer le fourgon;Pieds en caoutchouc pour travailler \u00e0 l&#8217;horizontale;Perche t\u00e9lescopique pour un transport facile sur roues;Sonde int\u00e9gr\u00e9e pour une localisation rapide et facile. Fonctionne avec les fr\u00e9quences 512 Hz,640 Hz, 33 kHz utilis\u00e9es par les principaux fabricants;Possibilit\u00e9 de tracer le c\u00e2ble gr\u00e2ce au localisateur;Les 12 LED int\u00e9gr\u00e9es fournissent un excellent \u00e9clairage \u00e0 l&#8217;int\u00e9rieur du tuyau;Cales de guidage de 75 et 100 mm incluses. <\/p>\n<p>4933493955<br \/>\n4058546511159<\/p>\n","protected":false},"excerpt":{"rendered":"<p>M18 SIC60SC HDR-0\/SYST\u00c8ME D&#8217;INSPECTION<\/p>\n","protected":false},"featured_media":586686,"template":"","meta":{"_seopress_robots_primary_cat":"","_seopress_titles_title":"","_seopress_titles_desc":"","_seopress_robots_index":""},"product_brand":[3407],"product_cat":[29,514,551],"product_tag":[3270],"class_list":{"0":"post-606065","1":"product","2":"type-product","3":"status-publish","4":"has-post-thumbnail","6":"product_brand-milwaukee","7":"product_cat-macchinari","8":"product_cat-altri-dispositivi","9":"product_cat-apparecchi-di-misurazione","10":"product_tag-import-milwau","11":"sws-conto-ricavi-merci-rivendita-macchinari-fr","12":"sws-gruppo-iva-iva81-fr","14":"first","15":"onbackorder","16":"sale","17":"shipping-taxable","18":"purchasable","19":"product-type-simple"},"_links":{"self":[{"href":"https:\/\/lucacastelli.com\/fr\/wp-json\/wp\/v2\/product\/606065","targetHints":{"allow":["GET"]}}],"collection":[{"href":"https:\/\/lucacastelli.com\/fr\/wp-json\/wp\/v2\/product"}],"about":[{"href":"https:\/\/lucacastelli.com\/fr\/wp-json\/wp\/v2\/types\/product"}],"wp:featuredmedia":[{"embeddable":true,"href":"https:\/\/lucacastelli.com\/fr\/wp-json\/wp\/v2\/media\/586686"}],"wp:attachment":[{"href":"https:\/\/lucacastelli.com\/fr\/wp-json\/wp\/v2\/media?parent=606065"}],"wp:term":[{"taxonomy":"product_brand","embeddable":true,"href":"https:\/\/lucacastelli.com\/fr\/wp-json\/wp\/v2\/product_brand?post=606065"},{"taxonomy":"product_cat","embeddable":true,"href":"https:\/\/lucacastelli.com\/fr\/wp-json\/wp\/v2\/product_cat?post=606065"},{"taxonomy":"product_tag","embeddable":true,"href":"https:\/\/lucacastelli.com\/fr\/wp-json\/wp\/v2\/product_tag?post=606065"}],"curies":[{"name":"wp","href":"https:\/\/api.w.org\/{rel}","templated":true}]}}