{"id":606056,"date":"2025-08-10T17:20:59","date_gmt":"2025-08-10T15:20:59","guid":{"rendered":"https:\/\/lucacastelli.com\/prodotto\/niveau-a-bulle-de-poche-milwaukee-torpedo\/"},"modified":"2025-08-10T17:20:59","modified_gmt":"2025-08-10T15:20:59","slug":"niveau-a-bulle-de-poche-milwaukee-torpedo","status":"publish","type":"product","link":"https:\/\/lucacastelli.com\/fr\/produit\/niveau-a-bulle-de-poche-milwaukee-torpedo\/","title":{"rendered":"Niveau \u00e0 bulle de poche Milwaukee Torpedo"},"content":{"rendered":"<p>POCKET TORPEDO LEVELLER 1 pc<br \/>\nTechnologie SHARPSITE avec bo\u00eetier robuste et r\u00e9sistant aux chocs;Conception compacte pour travailler dans les espaces restreints;Rainure en V pour la mise \u00e0 niveau sur les tuyaux;Conception de la rainure centrale pour la mise \u00e0 niveau m\u00eame des pi\u00e8ces \u00e0 usiner avec des joints soud\u00e9s;Aimants amplifi\u00e9s en terre rare. La conception de l&#8217;aimant canalise le magn\u00e9tisme dans une seule direction, ce qui amplifie l&#8217;effet;Pr\u00e9cision 0,029\u00b0 (0,0005 Zoll\/in, 0,5 mm\/m) <\/p>\n<p>4932472122<br \/>\n4058546325183<\/p>\n","protected":false},"excerpt":{"rendered":"<p>TORPEDO NIVEAU DE POCHE 1pcs<\/p>\n","protected":false},"featured_media":539095,"template":"","meta":{"_seopress_robots_primary_cat":"","_seopress_titles_title":"","_seopress_titles_desc":"","_seopress_robots_index":""},"product_brand":[3658],"product_cat":[167,1453,1471],"product_tag":[3273],"class_list":{"0":"post-606056","1":"product","2":"type-product","3":"status-publish","4":"has-post-thumbnail","6":"product_brand-milwaukee-fr","7":"product_cat-machines","8":"product_cat-autres-appareils","9":"product_cat-appareils-de-mesure","10":"product_tag-import-milwau-fr","11":"sws-conto-ricavi-merci-rivendita-macchinari-fr","12":"sws-gruppo-iva-iva81-fr","14":"first","15":"onbackorder","16":"sale","17":"shipping-taxable","18":"purchasable","19":"product-type-simple"},"_links":{"self":[{"href":"https:\/\/lucacastelli.com\/fr\/wp-json\/wp\/v2\/product\/606056","targetHints":{"allow":["GET"]}}],"collection":[{"href":"https:\/\/lucacastelli.com\/fr\/wp-json\/wp\/v2\/product"}],"about":[{"href":"https:\/\/lucacastelli.com\/fr\/wp-json\/wp\/v2\/types\/product"}],"wp:featuredmedia":[{"embeddable":true,"href":"https:\/\/lucacastelli.com\/fr\/wp-json\/wp\/v2\/media\/539095"}],"wp:attachment":[{"href":"https:\/\/lucacastelli.com\/fr\/wp-json\/wp\/v2\/media?parent=606056"}],"wp:term":[{"taxonomy":"product_brand","embeddable":true,"href":"https:\/\/lucacastelli.com\/fr\/wp-json\/wp\/v2\/product_brand?post=606056"},{"taxonomy":"product_cat","embeddable":true,"href":"https:\/\/lucacastelli.com\/fr\/wp-json\/wp\/v2\/product_cat?post=606056"},{"taxonomy":"product_tag","embeddable":true,"href":"https:\/\/lucacastelli.com\/fr\/wp-json\/wp\/v2\/product_tag?post=606056"}],"curies":[{"name":"wp","href":"https:\/\/api.w.org\/{rel}","templated":true}]}}