{"id":606055,"date":"2025-08-10T17:20:57","date_gmt":"2025-08-10T15:20:57","guid":{"rendered":"https:\/\/lucacastelli.com\/prodotto\/milwaukee-niveau-de-torpille-standard\/"},"modified":"2025-08-10T17:20:57","modified_gmt":"2025-08-10T15:20:57","slug":"milwaukee-niveau-de-torpille-standard","status":"publish","type":"product","link":"https:\/\/lucacastelli.com\/fr\/produit\/milwaukee-niveau-de-torpille-standard\/","title":{"rendered":"Milwaukee Niveau de torpille standard"},"content":{"rendered":"<p>STANDARD TORPEDO LEVEL<br \/>\nSTANDARD TORPEDO LEVEL<br \/>\nLes cadres \u00e0 fort contraste augmentent la visibilit\u00e9 des fioles;3 fioles \u00e0 haute visibilit\u00e9;Aimants &#8220;terres rares&#8221; AMPLIFI\u00c9S pour une r\u00e9sistance magn\u00e9tique accrue;Conception en V optimis\u00e9e pour une stabilit\u00e9 maximale sur les tuyaux et tubes;Cadre en aluminium r\u00e9sistant aux conditions de chantier;Conception fusel\u00e9e pour un rangement facile dans les poches et les bo\u00eetes \u00e0 outils;Pr\u00e9cision 0.029 degr\u00e9s (0,5 mm\/m) en position standard<\/p>\n<p>4932498716<br \/>\n4058546525859<\/p>\n","protected":false},"excerpt":{"rendered":"<p>NIVEAU \u00c0 BULLE TORPILLE STANDARD<\/p>\n","protected":false},"featured_media":592229,"template":"","meta":{"_seopress_robots_primary_cat":"","_seopress_titles_title":"","_seopress_titles_desc":"","_seopress_robots_index":""},"product_brand":[3407],"product_cat":[29,514,551],"product_tag":[3270],"class_list":{"0":"post-606055","1":"product","2":"type-product","3":"status-publish","4":"has-post-thumbnail","6":"product_brand-milwaukee","7":"product_cat-macchinari","8":"product_cat-altri-dispositivi","9":"product_cat-apparecchi-di-misurazione","10":"product_tag-import-milwau","11":"sws-conto-ricavi-merci-rivendita-macchinari-fr","12":"sws-gruppo-iva-iva81-fr","14":"first","15":"onbackorder","16":"sale","17":"shipping-taxable","18":"purchasable","19":"product-type-simple"},"_links":{"self":[{"href":"https:\/\/lucacastelli.com\/fr\/wp-json\/wp\/v2\/product\/606055","targetHints":{"allow":["GET"]}}],"collection":[{"href":"https:\/\/lucacastelli.com\/fr\/wp-json\/wp\/v2\/product"}],"about":[{"href":"https:\/\/lucacastelli.com\/fr\/wp-json\/wp\/v2\/types\/product"}],"wp:featuredmedia":[{"embeddable":true,"href":"https:\/\/lucacastelli.com\/fr\/wp-json\/wp\/v2\/media\/592229"}],"wp:attachment":[{"href":"https:\/\/lucacastelli.com\/fr\/wp-json\/wp\/v2\/media?parent=606055"}],"wp:term":[{"taxonomy":"product_brand","embeddable":true,"href":"https:\/\/lucacastelli.com\/fr\/wp-json\/wp\/v2\/product_brand?post=606055"},{"taxonomy":"product_cat","embeddable":true,"href":"https:\/\/lucacastelli.com\/fr\/wp-json\/wp\/v2\/product_cat?post=606055"},{"taxonomy":"product_tag","embeddable":true,"href":"https:\/\/lucacastelli.com\/fr\/wp-json\/wp\/v2\/product_tag?post=606055"}],"curies":[{"name":"wp","href":"https:\/\/api.w.org\/{rel}","templated":true}]}}