{"id":606048,"date":"2025-08-10T17:20:56","date_gmt":"2025-08-10T15:20:56","guid":{"rendered":"https:\/\/lucacastelli.com\/prodotto\/milwaukee-niveau-a-torpille-led\/"},"modified":"2025-08-10T17:20:56","modified_gmt":"2025-08-10T15:20:56","slug":"milwaukee-niveau-a-torpille-led","status":"publish","type":"product","link":"https:\/\/lucacastelli.com\/fr\/produit\/milwaukee-niveau-a-torpille-led\/","title":{"rendered":"Milwaukee Niveau \u00e0 torpille LED"},"content":{"rendered":"<p>Niveau \u00e0 bulle torp\u00e9do LED<br \/>\nNIVEAU TORPEDO LED<br \/>\n2 fioles avec LED int\u00e9gr\u00e9es assurent une parfaite lisibilit\u00e9 dans des conditions de faible luminosit\u00e9;Les collerettes \u00e0 fort contraste augmentent la visibilit\u00e9 des fioles;Aimants &#8220;terres rares&#8221; AMPLIFI\u00c9S pour une r\u00e9sistance magn\u00e9tique accrue;Conception en V optimis\u00e9e pour une stabilit\u00e9 maximale sur les tuyaux et les tubes;Cadre en aluminium r\u00e9sistant aux conditions de chantier;Conception fusel\u00e9e pour un rangement facile dans les poches et les bo\u00eetes \u00e0 outils;Pr\u00e9cision de 0.029 degr\u00e9s (0,5 mm\/m) en position standard<\/p>\n<p>4932498742<br \/>\n4058546526115<\/p>\n","protected":false},"excerpt":{"rendered":"<p>NIVEAU \u00c0 BULLE TORPILLE LED<\/p>\n","protected":false},"featured_media":592220,"template":"","meta":{"_seopress_robots_primary_cat":"","_seopress_titles_title":"","_seopress_titles_desc":"","_seopress_robots_index":""},"product_brand":[3407],"product_cat":[29,514,551],"product_tag":[3270],"class_list":{"0":"post-606048","1":"product","2":"type-product","3":"status-publish","4":"has-post-thumbnail","6":"product_brand-milwaukee","7":"product_cat-macchinari","8":"product_cat-altri-dispositivi","9":"product_cat-apparecchi-di-misurazione","10":"product_tag-import-milwau","11":"sws-conto-ricavi-merci-rivendita-macchinari-fr","12":"sws-gruppo-iva-iva81-fr","14":"first","15":"onbackorder","16":"sale","17":"shipping-taxable","18":"purchasable","19":"product-type-simple"},"_links":{"self":[{"href":"https:\/\/lucacastelli.com\/fr\/wp-json\/wp\/v2\/product\/606048","targetHints":{"allow":["GET"]}}],"collection":[{"href":"https:\/\/lucacastelli.com\/fr\/wp-json\/wp\/v2\/product"}],"about":[{"href":"https:\/\/lucacastelli.com\/fr\/wp-json\/wp\/v2\/types\/product"}],"wp:featuredmedia":[{"embeddable":true,"href":"https:\/\/lucacastelli.com\/fr\/wp-json\/wp\/v2\/media\/592220"}],"wp:attachment":[{"href":"https:\/\/lucacastelli.com\/fr\/wp-json\/wp\/v2\/media?parent=606048"}],"wp:term":[{"taxonomy":"product_brand","embeddable":true,"href":"https:\/\/lucacastelli.com\/fr\/wp-json\/wp\/v2\/product_brand?post=606048"},{"taxonomy":"product_cat","embeddable":true,"href":"https:\/\/lucacastelli.com\/fr\/wp-json\/wp\/v2\/product_cat?post=606048"},{"taxonomy":"product_tag","embeddable":true,"href":"https:\/\/lucacastelli.com\/fr\/wp-json\/wp\/v2\/product_tag?post=606048"}],"curies":[{"name":"wp","href":"https:\/\/api.w.org\/{rel}","templated":true}]}}