{"id":606047,"date":"2025-08-10T17:20:54","date_gmt":"2025-08-10T15:20:54","guid":{"rendered":"https:\/\/lucacastelli.com\/prodotto\/milwaukee-niveau-a-bulle-magnetique-avec-profil-en-i-2\/"},"modified":"2025-08-10T17:20:54","modified_gmt":"2025-08-10T15:20:54","slug":"milwaukee-niveau-a-bulle-magnetique-avec-profil-en-i-2","status":"publish","type":"product","link":"https:\/\/lucacastelli.com\/fr\/produit\/milwaukee-niveau-a-bulle-magnetique-avec-profil-en-i-2\/","title":{"rendered":"Milwaukee Niveau \u00e0 bulle magn\u00e9tique avec profil en I"},"content":{"rendered":"<p>NIVEAU MAGN\u00c9TIQUE 120 cm Profil en I<br \/>\nCadre en aluminium renforc\u00e9;Le profil magn\u00e9tique permet une utilisation mains libres lors de travaux sur des surfaces m\u00e9talliques;Pr\u00e9cision 0,029\u00b0( 0,0005&#8243;\/in, 0,5mm\/M) en position standard et invers\u00e9e;Anneaux de lecture sur la fiole avec une pr\u00e9cision de 1 ou 2 degr\u00e9s;Fiole \u00e0 fort contraste pour maximiser la visibilit\u00e9;Embouts en caoutchouc pour absorber les chocs<\/p>\n<p>4932478566<br \/>\n4058546347598<\/p>\n","protected":false},"excerpt":{"rendered":"<p>NIVEAU 120 cm MAGNETIQUE Profil en I<\/p>\n","protected":false},"featured_media":541223,"template":"","meta":{"_seopress_robots_primary_cat":"","_seopress_titles_title":"","_seopress_titles_desc":"","_seopress_robots_index":""},"product_brand":[3407],"product_cat":[29,514,551],"product_tag":[3270],"class_list":{"0":"post-606047","1":"product","2":"type-product","3":"status-publish","4":"has-post-thumbnail","6":"product_brand-milwaukee","7":"product_cat-macchinari","8":"product_cat-altri-dispositivi","9":"product_cat-apparecchi-di-misurazione","10":"product_tag-import-milwau","11":"sws-conto-ricavi-merci-rivendita-macchinari-fr","12":"sws-gruppo-iva-iva81-fr","14":"first","15":"onbackorder","16":"sale","17":"shipping-taxable","18":"purchasable","19":"product-type-simple"},"_links":{"self":[{"href":"https:\/\/lucacastelli.com\/fr\/wp-json\/wp\/v2\/product\/606047","targetHints":{"allow":["GET"]}}],"collection":[{"href":"https:\/\/lucacastelli.com\/fr\/wp-json\/wp\/v2\/product"}],"about":[{"href":"https:\/\/lucacastelli.com\/fr\/wp-json\/wp\/v2\/types\/product"}],"wp:featuredmedia":[{"embeddable":true,"href":"https:\/\/lucacastelli.com\/fr\/wp-json\/wp\/v2\/media\/541223"}],"wp:attachment":[{"href":"https:\/\/lucacastelli.com\/fr\/wp-json\/wp\/v2\/media?parent=606047"}],"wp:term":[{"taxonomy":"product_brand","embeddable":true,"href":"https:\/\/lucacastelli.com\/fr\/wp-json\/wp\/v2\/product_brand?post=606047"},{"taxonomy":"product_cat","embeddable":true,"href":"https:\/\/lucacastelli.com\/fr\/wp-json\/wp\/v2\/product_cat?post=606047"},{"taxonomy":"product_tag","embeddable":true,"href":"https:\/\/lucacastelli.com\/fr\/wp-json\/wp\/v2\/product_tag?post=606047"}],"curies":[{"name":"wp","href":"https:\/\/api.w.org\/{rel}","templated":true}]}}