{"id":606042,"date":"2025-08-10T17:20:55","date_gmt":"2025-08-10T15:20:55","guid":{"rendered":"https:\/\/lucacastelli.com\/prodotto\/milwaukee-niveau-a-bulle-telescopique\/"},"modified":"2025-08-10T17:20:55","modified_gmt":"2025-08-10T15:20:55","slug":"milwaukee-niveau-a-bulle-telescopique","status":"publish","type":"product","link":"https:\/\/lucacastelli.com\/fr\/produit\/milwaukee-niveau-a-bulle-telescopique\/","title":{"rendered":"Milwaukee Niveau \u00e0 bulle t\u00e9lescopique"},"content":{"rendered":"<p>NIVEAU T\u00c9LESCOPIQUE 200 &#8211; 365cm 1pcs<br \/>\nCapable de couvrir n&#8217;importe quelle longueur de 200 cm \u00e0 366 cm;La technologie des fioles SHARPSITE\u2122 permet une visibilit\u00e9 accrue;Les composants internes renforc\u00e9s prot\u00e8gent le niveau \u00e0 bulle des dommages et de l&#8217;usure;La surface de mesure frais\u00e9e garantit la pr\u00e9cision dans toutes les positions de travail ;Pr\u00e9cis \u00e0 0,029\u00b0 (0,0005dogan\/in, 0,5 mm\/m) en position normale et invers\u00e9e;Le syst\u00e8me de fiole \u00e0 contraste \u00e9lev\u00e9 est facile \u00e0 nettoyer et optimise la visibilit\u00e9;Cadre \u00e0 poign\u00e9e compl\u00e8te pour une meilleure ergonomie lors du transport et pendant l&#8217;application;Entretoises amovibles<\/p>\n<p>4932471355<br \/>\n4058546289836.<\/p>\n","protected":false},"excerpt":{"rendered":"<p>NIVEAU T\u00c9LESCOPIQUE 200 &#8211; 365cm 1pc<\/p>\n","protected":false},"featured_media":536402,"template":"","meta":{"_seopress_robots_primary_cat":"","_seopress_titles_title":"","_seopress_titles_desc":"","_seopress_robots_index":""},"product_brand":[3407],"product_cat":[29,514,551],"product_tag":[3270],"class_list":{"0":"post-606042","1":"product","2":"type-product","3":"status-publish","4":"has-post-thumbnail","6":"product_brand-milwaukee","7":"product_cat-macchinari","8":"product_cat-altri-dispositivi","9":"product_cat-apparecchi-di-misurazione","10":"product_tag-import-milwau","11":"sws-conto-ricavi-merci-rivendita-macchinari-fr","12":"sws-gruppo-iva-iva81-fr","14":"first","15":"onbackorder","16":"sale","17":"shipping-taxable","18":"purchasable","19":"product-type-simple"},"_links":{"self":[{"href":"https:\/\/lucacastelli.com\/fr\/wp-json\/wp\/v2\/product\/606042","targetHints":{"allow":["GET"]}}],"collection":[{"href":"https:\/\/lucacastelli.com\/fr\/wp-json\/wp\/v2\/product"}],"about":[{"href":"https:\/\/lucacastelli.com\/fr\/wp-json\/wp\/v2\/types\/product"}],"wp:featuredmedia":[{"embeddable":true,"href":"https:\/\/lucacastelli.com\/fr\/wp-json\/wp\/v2\/media\/536402"}],"wp:attachment":[{"href":"https:\/\/lucacastelli.com\/fr\/wp-json\/wp\/v2\/media?parent=606042"}],"wp:term":[{"taxonomy":"product_brand","embeddable":true,"href":"https:\/\/lucacastelli.com\/fr\/wp-json\/wp\/v2\/product_brand?post=606042"},{"taxonomy":"product_cat","embeddable":true,"href":"https:\/\/lucacastelli.com\/fr\/wp-json\/wp\/v2\/product_cat?post=606042"},{"taxonomy":"product_tag","embeddable":true,"href":"https:\/\/lucacastelli.com\/fr\/wp-json\/wp\/v2\/product_tag?post=606042"}],"curies":[{"name":"wp","href":"https:\/\/api.w.org\/{rel}","templated":true}]}}