{"id":606041,"date":"2025-08-10T17:20:53","date_gmt":"2025-08-10T15:20:53","guid":{"rendered":"https:\/\/lucacastelli.com\/prodotto\/milwaukee-niveau-laser-rotatif-m18-600-m-rayon-horizontal-rouge-avec-one-key\/"},"modified":"2025-08-10T17:20:53","modified_gmt":"2025-08-10T15:20:53","slug":"milwaukee-niveau-laser-rotatif-m18-600-m-rayon-horizontal-rouge-avec-one-key","status":"publish","type":"product","link":"https:\/\/lucacastelli.com\/fr\/produit\/milwaukee-niveau-laser-rotatif-m18-600-m-rayon-horizontal-rouge-avec-one-key\/","title":{"rendered":"Milwaukee Niveau laser rotatif M18 600 m Rayon horizontal rouge avec ONE-KEY\u2122"},"content":{"rendered":"<p>M18 RLOH600-201C \/ LASERS ROTATIFS<br \/>\nLaser rotatif d&#8217;ext\u00e9rieur pour des r\u00e9sultats optimaux en mati\u00e8re de nivellement de sites;Interface simple et intuitive, configuration par un seul bouton;Volets de masquage manuels pour \u00e9viter les interf\u00e9rences laser et la r\u00e9flexion du laser sur les fen\u00eatres;Con\u00e7u pour r\u00e9sister aux conditions de chantier les plus d\u00e9favorables : indice IP66, r\u00e9siste \u00e0 des chutes allant jusqu&#8217;\u00e0 1.5 m\u00e8tres;Mise \u00e0 niveau automatique de \u00b15 degr\u00e9s pour une installation rapide et pr\u00e9cise;Port\u00e9e de 600 m\u00e8tres (diam\u00e8tre) avec le r\u00e9cepteur (RD600), optimis\u00e9e pour une utilisation en ext\u00e9rieur;\u00c9cran du r\u00e9cepteur facile \u00e0 lire, affichage r\u00e9tro\u00e9clair\u00e9 en mm et en pouces \u00e0 l&#8217;arri\u00e8re et \u00e0 l&#8217;avant pour une visibilit\u00e9 claire;Alarme de choc avec sensibilit\u00e9 r\u00e9glable pour avertir l&#8217;utilisateur du mouvement ou de l&#8217;impact du laser ;Plus de 40 heures d&#8217;autonomie avec la batterie M18 2 Ah;Le syst\u00e8me de suivi et de s\u00e9curit\u00e9 ONE-KEY\u2122 offre un suivi et une gestion des stocks gratuits bas\u00e9s sur le cloud, propose \u00e9galement un verrouillage \u00e0 distance et des rapports sur les applications;Fonctionne avec toutes les batteries Milwaukee\u00ae M18.<\/p>\n<p>4933493191<br \/>\n4058546480622<\/p>\n","protected":false},"excerpt":{"rendered":"<p>M18 RLOH600-201C \/ LASERS ROTATIFS<\/p>\n","protected":false},"featured_media":584938,"template":"","meta":{"_seopress_robots_primary_cat":"","_seopress_titles_title":"","_seopress_titles_desc":"","_seopress_robots_index":""},"product_brand":[3407],"product_cat":[29,514,551],"product_tag":[3270],"class_list":{"0":"post-606041","1":"product","2":"type-product","3":"status-publish","4":"has-post-thumbnail","6":"product_brand-milwaukee","7":"product_cat-macchinari","8":"product_cat-altri-dispositivi","9":"product_cat-apparecchi-di-misurazione","10":"product_tag-import-milwau","11":"sws-conto-ricavi-merci-rivendita-macchinari-fr","12":"sws-gruppo-iva-iva81-fr","14":"first","15":"onbackorder","16":"sale","17":"shipping-taxable","18":"purchasable","19":"product-type-simple"},"_links":{"self":[{"href":"https:\/\/lucacastelli.com\/fr\/wp-json\/wp\/v2\/product\/606041","targetHints":{"allow":["GET"]}}],"collection":[{"href":"https:\/\/lucacastelli.com\/fr\/wp-json\/wp\/v2\/product"}],"about":[{"href":"https:\/\/lucacastelli.com\/fr\/wp-json\/wp\/v2\/types\/product"}],"wp:featuredmedia":[{"embeddable":true,"href":"https:\/\/lucacastelli.com\/fr\/wp-json\/wp\/v2\/media\/584938"}],"wp:attachment":[{"href":"https:\/\/lucacastelli.com\/fr\/wp-json\/wp\/v2\/media?parent=606041"}],"wp:term":[{"taxonomy":"product_brand","embeddable":true,"href":"https:\/\/lucacastelli.com\/fr\/wp-json\/wp\/v2\/product_brand?post=606041"},{"taxonomy":"product_cat","embeddable":true,"href":"https:\/\/lucacastelli.com\/fr\/wp-json\/wp\/v2\/product_cat?post=606041"},{"taxonomy":"product_tag","embeddable":true,"href":"https:\/\/lucacastelli.com\/fr\/wp-json\/wp\/v2\/product_tag?post=606041"}],"curies":[{"name":"wp","href":"https:\/\/api.w.org\/{rel}","templated":true}]}}