{"id":606038,"date":"2025-08-10T17:17:47","date_gmt":"2025-08-10T15:17:47","guid":{"rendered":"https:\/\/lucacastelli.com\/prodotto\/milwaukee-m18fpp6h3-502b-kit-6-outils-avv-1-2q\/"},"modified":"2025-11-28T11:30:39","modified_gmt":"2025-11-28T10:30:39","slug":"milwaukee-m18fpp6h3-502b-kit-6-outils-avv-1-2q","status":"publish","type":"product","link":"https:\/\/lucacastelli.com\/fr\/produit\/milwaukee-m18fpp6h3-502b-kit-6-outils-avv-1-2q\/","title":{"rendered":"MILWAUKEE M18FPP6H3-502B \/KIT 6 OUTILS AVV 1\/2Q"},"content":{"rendered":"<p>M18FPP6H3-502B \/KIT 6 AVV 1\/2Q TOOLS<br \/>\nM18FPD3-0X Marteau perforateur sans fil;Mandrin tout m\u00e9tal de 13 mm avec dents en carbure pour une durabilit\u00e9 maximale et une bonne tenue de la m\u00e8che;Performances in\u00e9gal\u00e9es et autonomie maximale avec les batteries M18 5,0 Ah;Clip de ceinture tout m\u00e9tal;Voyants LED \u00e0 l&#8217;avant pour \u00e9clairer la zone de travail;Seulement 175 mm de long. Permet d&#8217;acc\u00e9der aux espaces les plus \u00e9troits;Le moteur sans balais POWERSTATE\u2122 d\u00e9livre un couple maximal pour accomplir le travail;Gr\u00e2ce \u00e0 la fonction AUTOSTOP\u2122, la perceuse prot\u00e8ge l&#8217;op\u00e9rateur d&#8217;une rotation excessive de la branche. En effet, la M18 FPD3 s&#8217;arr\u00eate automatiquement, prot\u00e9geant ainsi l&#8217;utilisateur et signalant l&#8217;activation de la fonction AUTOSTOP\u2122 par l&#8217;allumage d&#8217;un voyant lumineux situ\u00e9 sous la perceuse;L&#8217;embrayage m\u00e9canique permet d&#8217;utiliser une large gamme de tailles et de types de vis ;Le mode ZollPercussion doit \u00eatre activ\u00e9 pour le per\u00e7age dans les murs, les briques et le b\u00e9ton;Couple de 158 Nm;Fonctionne avec toutes les batteries Milwaukee M18;Visseuse \u00e0 percussion sans fil M18FIW2F12-0X;D\u00e9livre jusqu&#8217;\u00e0 339 Nm avec une efficacit\u00e9 maximale;Extr\u00eamement compacte. 124 mm de longueur totale, pour les applications dans les espaces restreints;Syst\u00e8me DRIVE CONTROL \u00e0 4 modes qui te permet de choisir parmi quatre r\u00e9glages de vitesse et de couple diff\u00e9rents, pour une flexibilit\u00e9 maximale dans les diff\u00e9rentes applications;Mode Bolt Removal pour plus de contr\u00f4le lors du d\u00e9vissage : Diminution du nombre de tours\/minute une fois le boulon desserr\u00e9 pour \u00e9viter qu&#8217;il ne tombe;Mode d&#8217;arr\u00eat automatique pour \u00e9viter le serrage avec un couple excessif : a appliqu\u00e9 un couple de 34 Nm maximum pour des applications optimis\u00e9es;\u00c9clairage tri-LED pour \u00e9clairer la zone de travail;Anneau de friction 1\/2 carr\u00e9;Crochet de ceinture enti\u00e8rement m\u00e9tallique;La technologie FUEL red\u00e9finit l&#8217;outillage \u00e9lectrique sans fil. Le moteur sans balais, l&#8217;\u00e9lectronique REDLINK PLUS\u2122 et la batterie REDLITHIUM\u2122 offrent des performances et une durabilit\u00e9 sup\u00e9rieures;Fonctionne avec toutes les batteries M18\u2122MILWAUKEEE\u00ae;M18FCS552-0X Scie circulaire sans fil;La scie circulaire M18 FUEL g\u00e9n\u00e8re la m\u00eame puissance qu&#8217;une machine filaire avec les m\u00eames caract\u00e9ristiques. Coupe jusqu&#8217;\u00e0 200 pi\u00e8ces de pin de 90 x 45 mm avec une puissance de 3.0 Ah HIGH OUTPUT\u2122 battery pack;Le support en magn\u00e9sium r\u00e9duit le poids et maximise la r\u00e9sistance;Crochet de support en m\u00e9tal;Utilise des lames de 165 mm avec une profondeur de coupe de 57 mm te permettant de couper trois pi\u00e8ces de contreplaqu\u00e9 de 3&#215;18 mm, l&#8217;une sur l&#8217;autre ;Fournie avec l&#8217;adaptateur DEK26 pour pouvoir la raccorder aux aspirateurs de la gamme Milwaukee;LED int\u00e9gr\u00e9e pour \u00e9clairer le plan de travail;Un jet d&#8217;air permet de garder la surface de coupe propre;Coupe \u00e0 des angles allant jusqu&#8217;\u00e0 50 degr\u00e9s;La technologie FUEL red\u00e9finit les outils \u00e9lectriques sans fil. Le moteur sans balais, l&#8217;\u00e9lectronique REDLINK PLUS\u2122 et le bloc-batterie REDLITHIUM\u2122 offrent des performances et une durabilit\u00e9 sup\u00e9rieures;Fonctionne avec toutes les batteries M18 Milwaukee;Scie droite sans fil M18FSZ-0X;Moteur POWERSTATE\u2122 sans balais pour une dur\u00e9e de vie 5 fois plus longue et des coupes jusqu&#8217;\u00e0 30 % plus rapides;Embrayage de protection brevet\u00e9 &#8211; augmente la dur\u00e9e de vie de l&#8217;engrenage en absorbant les blocages soudains de la lame ;La pince \u00e0 lame FIXTEC\u2122 permet un changement de lame rapide et facile;Protection m\u00e9tallique de la connexion \u00e0 la batterie pour une durabilit\u00e9 et une dur\u00e9e de vie accrues;Lumi\u00e8re LED pour \u00e9clairer la zone de travail;Sabot pivotant pour une utilisation optimale pendant la coupe;Indicateur de l&#8217;\u00e9tat de charge de la batterie;Crochet durable pour ranger ou suspendre l&#8217;outil pour des raisons d&#8217;espace ou de s\u00e9curit\u00e9;La technologie FUEL red\u00e9finit les outils \u00e9lectriques sans fil.     Le moteur sans balais, l&#8217;\u00e9lectronique REDLINK PLUS\u2122 et le bloc-batterie REDLITHIUM\u2122 offrent des performances et une durabilit\u00e9 sup\u00e9rieures;Fonctionne avec toutes les batteries M18;Meuleuse d&#8217;angle sans fil M18FSAG125X-0X;D\u00e9livre une puissance de 1.200 W;Taille de t\u00eate r\u00e9duite et bo\u00eetier de batterie optimis\u00e9 : maniabilit\u00e9 maximale;Poign\u00e9e lat\u00e9rale anti-vibrations AVS;Syst\u00e8me FIXTEC\u2122 pour un changement de disque sans outil;Poign\u00e9e ergonomique;Pare-poussi\u00e8re amovible, pour prot\u00e9ger le moteur des poussi\u00e8res abrasives;Capot \u00e0 d\u00e9gagement rapide : capacit\u00e9 de coupe maximale et ajustement rapide;Protection contre le red\u00e9marrage accidentel;La technologie FUEL red\u00e9finit l&#8217;outillage \u00e9lectrique sans fil. Le moteur sans balais, l&#8217;\u00e9lectronique REDLINK PLUS\u2122 et la batterie REDLITHIUM\u2122 offrent des performances et une durabilit\u00e9 sup\u00e9rieures;Fonctionne avec toutes les batteries M18;Torche sans fil M18TLED-0;Lumi\u00e8re LED de 120 lumens &#8211; 2X plus brillante que les lampes \u00e0 incandescence;Autonomie 2X plus longue gr\u00e2ce aux LED \u00e9lectroniques;T\u00eate en aluminium pour une plus grande r\u00e9sistance aux chocs;T\u00eate rotative \u00e0 135\u00b0;Crochet int\u00e9gr\u00e9;Plateforme fonctionnant sur batterie 18V : fonctionne avec toutes les batteries Milwaukee M18. <\/p>\n<p>4933498659<br \/>\n4058546525286<\/p>\n","protected":false},"excerpt":{"rendered":"<p>M18FPP6H3-502B \/KIT 6 OUTILS TOURNEVIS 1\/2Q<\/p>\n","protected":false},"featured_media":597358,"template":"","meta":{"_seopress_robots_primary_cat":"","_seopress_titles_title":"","_seopress_titles_desc":"","_seopress_robots_index":""},"product_brand":[3407],"product_cat":[5531,29],"product_tag":[3270],"class_list":{"0":"post-606038","1":"product","2":"type-product","3":"status-publish","4":"has-post-thumbnail","6":"product_brand-milwaukee","7":"product_cat-vari-macchinari-milwaukee","8":"product_cat-macchinari","9":"product_tag-import-milwau","10":"sws-conto-ricavi-merci-rivendita-macchinari-fr","11":"sws-gruppo-iva-iva81-fr","13":"first","14":"onbackorder","15":"sale","16":"shipping-taxable","17":"purchasable","18":"product-type-simple"},"_links":{"self":[{"href":"https:\/\/lucacastelli.com\/fr\/wp-json\/wp\/v2\/product\/606038","targetHints":{"allow":["GET"]}}],"collection":[{"href":"https:\/\/lucacastelli.com\/fr\/wp-json\/wp\/v2\/product"}],"about":[{"href":"https:\/\/lucacastelli.com\/fr\/wp-json\/wp\/v2\/types\/product"}],"wp:featuredmedia":[{"embeddable":true,"href":"https:\/\/lucacastelli.com\/fr\/wp-json\/wp\/v2\/media\/597358"}],"wp:attachment":[{"href":"https:\/\/lucacastelli.com\/fr\/wp-json\/wp\/v2\/media?parent=606038"}],"wp:term":[{"taxonomy":"product_brand","embeddable":true,"href":"https:\/\/lucacastelli.com\/fr\/wp-json\/wp\/v2\/product_brand?post=606038"},{"taxonomy":"product_cat","embeddable":true,"href":"https:\/\/lucacastelli.com\/fr\/wp-json\/wp\/v2\/product_cat?post=606038"},{"taxonomy":"product_tag","embeddable":true,"href":"https:\/\/lucacastelli.com\/fr\/wp-json\/wp\/v2\/product_tag?post=606038"}],"curies":[{"name":"wp","href":"https:\/\/api.w.org\/{rel}","templated":true}]}}