{"id":606032,"date":"2025-08-10T17:17:46","date_gmt":"2025-08-10T15:17:46","guid":{"rendered":"https:\/\/lucacastelli.com\/prodotto\/milwaukee-m18fpp6g3-502b-kit-6-outils-tournevis-hexagonaux\/"},"modified":"2025-10-11T21:09:37","modified_gmt":"2025-10-11T19:09:37","slug":"milwaukee-m18fpp6g3-502b-kit-6-outils-tournevis-hexagonaux","status":"publish","type":"product","link":"https:\/\/lucacastelli.com\/fr\/produit\/milwaukee-m18fpp6g3-502b-kit-6-outils-tournevis-hexagonaux\/","title":{"rendered":"MILWAUKEE M18FPP6G3-502B \/KIT 6 OUTILS TOURNEVIS HEXAGONAUX"},"content":{"rendered":"<p>M18FPP6G3-502B \/KIT 6 HEX AVV TOOLS<br \/>\nM18FPD3-0X Marteau perforateur sans fil;Mandrin tout m\u00e9tal de 13 mm avec dents en carbure pour une durabilit\u00e9 maximale et une bonne tenue de la m\u00e8che;Performances in\u00e9gal\u00e9es et autonomie maximale avec les batteries M18 5,0 Ah;Clip de ceinture tout m\u00e9tal;Voyants LED \u00e0 l&#8217;avant pour \u00e9clairer la zone de travail;Seulement 175 mm de long. Permet d&#8217;acc\u00e9der aux espaces les plus \u00e9troits;Le moteur sans balais POWERSTATE\u2122 d\u00e9livre un couple maximal pour accomplir le travail;Gr\u00e2ce \u00e0 la fonction AUTOSTOP\u2122, la perceuse prot\u00e8ge l&#8217;op\u00e9rateur d&#8217;une rotation excessive de la branche. En effet, la M18 FPD3 s&#8217;arr\u00eate automatiquement, prot\u00e9geant ainsi l&#8217;utilisateur et signalant l&#8217;activation de la fonction AUTOSTOP\u2122 par l&#8217;allumage d&#8217;un voyant lumineux situ\u00e9 sous la perceuse;L&#8217;embrayage m\u00e9canique permet d&#8217;utiliser une large gamme de tailles et de types de vis;Le mode ZollPercussion doit \u00eatre activ\u00e9 pour percer dans les murs, les briques et le b\u00e9ton;158 Nm de couple;Fonctionne avec toutes les batteries M18\u2122 MILWAUKEE ;;M18FID3-0X Cl\u00e9 \u00e0 chocs sans fil;226 Nm de couple;Insertion de l&#8217;embout d&#8217;une seule main;Crochet de ceinture enti\u00e8rement m\u00e9tallique;La plus puissante;Fonction d&#8217;acc\u00e9l\u00e9ration contr\u00f4l\u00e9e (Ultimate Trigger Control);Vitesse, puissance et contr\u00f4le sans compromis sur le chantier;Trois lampes LED \u00e0 l&#8217;avant \u00e9clairent parfaitement la zone de travail;Contr\u00f4le ZollDrive \u00e0 4 vitesses;3900 tr\/min;1.Poids de 0 kg;Compatible avec toutes les batteries et tous les chargeurs M18;M18FCS552-0X Scie circulaire sans fil;La scie circulaire M18 FUEL g\u00e9n\u00e8re la m\u00eame puissance qu&#8217;une machine filaire avec les m\u00eames caract\u00e9ristiques. Coupe jusqu&#8217;\u00e0 200 pi\u00e8ces de pin de 90 x 45 mm avec une puissance de 3.0 Ah HIGH OUTPUT\u2122 battery pack;Le support en magn\u00e9sium r\u00e9duit le poids et maximise la r\u00e9sistance;Crochet de support en m\u00e9tal;Utilise des lames de 165 mm avec une profondeur de coupe de 57 mm te permettant de couper trois pi\u00e8ces de contreplaqu\u00e9 de 3&#215;18 mm, l&#8217;une sur l&#8217;autre ;Fournie avec l&#8217;adaptateur DEK26 pour pouvoir la raccorder aux aspirateurs de la gamme Milwaukee;LED int\u00e9gr\u00e9e pour \u00e9clairer le plan de travail;Un jet d&#8217;air permet de garder la surface de coupe propre;Coupe \u00e0 des angles allant jusqu&#8217;\u00e0 50 degr\u00e9s;La technologie FUEL red\u00e9finit les outils \u00e9lectriques sans fil. Le moteur sans balais, l&#8217;\u00e9lectronique REDLINK PLUS\u2122 et le bloc-batterie REDLITHIUM\u2122 offrent des performances et une durabilit\u00e9 sup\u00e9rieures;Fonctionne avec toutes les batteries M18 Milwaukee;Scie droite sans fil M18FSZ-0X;Moteur POWERSTATE\u2122 sans balais pour une dur\u00e9e de vie 5 fois plus longue et des coupes jusqu&#8217;\u00e0 30 % plus rapides;Embrayage de protection brevet\u00e9 &#8211; augmente la dur\u00e9e de vie de l&#8217;engrenage en absorbant les blocages soudains de la lame ;La pince \u00e0 lame FIXTEC\u2122 permet un changement de lame rapide et facile;Protection m\u00e9tallique de la connexion \u00e0 la batterie pour une durabilit\u00e9 et une dur\u00e9e de vie accrues;Lumi\u00e8re LED pour \u00e9clairer la zone de travail;Sabot pivotant pour une utilisation optimale pendant la coupe;Indicateur de l&#8217;\u00e9tat de charge de la batterie;Crochet durable pour ranger ou suspendre l&#8217;outil pour des raisons d&#8217;espace ou de s\u00e9curit\u00e9;La technologie FUEL red\u00e9finit les outils \u00e9lectriques sans fil.    Le moteur sans balais, l&#8217;\u00e9lectronique REDLINK PLUS\u2122 et le bloc-batterie REDLITHIUM\u2122 offrent des performances et une durabilit\u00e9 sup\u00e9rieures;Fonctionne avec toutes les batteries M18;M18FSAG125X-0X Meuleuse d&#8217;angle sans fil avec frein;D\u00e9livrant une puissance de 1.200 W;Taille de t\u00eate r\u00e9duite et bo\u00eetier de batterie optimis\u00e9 : maniabilit\u00e9 maximale;Poign\u00e9e lat\u00e9rale anti-vibrations AVS;Syst\u00e8me FIXTEC\u2122 pour un changement de disque sans outil;Poign\u00e9e ergonomique;Pare-poussi\u00e8re amovible, pour prot\u00e9ger le moteur des poussi\u00e8res abrasives;Capot \u00e0 d\u00e9gagement rapide : capacit\u00e9 de coupe maximale et r\u00e9glage rapide;Protection contre le red\u00e9marrage accidentel;La technologie FUEL red\u00e9finit l&#8217;outillage \u00e9lectrique sans fil. Le moteur sans balais, l&#8217;\u00e9lectronique REDLINK PLUS\u2122 et la batterie REDLITHIUM\u2122 offrent des performances et une durabilit\u00e9 sup\u00e9rieures;Fonctionne avec toutes les batteries M18;Torche sans fil M18TLED-0;Lumi\u00e8re LED de 120 lumens &#8211; 2X plus brillante que les lampes \u00e0 incandescence;Autonomie 2X plus longue gr\u00e2ce aux LED \u00e9lectroniques;T\u00eate en aluminium pour une plus grande r\u00e9sistance aux chocs;T\u00eate rotative \u00e0 135\u00b0;Crochet int\u00e9gr\u00e9;Plateforme fonctionnant sur batterie 18V : fonctionne avec toutes les batteries Milwaukee M18. <\/p>\n<p>4933498658<br \/>\n4058546525279<\/p>\n","protected":false},"excerpt":{"rendered":"<p>M18FPP6G3-502B \/KIT 6 OUTILS TOURNEVIS HEXAGONAL<\/p>\n","protected":false},"featured_media":600739,"template":"","meta":{"_seopress_robots_primary_cat":"","_seopress_titles_title":"","_seopress_titles_desc":"","_seopress_robots_index":""},"product_brand":[3407],"product_cat":[5531,29],"product_tag":[3270],"class_list":{"0":"post-606032","1":"product","2":"type-product","3":"status-publish","4":"has-post-thumbnail","6":"product_brand-milwaukee","7":"product_cat-vari-macchinari-milwaukee","8":"product_cat-macchinari","9":"product_tag-import-milwau","10":"sws-conto-ricavi-merci-rivendita-macchinari-fr","11":"sws-gruppo-iva-iva81-fr","13":"first","14":"onbackorder","15":"sale","16":"shipping-taxable","17":"purchasable","18":"product-type-simple"},"_links":{"self":[{"href":"https:\/\/lucacastelli.com\/fr\/wp-json\/wp\/v2\/product\/606032","targetHints":{"allow":["GET"]}}],"collection":[{"href":"https:\/\/lucacastelli.com\/fr\/wp-json\/wp\/v2\/product"}],"about":[{"href":"https:\/\/lucacastelli.com\/fr\/wp-json\/wp\/v2\/types\/product"}],"wp:featuredmedia":[{"embeddable":true,"href":"https:\/\/lucacastelli.com\/fr\/wp-json\/wp\/v2\/media\/600739"}],"wp:attachment":[{"href":"https:\/\/lucacastelli.com\/fr\/wp-json\/wp\/v2\/media?parent=606032"}],"wp:term":[{"taxonomy":"product_brand","embeddable":true,"href":"https:\/\/lucacastelli.com\/fr\/wp-json\/wp\/v2\/product_brand?post=606032"},{"taxonomy":"product_cat","embeddable":true,"href":"https:\/\/lucacastelli.com\/fr\/wp-json\/wp\/v2\/product_cat?post=606032"},{"taxonomy":"product_tag","embeddable":true,"href":"https:\/\/lucacastelli.com\/fr\/wp-json\/wp\/v2\/product_tag?post=606032"}],"curies":[{"name":"wp","href":"https:\/\/api.w.org\/{rel}","templated":true}]}}