{"id":606021,"date":"2025-08-10T17:17:44","date_gmt":"2025-08-10T15:17:44","guid":{"rendered":"https:\/\/lucacastelli.com\/prodotto\/milwaukee-m12fid2mc-202x\/"},"modified":"2025-08-10T17:17:44","modified_gmt":"2025-08-10T15:17:44","slug":"milwaukee-m12fid2mc-202x","status":"publish","type":"product","link":"https:\/\/lucacastelli.com\/fr\/produit\/milwaukee-m12fid2mc-202x\/","title":{"rendered":"MILWAUKEE M12FID2MC-202X"},"content":{"rendered":"<p>M12FID2MC-202X<br \/>\nM12FID2 Visseuse \u00e0 chocs sans fil compacte;Sa taille compacte de seulement 127 mm la rend id\u00e9ale pour travailler dans les espaces restreints;Couple de 170 Nm;Vitesse \u00e9lev\u00e9e : 3600 tr\/min et 4000 coups\/min;Les trois LED \u00e0 l&#8217;avant \u00e9clairent la zone de travail;La fonction DRIVE CONTROL permet \u00e0 l&#8217;utilisateur de s\u00e9lectionner trois r\u00e9glages de vitesse et de couple diff\u00e9rents, ainsi que le mode autotaraudeur;Douille hexagonale 1\/4dogan pour un changement rapide des embouts;L&#8217;ADN de notre plateforme FUEL red\u00e9finit la technologie sans fil. Le moteur sans balai POWERSTATE\u2122, les batteries REDLITHIUM\u2122 et l&#8217;\u00e9lectronique intelligente REDLINK PLUS\u2122 offrent une puissance, une autonomie et une durabilit\u00e9 in\u00e9gal\u00e9es;Compatible avec toutes les batteries Milwaukee\u00ae M12\u2122. <\/p>\n<p>4933499462<br \/>\n4058546566265<\/p>\n","protected":false},"excerpt":{"rendered":"<p>M12FID2MC-202X<\/p>\n","protected":false},"featured_media":600775,"template":"","meta":{"_seopress_robots_primary_cat":"","_seopress_titles_title":"","_seopress_titles_desc":"","_seopress_robots_index":""},"product_brand":[3407],"product_cat":[5531,29],"product_tag":[3270],"class_list":{"0":"post-606021","1":"product","2":"type-product","3":"status-publish","4":"has-post-thumbnail","6":"product_brand-milwaukee","7":"product_cat-vari-macchinari-milwaukee","8":"product_cat-macchinari","9":"product_tag-import-milwau","10":"sws-conto-ricavi-merci-rivendita-macchinari-fr","11":"sws-gruppo-iva-iva81-fr","13":"first","14":"onbackorder","15":"sale","16":"shipping-taxable","17":"purchasable","18":"product-type-simple"},"_links":{"self":[{"href":"https:\/\/lucacastelli.com\/fr\/wp-json\/wp\/v2\/product\/606021","targetHints":{"allow":["GET"]}}],"collection":[{"href":"https:\/\/lucacastelli.com\/fr\/wp-json\/wp\/v2\/product"}],"about":[{"href":"https:\/\/lucacastelli.com\/fr\/wp-json\/wp\/v2\/types\/product"}],"wp:featuredmedia":[{"embeddable":true,"href":"https:\/\/lucacastelli.com\/fr\/wp-json\/wp\/v2\/media\/600775"}],"wp:attachment":[{"href":"https:\/\/lucacastelli.com\/fr\/wp-json\/wp\/v2\/media?parent=606021"}],"wp:term":[{"taxonomy":"product_brand","embeddable":true,"href":"https:\/\/lucacastelli.com\/fr\/wp-json\/wp\/v2\/product_brand?post=606021"},{"taxonomy":"product_cat","embeddable":true,"href":"https:\/\/lucacastelli.com\/fr\/wp-json\/wp\/v2\/product_cat?post=606021"},{"taxonomy":"product_tag","embeddable":true,"href":"https:\/\/lucacastelli.com\/fr\/wp-json\/wp\/v2\/product_tag?post=606021"}],"curies":[{"name":"wp","href":"https:\/\/api.w.org\/{rel}","templated":true}]}}