{"id":606019,"date":"2025-08-10T17:17:41","date_gmt":"2025-08-10T15:17:41","guid":{"rendered":"https:\/\/lucacastelli.com\/prodotto\/milwaukee-m18-blcpp5a-502b-kit-bois-5-outils\/"},"modified":"2025-08-10T17:17:41","modified_gmt":"2025-08-10T15:17:41","slug":"milwaukee-m18-blcpp5a-502b-kit-bois-5-outils","status":"publish","type":"product","link":"https:\/\/lucacastelli.com\/fr\/produit\/milwaukee-m18-blcpp5a-502b-kit-bois-5-outils\/","title":{"rendered":"MILWAUKEE M18 BLCPP5A-502B \/ KIT BOIS 5 OUTILS"},"content":{"rendered":"<p>M18 BLCPP5A-502B \/ KIT BOIS 5 OUTILS<br \/>\nM18BLDDRC-0X Perceuse-visseuse sans balais;Ne mesure que 145 mm, parfaite pour acc\u00e9der aux espaces les plus \u00e9troits;Le mandrin m\u00e9tallique de 13 mm garantit une parfaite prise en main de l&#8217;embout;Avec un couple de 60.5 Nm, elle pr\u00e9sente le meilleur rapport puissance\/taille;Le crochet de ceinture est en m\u00e9tal et est enti\u00e8rement r\u00e9versible;Indicateur d&#8217;\u00e9tat de charge de la batterie et lumi\u00e8re LED pour \u00e9clairer la zone d&#8217;application;Le moteur sans balais, l&#8217;\u00e9lectronique REDLINK PLUS\u2122 et le bloc-batterie REDLITHIUM\u2122 offrent des performances et une durabilit\u00e9 sup\u00e9rieures ;Fonctionne avec toutes les batteries MILWAUKE\u00ae M18;Vitesse optimis\u00e9e pour le per\u00e7age (0-550 \/ 0-1700 tr\/min);;M18BLIDRC-0 Visseuse \u00e0 percussion sans balais;Avec seulement 112 mm de long, elle permet d&#8217;acc\u00e9der aux espaces les plus \u00e9troits;Le puissant moteur sans balais d\u00e9livre un couple de 190 Nm \u00e0 3600 tr\/min et 4900 coups par minute ;L&#8217;insertion de la plaquette peut se faire d&#8217;une seule main, ce qui rend le travail plus rapide et plus pratique;Les engrenages et le bo\u00eetier sont enti\u00e8rement en m\u00e9tal, ce qui garantit performance et durabilit\u00e9;Indicateur d&#8217;\u00e9tat de charge de la batterie et lumi\u00e8re LED pour \u00e9clairer la zone d&#8217;application;\u00c9quip\u00e9e d&#8217;un crochet de ceinture m\u00e9tallique r\u00e9versible ;Le moteur sans balais, l&#8217;\u00e9lectronique REDLINK PLUS\u2122 et la batterie REDLITHIUM\u2122 offrent des performances et une durabilit\u00e9 sup\u00e9rieures;Fonctionne avec toutes les batteries M18 MILWAUKEEE\u00ae;;M18FCS552-0X Scie circulaire sans fil;La scie circulaire M18 FUEL g\u00e9n\u00e8re la m\u00eame puissance qu&#8217;une machine filaire avec les m\u00eames caract\u00e9ristiques. Coupe jusqu&#8217;\u00e0 200 pi\u00e8ces de pin de 90 x 45 mm avec une puissance de 3.0 Ah HIGH OUTPUT\u2122 battery pack;Le support en magn\u00e9sium r\u00e9duit le poids et maximise la r\u00e9sistance;Crochet de support en m\u00e9tal;Utilise des lames de 165 mm avec une profondeur de coupe de 57 mm te permettant de couper trois pi\u00e8ces de contreplaqu\u00e9 de 3&#215;18 mm, l&#8217;une sur l&#8217;autre ;Fournie avec l&#8217;adaptateur DEK26 pour pouvoir la raccorder aux aspirateurs de la gamme Milwaukee;LED int\u00e9gr\u00e9e pour \u00e9clairer le plan de travail;Un jet d&#8217;air permet de garder la surface de coupe propre;Coupe \u00e0 des angles allant jusqu&#8217;\u00e0 50 degr\u00e9s;La technologie FUEL red\u00e9finit les outils \u00e9lectriques sans fil. Le moteur sans balais, l&#8217;\u00e9lectronique REDLINK PLUS\u2122 et le bloc-batterie REDLITHIUM\u2122 offrent des performances et une durabilit\u00e9 sup\u00e9rieures;Fonctionne avec toutes les batteries M18 MILWAUKEEE\u00ae;Outil multifonction sans fil M18FMT-0X;Moteur POWERSTATE\u2122 sans balais, angle d&#8217;oscillation de 2,1\u00b0 (droite\/gauche) et 10 000-20.000 orbites\/min pour une des vitesses de coupe les plus \u00e9lev\u00e9es parmi les outils du march\u00e9;Solution id\u00e9ale et polyvalente pour les applications d&#8217;enl\u00e8vement et de coupe;10 r\u00e9glages de vitesse pour une adaptation facile au type d&#8217;application.Syst\u00e8me de changement d&#8217;accessoires FIXTEC\u2122 sans outil avec adaptateur universel inclus pour le rendre compatible avec la plupart des accessoires du march\u00e9;Lumi\u00e8re LED \u00e0 180\u00b0 pour \u00e9clairer la zone de travail;Livr\u00e9 avec 1 lame \u00e0 bois OPEN-LOK universelle, 1 tampon de support, 5 feuilles abrasives (1&#215;60, 1&#215;80, 2&#215;120, 1&#215;240);La technologie FUEL red\u00e9finit l&#8217;outillage \u00e9lectroportatif sans fil.   Le moteur sans balais, l&#8217;\u00e9lectronique REDLINK PLUS\u2122 et le bloc-batterie REDLITHIUM\u2122 offrent des performances et une durabilit\u00e9 sup\u00e9rieures;Fonctionne avec toutes les batteries Milwaukee M18\u2122;Scie sauteuse sans fil M18FJS-0X;Le moteur sans balais Milwaukee POWERSTATE\u2122 assure des coupes rapides, une plus grande long\u00e9vit\u00e9 et une port\u00e9e de coupe allant jusqu&#8217;\u00e0 32 m sur du contreplaqu\u00e9 de 19 mm d&#8217;\u00e9paisseur (avec un bloc-batterie de 5.0 Ah);L&#8217;\u00e9lectronique intelligente REDLINK PLUS\u2122 offre une protection num\u00e9rique avanc\u00e9e contre les surcharges pour les outils et les batteries, et am\u00e9liore consid\u00e9rablement les performances de l&#8217;outil sous charge;Le bloc-batterie REDLITHIUM\u2122 offre une construction de bloc-batterie sup\u00e9rieure, une \u00e9lectronique et des performances constantes pour offrir plus d&#8217;autonomie et plus de travail pendant toute la dur\u00e9e de vie de la batterie ;Syst\u00e8me FIXTEC brevet\u00e9 par Milwaukee pour un remplacement facile de la lame;R\u00e9glage de l&#8217;angle de coupe de 0 \u00e0 45\u00b0;5 r\u00e9glages diff\u00e9rents du mouvement pendulaire;Adaptateur (inclus) pour fixation avec un aspirateur externe;Lumi\u00e8re LED pour \u00e9clairer la zone de travail;Base de sabot souple et amovible pour \u00e9viter les marques et les rayures lors de la coupe dans des mat\u00e9riaux souples;Fonctionne avec toutes les batteries Milwaukee M18.  <\/p>\n<p>4933492838<br \/>\n4058546477097<\/p>\n","protected":false},"excerpt":{"rendered":"<p>M18 BLCPP5A-502B \/ KIT BOIS 5 OUTILS<\/p>\n","protected":false},"featured_media":584487,"template":"","meta":{"_seopress_robots_primary_cat":"","_seopress_titles_title":"","_seopress_titles_desc":"","_seopress_robots_index":""},"product_brand":[3407],"product_cat":[5531,29],"product_tag":[3270],"class_list":{"0":"post-606019","1":"product","2":"type-product","3":"status-publish","4":"has-post-thumbnail","6":"product_brand-milwaukee","7":"product_cat-vari-macchinari-milwaukee","8":"product_cat-macchinari","9":"product_tag-import-milwau","10":"sws-conto-ricavi-merci-rivendita-macchinari-fr","11":"sws-gruppo-iva-iva81-fr","13":"first","14":"onbackorder","15":"sale","16":"shipping-taxable","17":"purchasable","18":"product-type-simple"},"_links":{"self":[{"href":"https:\/\/lucacastelli.com\/fr\/wp-json\/wp\/v2\/product\/606019","targetHints":{"allow":["GET"]}}],"collection":[{"href":"https:\/\/lucacastelli.com\/fr\/wp-json\/wp\/v2\/product"}],"about":[{"href":"https:\/\/lucacastelli.com\/fr\/wp-json\/wp\/v2\/types\/product"}],"wp:featuredmedia":[{"embeddable":true,"href":"https:\/\/lucacastelli.com\/fr\/wp-json\/wp\/v2\/media\/584487"}],"wp:attachment":[{"href":"https:\/\/lucacastelli.com\/fr\/wp-json\/wp\/v2\/media?parent=606019"}],"wp:term":[{"taxonomy":"product_brand","embeddable":true,"href":"https:\/\/lucacastelli.com\/fr\/wp-json\/wp\/v2\/product_brand?post=606019"},{"taxonomy":"product_cat","embeddable":true,"href":"https:\/\/lucacastelli.com\/fr\/wp-json\/wp\/v2\/product_cat?post=606019"},{"taxonomy":"product_tag","embeddable":true,"href":"https:\/\/lucacastelli.com\/fr\/wp-json\/wp\/v2\/product_tag?post=606019"}],"curies":[{"name":"wp","href":"https:\/\/api.w.org\/{rel}","templated":true}]}}