{"id":606016,"date":"2025-08-10T17:17:39","date_gmt":"2025-08-10T15:17:39","guid":{"rendered":"https:\/\/lucacastelli.com\/prodotto\/milwaukee-m18blhxmc-502x-psa\/"},"modified":"2025-08-10T17:17:39","modified_gmt":"2025-08-10T15:17:39","slug":"milwaukee-m18blhxmc-502x-psa","status":"publish","type":"product","link":"https:\/\/lucacastelli.com\/fr\/produit\/milwaukee-m18blhxmc-502x-psa\/","title":{"rendered":"MILWAUKEE M18BLHXMC-502X + PSA"},"content":{"rendered":"<p>M18BLHXMC-502X + PSA<br \/>\nMarteau combin\u00e9 sans fil M18BLHX;M\u00e9canisme de marteau puissant et moteur sans balais offrant une puissance de 2,3 J;Conception compacte et ergonomique pour un confort d&#8217;utilisation maximal;Syst\u00e8me FIXTEC\u2122 pour le changement de mandrin sans cl\u00e9 (SDS-Plus et mandrin m\u00e9tallique de 13 mm);Bo\u00eete de vitesses en m\u00e9tal pour une r\u00e9sistance maximale;4 modes de fonctionnement. rotopercussion, burinage, rotation et position neutre pour l&#8217;orientation du burin;Poign\u00e9e lat\u00e9rale anti-vibration;Compatible avec l&#8217;unit\u00e9 d&#8217;aspiration M18 CDEX;Le moteur sans balais, l&#8217;\u00e9lectronique REDLINK PLUS\u2122 et la batterie REDLITHIUM\u2122 offrent des performances et une durabilit\u00e9 sup\u00e9rieures ;Fonctionne avec toutes les batteries Milwaukee M18;Lunettes de protection transparentes anti-rayures et anti-bu\u00e9e;L\u00e9g\u00e8res, pour un plus grand confort d&#8217;utilisation;Lentilles anti-rayures;Lentilles anti-bu\u00e9e;Bras lat\u00e9raux confortables et flexibles pour un plus grand confort;Certification europ\u00e9enne : EN166 et EN170 \/ EN172 ;Protecteurs d&#8217;oreilles ;3 modes d&#8217;utilisation : par-dessus la t\u00eate, sous le menton et derri\u00e8re la nuque ;Grande polyvalence et facilit\u00e9 de r\u00e9glage pour un maximum de confort ;Pas besoin de retirer les bouchons d&#8217;oreille pour changer la position du serre-t\u00eate, pour une protection continue ;Remplacement facile, des inserts interchangeables en mousse et en TPR inclus ;Serre-t\u00eate durable et confortable pour une utilisation prolong\u00e9e ;Certificat europ\u00e9en pour les protections auditives : EN 352-2 (bouchons d&#8217;oreille TPR SNR = 32 dB, bouchons d&#8217;oreille en mousse SNR = 33 dB);EPI CAT III;Gants de travail de d\u00e9molition DemoX taille 10 (XL);Gants polyvalents et confortables;Paume et bouts des doigts renforc\u00e9s ARMORTEX\u2122 : durabilit\u00e9 et protection des mains accrues;SMARTSWIPE\u2122 : permet d&#8217;utiliser des appareils \u00e0 \u00e9cran tactile sans retirer les gants;Protection des articulations : le rembourrage en TPR offre une protection sur les articulations;Doublure tri-coton respirante : offre un maximum de confort et de respirabilit\u00e9;Pouce en tissu \u00e9ponge : permet d&#8217;essuyer la sueur sur le front;Fermeture auto-agrippante pour un ajustement s\u00fbr;Certification europ\u00e9enne pour la protection m\u00e9canique : EN ISO 21420, EN388:2016 (2121A).<\/p>\n<p>4933499459<br \/>\n4058546566234<\/p>\n","protected":false},"excerpt":{"rendered":"<p>M18BLHXMC-502X + PSA<\/p>\n","protected":false},"featured_media":600771,"template":"","meta":{"_seopress_robots_primary_cat":"","_seopress_titles_title":"","_seopress_titles_desc":"","_seopress_robots_index":""},"product_brand":[3407],"product_cat":[5531,29],"product_tag":[3270],"class_list":{"0":"post-606016","1":"product","2":"type-product","3":"status-publish","4":"has-post-thumbnail","6":"product_brand-milwaukee","7":"product_cat-vari-macchinari-milwaukee","8":"product_cat-macchinari","9":"product_tag-import-milwau","10":"sws-conto-ricavi-merci-rivendita-macchinari-fr","11":"sws-gruppo-iva-iva81-fr","13":"first","14":"onbackorder","15":"sale","16":"shipping-taxable","17":"purchasable","18":"product-type-simple"},"_links":{"self":[{"href":"https:\/\/lucacastelli.com\/fr\/wp-json\/wp\/v2\/product\/606016","targetHints":{"allow":["GET"]}}],"collection":[{"href":"https:\/\/lucacastelli.com\/fr\/wp-json\/wp\/v2\/product"}],"about":[{"href":"https:\/\/lucacastelli.com\/fr\/wp-json\/wp\/v2\/types\/product"}],"wp:featuredmedia":[{"embeddable":true,"href":"https:\/\/lucacastelli.com\/fr\/wp-json\/wp\/v2\/media\/600771"}],"wp:attachment":[{"href":"https:\/\/lucacastelli.com\/fr\/wp-json\/wp\/v2\/media?parent=606016"}],"wp:term":[{"taxonomy":"product_brand","embeddable":true,"href":"https:\/\/lucacastelli.com\/fr\/wp-json\/wp\/v2\/product_brand?post=606016"},{"taxonomy":"product_cat","embeddable":true,"href":"https:\/\/lucacastelli.com\/fr\/wp-json\/wp\/v2\/product_cat?post=606016"},{"taxonomy":"product_tag","embeddable":true,"href":"https:\/\/lucacastelli.com\/fr\/wp-json\/wp\/v2\/product_tag?post=606016"}],"curies":[{"name":"wp","href":"https:\/\/api.w.org\/{rel}","templated":true}]}}