{"id":606013,"date":"2025-08-10T17:17:40","date_gmt":"2025-08-10T15:17:40","guid":{"rendered":"https:\/\/lucacastelli.com\/prodotto\/milwaukee-m18-blpp2ab-502x-kit\/"},"modified":"2025-08-10T17:17:40","modified_gmt":"2025-08-10T15:17:40","slug":"milwaukee-m18-blpp2ab-502x-kit","status":"publish","type":"product","link":"https:\/\/lucacastelli.com\/fr\/produit\/milwaukee-m18-blpp2ab-502x-kit\/","title":{"rendered":"Milwaukee M18 BLPP2AB-502X \/Kit"},"content":{"rendered":"<p>M18 BLPP2AB-502X \/Kit<br \/>\nM18 BLIDR-0X \/ AVV PULSE HEX :Avec seulement 112 mm de longueur, elle permet un acc\u00e8s m\u00eame dans les espaces les plus restreints ;Le puissant moteur sans balais d\u00e9livre un couple de 190 Nm avec 3600 tours\/minute et 4900 coups par minute ;3 modes DRIVE CONTROL s\u00e9lectionnables par l&#8217;utilisateur pour des vitesses et des couples diff\u00e9rents ;L&#8217;insertion de l&#8217;insert peut se faire d&#8217;une seule main, ce qui rend le travail plus rapide et plus pratique ;Les engrenages et le carter sont enti\u00e8rement en m\u00e9tal garantissant performance et durabilit\u00e9;Indicateur de charge de la batterie et lumi\u00e8re LED pour \u00e9clairer la zone d&#8217;application;\u00c9quip\u00e9e d&#8217;un crochet de ceinture m\u00e9tallique r\u00e9versible;Le moteur sans balais, l&#8217;\u00e9lectronique REDLINK PLUS\u2122 et la batterie REDLITHIUM\u2122 offrent une performance et une durabilit\u00e9 sup\u00e9rieures;Fonctionne avec toutes les batteries M18 MILWAUKEEE;4933464514 :Le puissant nouveau moteur sans balais fournit un couple maximal sup\u00e9rieur de 40 % \u00e0 celui du mod\u00e8le pr\u00e9c\u00e9dent &#8211; jusqu&#8217;\u00e0 82 Nm;Ne mesure que 180 mm de longueur totale;Nouveau mandrin m\u00e9tallique de 13 mm pour une r\u00e9tention accrue du porte-embout et une meilleure prise en main;Syst\u00e8me \u00e9lectronique REDLINK\u2122 pour une protection accrue contre les surcharges et une plus longue dur\u00e9e de vie de la batterie ;La batterie REDLITHIUM\u2122 offre une construction de bloc-batterie sup\u00e9rieure, des composants \u00e9lectroniques et des performances constantes pour fournir plus d&#8217;autonomie et plus de travail pendant la dur\u00e9e de vie de la batterie;Vitesse optimis\u00e9e pour les applications de per\u00e7age et de vissage (0-550 \/ 0-1800 tr\/min);\u00c9tat de charge de la batterie et lumi\u00e8re LED pour \u00e9clairer la zone de travail;Crochet de ceinture enti\u00e8rement m\u00e9tallique;Fonctionne avec toutes les batteries Milwaukee M18 ;M18 B5 \/BATTERY 18V :Jusqu&#8217;\u00e0 2.5 fois plus longtemps, jusqu&#8217;\u00e0 20 % de puissance en plus et une dur\u00e9e de vie 2 fois plus longue (par rapport aux autres batteries lithium-ion et\/ou \u00e0 la technologie Milwaukee pr\u00e9c\u00e9dente. Les r\u00e9sultats d\u00e9pendent de la tension, de l&#8217;outil et de l&#8217;application);Syst\u00e8me \u00e9lectronique Milwaukee REDLINK\u2122 &#8211; prot\u00e8ge le bloc-batterie dans les situations difficiles et maximise les performances des cellules;Surveillance constante de chaque cellule individuelle pour garantir le cycle de charge et de d\u00e9charge de la batterie;Cellules parfaitement verrouill\u00e9es pour augmenter la robustesse du bloc-batterie et s\u00e9parateurs antichocs internes pour \u00e9viter les dommages dus aux vibrations ou aux chutes ;\u00c9l\u00e9ment de protection qui d\u00e9vie toute infiltration d&#8217;eau de l&#8217;\u00e9lectronique vers l&#8217;ext\u00e9rieur de la batterie;Fonctionnement \u00e0 des temp\u00e9ratures allant jusqu&#8217;\u00e0 -20\u00b0;Indicateur LED d&#8217;\u00e9tat de charge de la batterie, pour conna\u00eetre \u00e0 tout moment la charge restante;Rev\u00eatement en caoutchouc;Dispersion accrue de la temp\u00e9rature interne;M18 B5 \/BATTERY 18V :Jusqu&#8217;\u00e0 2.5 fois plus longtemps, jusqu&#8217;\u00e0 20 % de puissance en plus et une dur\u00e9e de vie 2 fois plus longue (par rapport aux autres batteries. lithium-ion et\/ou de la technologie pr\u00e9c\u00e9dente de Milwaukee. Les r\u00e9sultats d\u00e9pendent de la tension, de l&#8217;outil et de l&#8217;application);Syst\u00e8me \u00e9lectronique Milwaukee REDLINK\u2122 &#8211; prot\u00e8ge le bloc-batterie dans les situations difficiles, en maximisant les performances des cellules;Surveillance constante de chaque cellule individuelle pour garantir le cycle de charge et de d\u00e9charge de la batterie;Cellules parfaitement verrouill\u00e9es pour augmenter la robustesse du bloc-batterie et s\u00e9parateurs antichocs internes pour \u00e9viter les dommages dus aux vibrations ou aux chutes ;\u00c9l\u00e9ment de protection qui d\u00e9tourne toute infiltration d&#8217;eau de l&#8217;\u00e9lectronique vers l&#8217;ext\u00e9rieur de la batterie;Fonctionnement \u00e0 des temp\u00e9ratures allant jusqu&#8217;\u00e0 -20\u00b0;Indicateur LED d&#8217;\u00e9tat de charge de la batterie, pour conna\u00eetre \u00e0 tout moment la charge restante;Rev\u00eatement en caoutchouc;Dispersion accrue de la temp\u00e9rature interne;CHARGEUR M12-18 FC \/BATTERY :Recharge toutes les batteries M18, M14\u2122 et M12\u2122 REDLITHIUM;Chargement s\u00e9quentiel &#8211; la premi\u00e8re batterie ins\u00e9r\u00e9e est recharg\u00e9e &#8211; moins de temps pass\u00e9 sur la charge;Temps de charge pour les batteries M12\u2122 REDLITHIUM\u2122 2.0 Ah et 2,5 Ah 26 min, 3,0 Ah 50 min, 4,0 Ah et 5 Ah 52 min, 6,0 Ah 95 min;Le temps de charge des batteries M18 REDLITHIUM\u2122 2,0 Ah \/ 4,0 Ah \/ 5,0 Ah est d&#8217;environ 26 min \/ 52 min \/ 59 min;Compatible avec toutes les batteries Milwaukee M12\u2122 et M18.<\/p>\n<p>4933492846<br \/>\n4058546477172<\/p>\n","protected":false},"excerpt":{"rendered":"<p>M18 BLPP2AB-502X \/Kit<\/p>\n","protected":false},"featured_media":584597,"template":"","meta":{"_seopress_robots_primary_cat":"","_seopress_titles_title":"","_seopress_titles_desc":"","_seopress_robots_index":""},"product_brand":[3407],"product_cat":[5531,29],"product_tag":[3270],"class_list":{"0":"post-606013","1":"product","2":"type-product","3":"status-publish","4":"has-post-thumbnail","6":"product_brand-milwaukee","7":"product_cat-vari-macchinari-milwaukee","8":"product_cat-macchinari","9":"product_tag-import-milwau","10":"sws-conto-ricavi-merci-rivendita-macchinari-fr","11":"sws-gruppo-iva-iva81-fr","13":"first","14":"onbackorder","15":"sale","16":"shipping-taxable","17":"purchasable","18":"product-type-simple"},"_links":{"self":[{"href":"https:\/\/lucacastelli.com\/fr\/wp-json\/wp\/v2\/product\/606013","targetHints":{"allow":["GET"]}}],"collection":[{"href":"https:\/\/lucacastelli.com\/fr\/wp-json\/wp\/v2\/product"}],"about":[{"href":"https:\/\/lucacastelli.com\/fr\/wp-json\/wp\/v2\/types\/product"}],"wp:featuredmedia":[{"embeddable":true,"href":"https:\/\/lucacastelli.com\/fr\/wp-json\/wp\/v2\/media\/584597"}],"wp:attachment":[{"href":"https:\/\/lucacastelli.com\/fr\/wp-json\/wp\/v2\/media?parent=606013"}],"wp:term":[{"taxonomy":"product_brand","embeddable":true,"href":"https:\/\/lucacastelli.com\/fr\/wp-json\/wp\/v2\/product_brand?post=606013"},{"taxonomy":"product_cat","embeddable":true,"href":"https:\/\/lucacastelli.com\/fr\/wp-json\/wp\/v2\/product_cat?post=606013"},{"taxonomy":"product_tag","embeddable":true,"href":"https:\/\/lucacastelli.com\/fr\/wp-json\/wp\/v2\/product_tag?post=606013"}],"curies":[{"name":"wp","href":"https:\/\/api.w.org\/{rel}","templated":true}]}}