{"id":606011,"date":"2025-08-10T17:17:38","date_gmt":"2025-08-10T15:17:38","guid":{"rendered":"https:\/\/lucacastelli.com\/prodotto\/milwaukee-m18blpp2g-502x-bloc-dalimentation-sans-balais\/"},"modified":"2025-08-10T17:17:38","modified_gmt":"2025-08-10T15:17:38","slug":"milwaukee-m18blpp2g-502x-bloc-dalimentation-sans-balais","status":"publish","type":"product","link":"https:\/\/lucacastelli.com\/fr\/produit\/milwaukee-m18blpp2g-502x-bloc-dalimentation-sans-balais\/","title":{"rendered":"MILWAUKEE M18BLPP2G-502X BLOC D&#8217;ALIMENTATION SANS BALAIS"},"content":{"rendered":"<p>M18BLPP2G-502X BLOC D&#8217;ALIMENTATION SANS BALAIS<br \/>\nMarteau perforateur sans fil M18BLHX:;Puissant m\u00e9canisme de marteau et moteur sans balais offrant une puissance de 2,3 J;Design compact et ergonomique pour un confort d&#8217;utilisation maximal;Syst\u00e8me FIXTEC\u2122 pour un changement de mandrin sans cl\u00e9 (SDS-Plus et mandrin m\u00e9tallique de 13 mm);4 modes de fonctionnement : rotopercussion, burinage, rotation et position neutre pour l&#8217;orientation du burin;Meuleuse d&#8217;angle sans fil M18 BLSAG125XPD:;Avec sa vitesse de 11.000 tr\/min, elle est optimis\u00e9e pour la coupe;Le puissant moteur sans balais offre les m\u00eames performances qu&#8217;une meuleuse de 800 W;L&#8217;embrayage de s\u00e9curit\u00e9 emp\u00eache les rebonds et les blessures de l&#8217;op\u00e9rateur;Le syst\u00e8me FIXTEC\u2122 permet de changer de disque sans outil;La palette non verrouillable et la fonction de pr\u00e9vention de d\u00e9marrage accidentel;Le moteur sans balais, l&#8217;\u00e9lectronique REDLINK PLUS\u2122 et le bloc-batterie REDLITHIUM\u2122 offrent des performances et une durabilit\u00e9 sup\u00e9rieures;Fonctionne avec toutes les batteries M18 de Milwaukee.<\/p>\n<p>4933498575<br \/>\n4058546524449<\/p>\n","protected":false},"excerpt":{"rendered":"<p>M18BLPP2G-502X BLOC D&#8217;ALIMENTATION SANS BALAIS<\/p>\n","protected":false},"featured_media":600743,"template":"","meta":{"_seopress_robots_primary_cat":"","_seopress_titles_title":"","_seopress_titles_desc":"","_seopress_robots_index":""},"product_brand":[3407],"product_cat":[5531,29],"product_tag":[3270],"class_list":{"0":"post-606011","1":"product","2":"type-product","3":"status-publish","4":"has-post-thumbnail","6":"product_brand-milwaukee","7":"product_cat-vari-macchinari-milwaukee","8":"product_cat-macchinari","9":"product_tag-import-milwau","10":"sws-conto-ricavi-merci-rivendita-macchinari-fr","11":"sws-gruppo-iva-iva81-fr","13":"first","14":"onbackorder","15":"sale","16":"shipping-taxable","17":"purchasable","18":"product-type-simple"},"_links":{"self":[{"href":"https:\/\/lucacastelli.com\/fr\/wp-json\/wp\/v2\/product\/606011","targetHints":{"allow":["GET"]}}],"collection":[{"href":"https:\/\/lucacastelli.com\/fr\/wp-json\/wp\/v2\/product"}],"about":[{"href":"https:\/\/lucacastelli.com\/fr\/wp-json\/wp\/v2\/types\/product"}],"wp:featuredmedia":[{"embeddable":true,"href":"https:\/\/lucacastelli.com\/fr\/wp-json\/wp\/v2\/media\/600743"}],"wp:attachment":[{"href":"https:\/\/lucacastelli.com\/fr\/wp-json\/wp\/v2\/media?parent=606011"}],"wp:term":[{"taxonomy":"product_brand","embeddable":true,"href":"https:\/\/lucacastelli.com\/fr\/wp-json\/wp\/v2\/product_brand?post=606011"},{"taxonomy":"product_cat","embeddable":true,"href":"https:\/\/lucacastelli.com\/fr\/wp-json\/wp\/v2\/product_cat?post=606011"},{"taxonomy":"product_tag","embeddable":true,"href":"https:\/\/lucacastelli.com\/fr\/wp-json\/wp\/v2\/product_tag?post=606011"}],"curies":[{"name":"wp","href":"https:\/\/api.w.org\/{rel}","templated":true}]}}