{"id":606009,"date":"2025-08-10T17:17:35","date_gmt":"2025-08-10T15:17:35","guid":{"rendered":"https:\/\/lucacastelli.com\/prodotto\/milwaukee-m18fid3mc-502x-psa\/"},"modified":"2025-08-10T17:17:35","modified_gmt":"2025-08-10T15:17:35","slug":"milwaukee-m18fid3mc-502x-psa","status":"publish","type":"product","link":"https:\/\/lucacastelli.com\/fr\/produit\/milwaukee-m18fid3mc-502x-psa\/","title":{"rendered":"MILWAUKEE M18FID3MC-502X + PSA"},"content":{"rendered":"<p>M18FID3MC-502X + PSA<br \/>\nM18FID3 Cl\u00e9 \u00e0 chocs sans fil 1\/4 de pouce;Couple de 226 Nm;Insertion de l&#8217;embout d&#8217;une seule main;Crochet de ceinture enti\u00e8rement m\u00e9tallique;La plus puissante;Fonction d&#8217;acc\u00e9l\u00e9ration contr\u00f4l\u00e9e (Ultimate Trigger Control);Vitesse, puissance et contr\u00f4le sans compromis sur le chantier;Trois lampes LED \u00e0 l&#8217;avant \u00e9clairent parfaitement la zone de travail;Commande ZollDrive ControlZoll \u00e0 4 vitesses;3900 tr\/min;1.Poids de 0 kg;Compatible avec toutes les batteries et tous les chargeurs M18;Lampe de chantier aliment\u00e9e par batterie M18ALIS;1.000 lumens d&#8217;\u00e9clairage TRUEVIEW\u2122 haute d\u00e9finition : offre une pr\u00e9cision maximale des couleurs, un faisceau optimis\u00e9 et une repr\u00e9sentation fid\u00e8le des couleurs et des d\u00e9tails ;12 heures d&#8217;autonomie \u00e0 pleine puissance avec la batterie M18 B5 (22 heures \u00e0 500 lumens) ;Fonctionne comme une banque d&#8217;\u00e9nergie pour les appareils \u00e9lectroniques gr\u00e2ce \u00e0 la double sortie USB-C et USB-A ;Crochet int\u00e9gr\u00e9 ;Peut \u00eatre dirig\u00e9e horizontalement et verticalement ;La solution d&#8217;\u00e9clairage la plus compacte sur la plateforme M18\u2122 : Plus petite qu&#8217;une batterie de 5 Ah;Fonctionne avec toutes les batteries Milwaukee\u00ae M18;Lunettes de s\u00e9curit\u00e9 transparentes anti-rayures et antibu\u00e9e;L\u00e9g\u00e8res, pour un plus grand confort d&#8217;utilisation;Lentilles anti-rayures;Lentilles antibu\u00e9e;Bras lat\u00e9raux confortables et flexibles pour un plus grand confort;Certification europ\u00e9enne : EN166 et EN170 \/ EN172;Gants anti-coupures classe 3\/C taille 9 (L);Offre une protection accrue contre la coupure et l&#8217;abrasion, lors du filetage de tuyaux et du d\u00e9nudage de c\u00e2bles, etc&#8230;.;Excellente performance de pr\u00e9hension, l&#8217;enduction en maille nitrile offre de meilleures performances que les autres mat\u00e9riaux;R\u00e9sistance sup\u00e9rieure \u00e0 la perforation par des mat\u00e9riaux tranchants;SMARTSWIPE\u2122 paume et bouts des doigts : permet d&#8217;utiliser des appareils \u00e0 \u00e9cran tactile sans retirer les gants;Certification europ\u00e9enne pour la protection m\u00e9canique : EN ISO 21420, EN388:2016 (4343C).<\/p>\n<p>4933499450<br \/>\n4058546566142<\/p>\n","protected":false},"excerpt":{"rendered":"<p>M18FID3MC-502X + PSA<\/p>\n","protected":false},"featured_media":600763,"template":"","meta":{"_seopress_robots_primary_cat":"","_seopress_titles_title":"","_seopress_titles_desc":"","_seopress_robots_index":""},"product_brand":[3658],"product_cat":[5532,167],"product_tag":[3273],"class_list":{"0":"post-606009","1":"product","2":"type-product","3":"status-publish","4":"has-post-thumbnail","6":"product_brand-milwaukee-fr","7":"product_cat-diverses-machines-milwaukee","8":"product_cat-machines","9":"product_tag-import-milwau-fr","10":"sws-conto-ricavi-merci-rivendita-macchinari-fr","11":"sws-gruppo-iva-iva81-fr","13":"first","14":"onbackorder","15":"sale","16":"shipping-taxable","17":"purchasable","18":"product-type-simple"},"_links":{"self":[{"href":"https:\/\/lucacastelli.com\/fr\/wp-json\/wp\/v2\/product\/606009","targetHints":{"allow":["GET"]}}],"collection":[{"href":"https:\/\/lucacastelli.com\/fr\/wp-json\/wp\/v2\/product"}],"about":[{"href":"https:\/\/lucacastelli.com\/fr\/wp-json\/wp\/v2\/types\/product"}],"wp:featuredmedia":[{"embeddable":true,"href":"https:\/\/lucacastelli.com\/fr\/wp-json\/wp\/v2\/media\/600763"}],"wp:attachment":[{"href":"https:\/\/lucacastelli.com\/fr\/wp-json\/wp\/v2\/media?parent=606009"}],"wp:term":[{"taxonomy":"product_brand","embeddable":true,"href":"https:\/\/lucacastelli.com\/fr\/wp-json\/wp\/v2\/product_brand?post=606009"},{"taxonomy":"product_cat","embeddable":true,"href":"https:\/\/lucacastelli.com\/fr\/wp-json\/wp\/v2\/product_cat?post=606009"},{"taxonomy":"product_tag","embeddable":true,"href":"https:\/\/lucacastelli.com\/fr\/wp-json\/wp\/v2\/product_tag?post=606009"}],"curies":[{"name":"wp","href":"https:\/\/api.w.org\/{rel}","templated":true}]}}