{"id":606004,"date":"2025-08-10T17:17:37","date_gmt":"2025-08-10T15:17:37","guid":{"rendered":"https:\/\/lucacastelli.com\/prodotto\/milwaukee-m18fhiw2f12mc-502x-psa\/"},"modified":"2025-08-10T17:17:37","modified_gmt":"2025-08-10T15:17:37","slug":"milwaukee-m18fhiw2f12mc-502x-psa","status":"publish","type":"product","link":"https:\/\/lucacastelli.com\/fr\/produit\/milwaukee-m18fhiw2f12mc-502x-psa\/","title":{"rendered":"MILWAUKEE M18FHIW2F12MC-502X + PSA"},"content":{"rendered":"<p>M18FHIW2F12MC-502X + PSA<br \/>\nCl\u00e9 \u00e0 chocs sans fil M18FHIW2F12 1\/2 pouce;Grande puissance : la cl\u00e9 \u00e0 chocs M18 FUEL \u00e0 couple \u00e9lev\u00e9 offre un couple de serrage de 1491 Nm et un couple de d\u00e9vissage de 2034 Nm dans un outil vraiment compact, de seulement 193 mm;2000 tours\/minute \u00e0 vide, soit une vitesse 35 % plus \u00e9lev\u00e9e par rapport \u00e0 la g\u00e9n\u00e9ration pr\u00e9c\u00e9dente;Syst\u00e8me qui prot\u00e8ge la batterie des fortes vibrations;Bo\u00eetier tr\u00e8s robuste pour assurer une grande r\u00e9sistance aux chocs ;3 LED \u00e0 l&#8217;avant assurent un excellent \u00e9clairage de la zone de travail;4 modes DRIVE CONTROL permettent de s\u00e9lectionner rapidement diff\u00e9rentes vitesses et diff\u00e9rents couples;Le quatri\u00e8me mode &#8220;d\u00e9vissage&#8221; d\u00e9livre un couple maximal lors du d\u00e9vissage puis diminue \u00e0 750 tr\/min pour \u00e9viter de perdre le contr\u00f4le du boulon;La technologie FUEL red\u00e9finit l&#8217;outillage \u00e9lectrique sans fil. Le moteur sans balais, l&#8217;\u00e9lectronique REDLINK PLUS\u2122 et le bloc-batterie REDLITHIUM\u2122 offrent des performances et une durabilit\u00e9 sup\u00e9rieures;Fonctionne avec toutes les batteries M18 Milwaukee;Lampe de chantier sans fil M18ALIS;1.000 lumens d&#8217;\u00e9clairage TRUEVIEW\u2122 haute d\u00e9finition : offre une pr\u00e9cision maximale des couleurs, un faisceau optimis\u00e9 et une repr\u00e9sentation fid\u00e8le des couleurs et des d\u00e9tails;12 heures d&#8217;autonomie \u00e0 pleine puissance avec la batterie M18 B5 (22 heures \u00e0 500 lumens);Fonctionne comme une banque d&#8217;alimentation pour les appareils \u00e9lectroniques avec une double sortie USB-C et USB-A;Crochet int\u00e9gr\u00e9;Peut \u00eatre dirig\u00e9e horizontalement et verticalement;La solution d&#8217;\u00e9clairage la plus compacte sur la plateforme M18\u2122 : Plus petite qu&#8217;une batterie de 5 Ah;Fonctionne avec toutes les batteries Milwaukee\u00ae M18;Lunettes de s\u00e9curit\u00e9 transparentes anti-rayures et antibu\u00e9e;L\u00e9g\u00e8res, pour un plus grand confort d&#8217;utilisation;Lentilles anti-rayures;Lentilles antibu\u00e9e;Bras lat\u00e9raux confortables et flexibles pour un plus grand confort;Certification europ\u00e9enne : EN166 et EN170 \/ EN172;Protections auditives ;3 modes d&#8217;utilisation : sur la t\u00eate, sous le menton et derri\u00e8re la nuque ;Grande polyvalence et facilit\u00e9 de r\u00e9glage pour un confort maximal ;Pour changer la position du bandeau, il n&#8217;est pas n\u00e9cessaire de retirer les bouchons d&#8217;oreille, ce qui permet d&#8217;avoir une protection continue ;Remplacement facile, des inserts interchangeables en mousse et TPR inclus ;Bandeau durable et confortable pour une utilisation prolong\u00e9e ;Certificat europ\u00e9en pour les protections auditives : EN 352-2 (bouchons d&#8217;oreille TPR SNR = 32 dB, bouchons d&#8217;oreille en mousse SNR = 33 dB);EPI CAT III;Gants anti-coupures classe 3\/C taille 9 (L);Offre une protection renforc\u00e9e contre les coupures et l&#8217;abrasion, lors du filetage de tuyaux et du d\u00e9nudage de c\u00e2bles, etc&#8230;.;Excellente performance de pr\u00e9hension, l&#8217;enduction en maille nitrile offre de meilleures performances que les autres mat\u00e9riaux;R\u00e9sistance sup\u00e9rieure \u00e0 la perforation par des mat\u00e9riaux tranchants;SMARTSWIPE\u2122 paume et bouts des doigts : permet d&#8217;utiliser des appareils \u00e0 \u00e9cran tactile sans enlever les gants;Certification europ\u00e9enne pour la protection m\u00e9canique : EN ISO 21420, EN388:2016 (4343C);Gilet jaune haute visibilit\u00e9 taille L\/XL;1 porte-badge d&#8217;identification transparent pour faciliter l&#8217;identification sur le lieu de travail;Languette pour un rangement pratique : torches, stylos, etc&#8230;.;1 poche int\u00e9rieure pour ranger des documents, des stylos, etc.;Boucle de suspension pour accrocher facilement le gilet apr\u00e8s utilisation;Zip solide pour l&#8217;ouverture\/la fermeture;Lavable en machine;Certification europ\u00e9enne en tant que v\u00eatement haute visibilit\u00e9 de classe 2 conform\u00e9ment \u00e0 la norme EN ISO 20471:2013\/A1:2016.<\/p>\n<p>4933499452<br \/>\n4058546566166<\/p>\n","protected":false},"excerpt":{"rendered":"<p>M18FHIW2F12MC-502X + PSA<\/p>\n","protected":false},"featured_media":600767,"template":"","meta":{"_seopress_robots_primary_cat":"","_seopress_titles_title":"","_seopress_titles_desc":"","_seopress_robots_index":""},"product_brand":[3658],"product_cat":[5532,167],"product_tag":[3273],"class_list":{"0":"post-606004","1":"product","2":"type-product","3":"status-publish","4":"has-post-thumbnail","6":"product_brand-milwaukee-fr","7":"product_cat-diverses-machines-milwaukee","8":"product_cat-machines","9":"product_tag-import-milwau-fr","10":"sws-conto-ricavi-merci-rivendita-macchinari-fr","11":"sws-gruppo-iva-iva81-fr","13":"first","14":"onbackorder","15":"sale","16":"shipping-taxable","17":"purchasable","18":"product-type-simple"},"_links":{"self":[{"href":"https:\/\/lucacastelli.com\/fr\/wp-json\/wp\/v2\/product\/606004","targetHints":{"allow":["GET"]}}],"collection":[{"href":"https:\/\/lucacastelli.com\/fr\/wp-json\/wp\/v2\/product"}],"about":[{"href":"https:\/\/lucacastelli.com\/fr\/wp-json\/wp\/v2\/types\/product"}],"wp:featuredmedia":[{"embeddable":true,"href":"https:\/\/lucacastelli.com\/fr\/wp-json\/wp\/v2\/media\/600767"}],"wp:attachment":[{"href":"https:\/\/lucacastelli.com\/fr\/wp-json\/wp\/v2\/media?parent=606004"}],"wp:term":[{"taxonomy":"product_brand","embeddable":true,"href":"https:\/\/lucacastelli.com\/fr\/wp-json\/wp\/v2\/product_brand?post=606004"},{"taxonomy":"product_cat","embeddable":true,"href":"https:\/\/lucacastelli.com\/fr\/wp-json\/wp\/v2\/product_cat?post=606004"},{"taxonomy":"product_tag","embeddable":true,"href":"https:\/\/lucacastelli.com\/fr\/wp-json\/wp\/v2\/product_tag?post=606004"}],"curies":[{"name":"wp","href":"https:\/\/api.w.org\/{rel}","templated":true}]}}