{"id":605978,"date":"2025-08-10T17:13:11","date_gmt":"2025-08-10T15:13:11","guid":{"rendered":"https:\/\/lucacastelli.com\/prodotto\/milwaukee-matrices-pour-machines-a-fileter-5\/"},"modified":"2025-08-10T17:13:11","modified_gmt":"2025-08-10T15:13:11","slug":"milwaukee-matrices-pour-machines-a-fileter-5","status":"publish","type":"product","link":"https:\/\/lucacastelli.com\/fr\/produit\/milwaukee-matrices-pour-machines-a-fileter-5\/","title":{"rendered":"Milwaukee Matrices pour machines \u00e0 fileter"},"content":{"rendered":"<p>FPTD 1-1\/4&#8243; BSPT STD\/peignes de filetage<br \/>\nLes peignes de haute performance utilis\u00e9s avec les machines \u00e0 fileter Milwaukee garantissent des filetages parfaits qui durent;BSPT (British Standard Pipe Taper);Alliage m\u00e9tallique standard, pour utilisation sur les tuyaux galvanis\u00e9s ;Un ensemble contient 4 peignes qui doivent \u00eatre utilis\u00e9s avec une douille<\/p>\n<p>4932480230<br \/>\n4058546405151.<\/p>\n","protected":false},"excerpt":{"rendered":"<p>FPTD 1-1\/4&#8243; BSPT STD\/THREADS<\/p>\n","protected":false},"featured_media":547391,"template":"","meta":{"_seopress_robots_primary_cat":"","_seopress_titles_title":"","_seopress_titles_desc":"","_seopress_robots_index":""},"product_brand":[3658],"product_cat":[5532,167],"product_tag":[3273],"class_list":{"0":"post-605978","1":"product","2":"type-product","3":"status-publish","4":"has-post-thumbnail","6":"product_brand-milwaukee-fr","7":"product_cat-diverses-machines-milwaukee","8":"product_cat-machines","9":"product_tag-import-milwau-fr","10":"sws-conto-ricavi-merci-rivendita-macchinari-fr","11":"sws-gruppo-iva-iva81-fr","13":"first","14":"onbackorder","15":"sale","16":"shipping-taxable","17":"purchasable","18":"product-type-simple"},"_links":{"self":[{"href":"https:\/\/lucacastelli.com\/fr\/wp-json\/wp\/v2\/product\/605978","targetHints":{"allow":["GET"]}}],"collection":[{"href":"https:\/\/lucacastelli.com\/fr\/wp-json\/wp\/v2\/product"}],"about":[{"href":"https:\/\/lucacastelli.com\/fr\/wp-json\/wp\/v2\/types\/product"}],"wp:featuredmedia":[{"embeddable":true,"href":"https:\/\/lucacastelli.com\/fr\/wp-json\/wp\/v2\/media\/547391"}],"wp:attachment":[{"href":"https:\/\/lucacastelli.com\/fr\/wp-json\/wp\/v2\/media?parent=605978"}],"wp:term":[{"taxonomy":"product_brand","embeddable":true,"href":"https:\/\/lucacastelli.com\/fr\/wp-json\/wp\/v2\/product_brand?post=605978"},{"taxonomy":"product_cat","embeddable":true,"href":"https:\/\/lucacastelli.com\/fr\/wp-json\/wp\/v2\/product_cat?post=605978"},{"taxonomy":"product_tag","embeddable":true,"href":"https:\/\/lucacastelli.com\/fr\/wp-json\/wp\/v2\/product_tag?post=605978"}],"curies":[{"name":"wp","href":"https:\/\/api.w.org\/{rel}","templated":true}]}}