{"id":605960,"date":"2025-08-10T17:13:08","date_gmt":"2025-08-10T15:13:08","guid":{"rendered":"https:\/\/lucacastelli.com\/prodotto\/milwaukee-matrices-pour-machines-a-fileter\/"},"modified":"2025-08-10T17:13:08","modified_gmt":"2025-08-10T15:13:08","slug":"milwaukee-matrices-pour-machines-a-fileter","status":"publish","type":"product","link":"https:\/\/lucacastelli.com\/fr\/produit\/milwaukee-matrices-pour-machines-a-fileter\/","title":{"rendered":"Milwaukee Matrices pour machines \u00e0 fileter"},"content":{"rendered":"<p>FPTD 1\/2&#8243; BSPT Alloy \/ FOR THREADERS<br \/>\nLes peignes haute performance utilis\u00e9s avec les machines \u00e0 fileter Milwaukee garantissent des filetages parfaits qui durent;BSPT (British Standard Pipe Taper);Alliage m\u00e9tallique, pour utilisation sur des tuyaux galvanis\u00e9s;Un jeu contient 4 peignes \u00e0 utiliser avec une douille<\/p>\n<p>4932480227<br \/>\n4058546405120.<\/p>\n","protected":false},"excerpt":{"rendered":"<p>FPTD 1\/2&#8243; BSPT Alliage \/ POUR VISSEURS<\/p>\n","protected":false},"featured_media":547374,"template":"","meta":{"_seopress_robots_primary_cat":"","_seopress_titles_title":"","_seopress_titles_desc":"","_seopress_robots_index":""},"product_brand":[3407],"product_cat":[5531,29],"product_tag":[3270],"class_list":{"0":"post-605960","1":"product","2":"type-product","3":"status-publish","4":"has-post-thumbnail","6":"product_brand-milwaukee","7":"product_cat-vari-macchinari-milwaukee","8":"product_cat-macchinari","9":"product_tag-import-milwau","10":"sws-conto-ricavi-merci-rivendita-macchinari-fr","11":"sws-gruppo-iva-iva81-fr","13":"first","14":"onbackorder","15":"sale","16":"shipping-taxable","17":"purchasable","18":"product-type-simple"},"_links":{"self":[{"href":"https:\/\/lucacastelli.com\/fr\/wp-json\/wp\/v2\/product\/605960","targetHints":{"allow":["GET"]}}],"collection":[{"href":"https:\/\/lucacastelli.com\/fr\/wp-json\/wp\/v2\/product"}],"about":[{"href":"https:\/\/lucacastelli.com\/fr\/wp-json\/wp\/v2\/types\/product"}],"wp:featuredmedia":[{"embeddable":true,"href":"https:\/\/lucacastelli.com\/fr\/wp-json\/wp\/v2\/media\/547374"}],"wp:attachment":[{"href":"https:\/\/lucacastelli.com\/fr\/wp-json\/wp\/v2\/media?parent=605960"}],"wp:term":[{"taxonomy":"product_brand","embeddable":true,"href":"https:\/\/lucacastelli.com\/fr\/wp-json\/wp\/v2\/product_brand?post=605960"},{"taxonomy":"product_cat","embeddable":true,"href":"https:\/\/lucacastelli.com\/fr\/wp-json\/wp\/v2\/product_cat?post=605960"},{"taxonomy":"product_tag","embeddable":true,"href":"https:\/\/lucacastelli.com\/fr\/wp-json\/wp\/v2\/product_tag?post=605960"}],"curies":[{"name":"wp","href":"https:\/\/api.w.org\/{rel}","templated":true}]}}