{"id":605956,"date":"2025-08-10T17:12:53","date_gmt":"2025-08-10T15:12:53","guid":{"rendered":"https:\/\/lucacastelli.com\/prodotto\/milwaukee-bandes-abrasives-330-x-10-et-457-x-13-mm-5\/"},"modified":"2025-08-10T17:12:53","modified_gmt":"2025-08-10T15:12:53","slug":"milwaukee-bandes-abrasives-330-x-10-et-457-x-13-mm-5","status":"publish","type":"product","link":"https:\/\/lucacastelli.com\/fr\/produit\/milwaukee-bandes-abrasives-330-x-10-et-457-x-13-mm-5\/","title":{"rendered":"Milwaukee Bandes abrasives 330 x 10 et 457 x 13 mm"},"content":{"rendered":"<p>ABR TAPE 10x330MM G120 &#8211; 10pcs<br \/>\nGrain c\u00e9ramique de haute qualit\u00e9 pour un enl\u00e8vement de mati\u00e8re maximal et une longue dur\u00e9e de vie;pour le meulage des m\u00e9taux sur les cordons de soudure, les contours, les ar\u00eates et les profils;peut \u00eatre utilis\u00e9 sur tous les m\u00e9taux (acier, m\u00e9tal color\u00e9, aluminium, titane et acier inoxydable);c\u00e9ramique;produit moins de chaleur et emp\u00eache ainsi la d\u00e9coloration des m\u00e9taux en acier inoxydable<\/p>\n<p>4932492876<br \/>\n4058546477479<\/p>\n","protected":false},"excerpt":{"rendered":"<p>ABR TAPE 10x330MM G120 &#8211; 10pcs.<\/p>\n","protected":false},"featured_media":558756,"template":"","meta":{"_seopress_robots_primary_cat":"","_seopress_titles_title":"","_seopress_titles_desc":"","_seopress_robots_index":""},"product_brand":[3407],"product_cat":[5531,29],"product_tag":[3270],"class_list":{"0":"post-605956","1":"product","2":"type-product","3":"status-publish","4":"has-post-thumbnail","6":"product_brand-milwaukee","7":"product_cat-vari-macchinari-milwaukee","8":"product_cat-macchinari","9":"product_tag-import-milwau","10":"sws-conto-ricavi-merci-rivendita-macchinari-fr","11":"sws-gruppo-iva-iva81-fr","13":"first","14":"onbackorder","15":"sale","16":"shipping-taxable","17":"purchasable","18":"product-type-simple"},"_links":{"self":[{"href":"https:\/\/lucacastelli.com\/fr\/wp-json\/wp\/v2\/product\/605956","targetHints":{"allow":["GET"]}}],"collection":[{"href":"https:\/\/lucacastelli.com\/fr\/wp-json\/wp\/v2\/product"}],"about":[{"href":"https:\/\/lucacastelli.com\/fr\/wp-json\/wp\/v2\/types\/product"}],"wp:featuredmedia":[{"embeddable":true,"href":"https:\/\/lucacastelli.com\/fr\/wp-json\/wp\/v2\/media\/558756"}],"wp:attachment":[{"href":"https:\/\/lucacastelli.com\/fr\/wp-json\/wp\/v2\/media?parent=605956"}],"wp:term":[{"taxonomy":"product_brand","embeddable":true,"href":"https:\/\/lucacastelli.com\/fr\/wp-json\/wp\/v2\/product_brand?post=605956"},{"taxonomy":"product_cat","embeddable":true,"href":"https:\/\/lucacastelli.com\/fr\/wp-json\/wp\/v2\/product_cat?post=605956"},{"taxonomy":"product_tag","embeddable":true,"href":"https:\/\/lucacastelli.com\/fr\/wp-json\/wp\/v2\/product_tag?post=605956"}],"curies":[{"name":"wp","href":"https:\/\/api.w.org\/{rel}","templated":true}]}}