{"id":605942,"date":"2025-08-10T17:12:49","date_gmt":"2025-08-10T15:12:49","guid":{"rendered":"https:\/\/lucacastelli.com\/prodotto\/milwaukee-bandes-abrasives-en-tissu-330-x-10-et-457-x-13-mm-2\/"},"modified":"2025-08-10T17:12:49","modified_gmt":"2025-08-10T15:12:49","slug":"milwaukee-bandes-abrasives-en-tissu-330-x-10-et-457-x-13-mm-2","status":"publish","type":"product","link":"https:\/\/lucacastelli.com\/fr\/produit\/milwaukee-bandes-abrasives-en-tissu-330-x-10-et-457-x-13-mm-2\/","title":{"rendered":"Milwaukee Bandes abrasives en tissu 330 x 10 et 457 x 13 mm."},"content":{"rendered":"<p>ABR TAPE 13x457MM MEDIUM &#8211; 5pcs<br \/>\nBandes en nylonvlies avec des grains abrasifs pour le traitement de surface sans endommager ou enlever le mat\u00e9riau de base, pour le meulage, l&#8217;\u00e9bavurage, le matage et la finition sur tous les m\u00e9taux (\u00e9galement l&#8217;acier inoxydable)<\/p>\n<p>4932492885<br \/>\n4058546477561<\/p>\n","protected":false},"excerpt":{"rendered":"<p>ABR TAPE 13x457MM MEDIUM &#8211; 5 pcs.<\/p>\n","protected":false},"featured_media":558801,"template":"","meta":{"_seopress_robots_primary_cat":"","_seopress_titles_title":"","_seopress_titles_desc":"","_seopress_robots_index":""},"product_brand":[3407],"product_cat":[5531,29],"product_tag":[3270],"class_list":{"0":"post-605942","1":"product","2":"type-product","3":"status-publish","4":"has-post-thumbnail","6":"product_brand-milwaukee","7":"product_cat-vari-macchinari-milwaukee","8":"product_cat-macchinari","9":"product_tag-import-milwau","10":"sws-conto-ricavi-merci-rivendita-macchinari-fr","11":"sws-gruppo-iva-iva81-fr","13":"first","14":"onbackorder","15":"sale","16":"shipping-taxable","17":"purchasable","18":"product-type-simple"},"_links":{"self":[{"href":"https:\/\/lucacastelli.com\/fr\/wp-json\/wp\/v2\/product\/605942","targetHints":{"allow":["GET"]}}],"collection":[{"href":"https:\/\/lucacastelli.com\/fr\/wp-json\/wp\/v2\/product"}],"about":[{"href":"https:\/\/lucacastelli.com\/fr\/wp-json\/wp\/v2\/types\/product"}],"wp:featuredmedia":[{"embeddable":true,"href":"https:\/\/lucacastelli.com\/fr\/wp-json\/wp\/v2\/media\/558801"}],"wp:attachment":[{"href":"https:\/\/lucacastelli.com\/fr\/wp-json\/wp\/v2\/media?parent=605942"}],"wp:term":[{"taxonomy":"product_brand","embeddable":true,"href":"https:\/\/lucacastelli.com\/fr\/wp-json\/wp\/v2\/product_brand?post=605942"},{"taxonomy":"product_cat","embeddable":true,"href":"https:\/\/lucacastelli.com\/fr\/wp-json\/wp\/v2\/product_cat?post=605942"},{"taxonomy":"product_tag","embeddable":true,"href":"https:\/\/lucacastelli.com\/fr\/wp-json\/wp\/v2\/product_tag?post=605942"}],"curies":[{"name":"wp","href":"https:\/\/api.w.org\/{rel}","templated":true}]}}