{"id":605935,"date":"2025-08-10T17:12:46","date_gmt":"2025-08-10T15:12:46","guid":{"rendered":"https:\/\/lucacastelli.com\/prodotto\/milwaukee-courroie-de-remplacement-a-reduction-de-frottement-pour-les-rails-paralleles-gr-800-gr-1400-et-gr-2700\/"},"modified":"2025-08-10T17:12:46","modified_gmt":"2025-08-10T15:12:46","slug":"milwaukee-courroie-de-remplacement-a-reduction-de-frottement-pour-les-rails-paralleles-gr-800-gr-1400-et-gr-2700","status":"publish","type":"product","link":"https:\/\/lucacastelli.com\/fr\/produit\/milwaukee-courroie-de-remplacement-a-reduction-de-frottement-pour-les-rails-paralleles-gr-800-gr-1400-et-gr-2700\/","title":{"rendered":"Milwaukee Courroie de remplacement \u00e0 r\u00e9duction de frottement pour les rails parall\u00e8les GR 800, GR 1400 et GR 2700."},"content":{"rendered":"<p>PSA-5\/ SUPPORT DE GUIDE DE SCIE CIRCULAIRE<br \/>\nSupport antid\u00e9rapant de remplacement pour les guides parall\u00e8les GR 800, GR 1400 et GR 2700<\/p>\n<p>4932479072<br \/>\n4058546368661<\/p>\n","protected":false},"excerpt":{"rendered":"<p>PSA-5\/GUIDE DE SCIE CIRCULAIRE ANTID\u00c9RAPANT<\/p>\n","protected":false},"featured_media":543035,"template":"","meta":{"_seopress_robots_primary_cat":"","_seopress_titles_title":"","_seopress_titles_desc":"","_seopress_robots_index":""},"product_brand":[3407],"product_cat":[5531,29],"product_tag":[3270],"class_list":{"0":"post-605935","1":"product","2":"type-product","3":"status-publish","4":"has-post-thumbnail","6":"product_brand-milwaukee","7":"product_cat-vari-macchinari-milwaukee","8":"product_cat-macchinari","9":"product_tag-import-milwau","10":"sws-conto-ricavi-merci-rivendita-macchinari-fr","11":"sws-gruppo-iva-iva81-fr","13":"first","14":"onbackorder","15":"sale","16":"shipping-taxable","17":"purchasable","18":"product-type-simple"},"_links":{"self":[{"href":"https:\/\/lucacastelli.com\/fr\/wp-json\/wp\/v2\/product\/605935","targetHints":{"allow":["GET"]}}],"collection":[{"href":"https:\/\/lucacastelli.com\/fr\/wp-json\/wp\/v2\/product"}],"about":[{"href":"https:\/\/lucacastelli.com\/fr\/wp-json\/wp\/v2\/types\/product"}],"wp:featuredmedia":[{"embeddable":true,"href":"https:\/\/lucacastelli.com\/fr\/wp-json\/wp\/v2\/media\/543035"}],"wp:attachment":[{"href":"https:\/\/lucacastelli.com\/fr\/wp-json\/wp\/v2\/media?parent=605935"}],"wp:term":[{"taxonomy":"product_brand","embeddable":true,"href":"https:\/\/lucacastelli.com\/fr\/wp-json\/wp\/v2\/product_brand?post=605935"},{"taxonomy":"product_cat","embeddable":true,"href":"https:\/\/lucacastelli.com\/fr\/wp-json\/wp\/v2\/product_cat?post=605935"},{"taxonomy":"product_tag","embeddable":true,"href":"https:\/\/lucacastelli.com\/fr\/wp-json\/wp\/v2\/product_tag?post=605935"}],"curies":[{"name":"wp","href":"https:\/\/api.w.org\/{rel}","templated":true}]}}