{"id":605926,"date":"2025-08-10T17:12:42","date_gmt":"2025-08-10T15:12:42","guid":{"rendered":"https:\/\/lucacastelli.com\/prodotto\/milwaukee-foreheads-large\/"},"modified":"2026-03-02T16:17:13","modified_gmt":"2026-03-02T15:17:13","slug":"milwaukee-foreheads-large","status":"publish","type":"product","link":"https:\/\/lucacastelli.com\/fr\/produit\/milwaukee-foreheads-large\/","title":{"rendered":"MILWAUKEE FOREHEADS &#8211; LARGE"},"content":{"rendered":"<p>PIERRE D\u2019AVIVAGE POUR TR\u00c9PANS &#8211; GRANDE<br \/>\nLiant sp\u00e9cial \u00e0 base de corindon pour l\u2019aff\u00fbtage des disques de coupe et des forets diamant\u00e9s ; Vitesse d\u2019aff\u00fbtage \u00e9lev\u00e9e sans endommager le grain ; Convient aux disques diamant\u00e9s d\u2019un diam\u00e8tre &gt; 230 mm ; Pour aff\u00fbter les disques de coupe diamant\u00e9s et les couronnes diamant\u00e9es, il suffit de pratiquer 2-3 coupes dans la meule, le disque est alors lib\u00e9r\u00e9 et s\u2019aff\u00fbte ; Aff\u00fbtage \u00e0 sec uniquement ; Dimensions : 300 x 160 x 40 mm<\/p>\n<p>4932492362<br \/>\n4058546417291<\/p>\n","protected":false},"excerpt":{"rendered":"<p>ASSIETTE FRONTALE &#8211; GRANDE<\/p>\n","protected":false},"featured_media":556065,"template":"","meta":{"_seopress_robots_primary_cat":"","_seopress_titles_title":"","_seopress_titles_desc":"","_seopress_robots_index":""},"product_brand":[3407],"product_cat":[5531,29],"product_tag":[3270],"class_list":{"0":"post-605926","1":"product","2":"type-product","3":"status-publish","4":"has-post-thumbnail","6":"product_brand-milwaukee","7":"product_cat-vari-macchinari-milwaukee","8":"product_cat-macchinari","9":"product_tag-import-milwau","10":"sws-conto-ricavi-merci-rivendita-macchinari-fr","11":"sws-gruppo-iva-iva81-fr","13":"first","14":"onbackorder","15":"sale","16":"shipping-taxable","17":"purchasable","18":"product-type-simple"},"_links":{"self":[{"href":"https:\/\/lucacastelli.com\/fr\/wp-json\/wp\/v2\/product\/605926","targetHints":{"allow":["GET"]}}],"collection":[{"href":"https:\/\/lucacastelli.com\/fr\/wp-json\/wp\/v2\/product"}],"about":[{"href":"https:\/\/lucacastelli.com\/fr\/wp-json\/wp\/v2\/types\/product"}],"wp:featuredmedia":[{"embeddable":true,"href":"https:\/\/lucacastelli.com\/fr\/wp-json\/wp\/v2\/media\/556065"}],"wp:attachment":[{"href":"https:\/\/lucacastelli.com\/fr\/wp-json\/wp\/v2\/media?parent=605926"}],"wp:term":[{"taxonomy":"product_brand","embeddable":true,"href":"https:\/\/lucacastelli.com\/fr\/wp-json\/wp\/v2\/product_brand?post=605926"},{"taxonomy":"product_cat","embeddable":true,"href":"https:\/\/lucacastelli.com\/fr\/wp-json\/wp\/v2\/product_cat?post=605926"},{"taxonomy":"product_tag","embeddable":true,"href":"https:\/\/lucacastelli.com\/fr\/wp-json\/wp\/v2\/product_tag?post=605926"}],"curies":[{"name":"wp","href":"https:\/\/api.w.org\/{rel}","templated":true}]}}