{"id":605922,"date":"2025-08-10T17:12:43","date_gmt":"2025-08-10T15:12:43","guid":{"rendered":"https:\/\/lucacastelli.com\/prodotto\/milwaukee-plaque-de-forage-petite\/"},"modified":"2025-08-10T17:12:43","modified_gmt":"2025-08-10T15:12:43","slug":"milwaukee-plaque-de-forage-petite","status":"publish","type":"product","link":"https:\/\/lucacastelli.com\/fr\/produit\/milwaukee-plaque-de-forage-petite\/","title":{"rendered":"MILWAUKEE PLAQUE DE FORAGE &#8211; PETITE"},"content":{"rendered":"<p>PLATEAU DE FRAISAGE &#8211; PETIT<br \/>\nLiant sp\u00e9cial \u00e0 base d&#8217;oxyde d&#8217;aluminium pour l&#8217;aff\u00fbtage des disques de coupe diamant\u00e9s et des pointes diamant\u00e9es;Vitesse d&#8217;aff\u00fbtage \u00e9lev\u00e9e sans endommager le grain;Convient aux disques de coupe diamant\u00e9s d&#8217;un diam\u00e8tre allant jusqu&#8217;\u00e0 230 mm ;Pour l&#8217;aff\u00fbtage des disques de coupe diamant\u00e9s et des carottes diamant\u00e9es, il suffit de faire 2 ou 3 entailles dans la meule, puis le disque de coupe est lib\u00e9r\u00e9 et aff\u00fbt\u00e9;Aff\u00fbtage \u00e0 sec uniquement<\/p>\n<p>4932492361<br \/>\n4058546417284.<\/p>\n","protected":false},"excerpt":{"rendered":"<p>PLAQUE D&#8217;AVANT-PLAN &#8211; PETITE<\/p>\n","protected":false},"featured_media":556052,"template":"","meta":{"_seopress_robots_primary_cat":"","_seopress_titles_title":"","_seopress_titles_desc":"","_seopress_robots_index":""},"product_brand":[3407],"product_cat":[5531,29],"product_tag":[3270],"class_list":{"0":"post-605922","1":"product","2":"type-product","3":"status-publish","4":"has-post-thumbnail","6":"product_brand-milwaukee","7":"product_cat-vari-macchinari-milwaukee","8":"product_cat-macchinari","9":"product_tag-import-milwau","10":"sws-conto-ricavi-merci-rivendita-macchinari-fr","11":"sws-gruppo-iva-iva81-fr","13":"first","14":"onbackorder","15":"sale","16":"shipping-taxable","17":"purchasable","18":"product-type-simple"},"_links":{"self":[{"href":"https:\/\/lucacastelli.com\/fr\/wp-json\/wp\/v2\/product\/605922","targetHints":{"allow":["GET"]}}],"collection":[{"href":"https:\/\/lucacastelli.com\/fr\/wp-json\/wp\/v2\/product"}],"about":[{"href":"https:\/\/lucacastelli.com\/fr\/wp-json\/wp\/v2\/types\/product"}],"wp:featuredmedia":[{"embeddable":true,"href":"https:\/\/lucacastelli.com\/fr\/wp-json\/wp\/v2\/media\/556052"}],"wp:attachment":[{"href":"https:\/\/lucacastelli.com\/fr\/wp-json\/wp\/v2\/media?parent=605922"}],"wp:term":[{"taxonomy":"product_brand","embeddable":true,"href":"https:\/\/lucacastelli.com\/fr\/wp-json\/wp\/v2\/product_brand?post=605922"},{"taxonomy":"product_cat","embeddable":true,"href":"https:\/\/lucacastelli.com\/fr\/wp-json\/wp\/v2\/product_cat?post=605922"},{"taxonomy":"product_tag","embeddable":true,"href":"https:\/\/lucacastelli.com\/fr\/wp-json\/wp\/v2\/product_tag?post=605922"}],"curies":[{"name":"wp","href":"https:\/\/api.w.org\/{rel}","templated":true}]}}