{"id":605906,"date":"2025-08-10T17:37:54","date_gmt":"2025-08-10T15:37:54","guid":{"rendered":"https:\/\/lucacastelli.com\/prodotto\/milwaukee-lames-de-remplacement-pour-les-embouts-auto-alimentes-switchblade-6\/"},"modified":"2025-08-10T17:37:54","modified_gmt":"2025-08-10T15:37:54","slug":"milwaukee-lames-de-remplacement-pour-les-embouts-auto-alimentes-switchblade-6","status":"publish","type":"product","link":"https:\/\/lucacastelli.com\/fr\/produit\/milwaukee-lames-de-remplacement-pour-les-embouts-auto-alimentes-switchblade-6\/","title":{"rendered":"Milwaukee Lames de remplacement pour les embouts auto-aliment\u00e9s SWITCHBLADE"},"content":{"rendered":"<p>Lame de 51 mm SELFEED BITS SWITCHBLADE<br \/>\nLames de rechange SWITCHBLADE. Le syst\u00e8me de lames rempla\u00e7ables SWITCHBLADE permet de s&#8217;assurer que la lame est toujours bien aiguis\u00e9e. Cela permet d&#8217;augmenter la productivit\u00e9 en \u00e9liminant les temps d&#8217;arr\u00eat li\u00e9s au r\u00e9aff\u00fbtage et d&#8217;augmenter la dur\u00e9e de vie globale de l&#8217;embout  <\/p>\n<p>4932479548<br \/>\n4058546373429<\/p>\n","protected":false},"excerpt":{"rendered":"<p>Lame ric 51 mm LAME D&#8217;INTERRUPTEUR D&#8217;EMBOUTS SELFEED<\/p>\n","protected":false},"featured_media":544097,"template":"","meta":{"_seopress_robots_primary_cat":"","_seopress_titles_title":"","_seopress_titles_desc":"","_seopress_robots_index":""},"product_brand":[3407],"product_cat":[5531,29],"product_tag":[3270],"class_list":{"0":"post-605906","1":"product","2":"type-product","3":"status-publish","4":"has-post-thumbnail","6":"product_brand-milwaukee","7":"product_cat-vari-macchinari-milwaukee","8":"product_cat-macchinari","9":"product_tag-import-milwau","10":"sws-conto-ricavi-merci-rivendita-macchinari-fr","11":"sws-gruppo-iva-iva81-fr","13":"first","14":"onbackorder","15":"shipping-taxable","16":"purchasable","17":"product-type-simple"},"_links":{"self":[{"href":"https:\/\/lucacastelli.com\/fr\/wp-json\/wp\/v2\/product\/605906","targetHints":{"allow":["GET"]}}],"collection":[{"href":"https:\/\/lucacastelli.com\/fr\/wp-json\/wp\/v2\/product"}],"about":[{"href":"https:\/\/lucacastelli.com\/fr\/wp-json\/wp\/v2\/types\/product"}],"wp:featuredmedia":[{"embeddable":true,"href":"https:\/\/lucacastelli.com\/fr\/wp-json\/wp\/v2\/media\/544097"}],"wp:attachment":[{"href":"https:\/\/lucacastelli.com\/fr\/wp-json\/wp\/v2\/media?parent=605906"}],"wp:term":[{"taxonomy":"product_brand","embeddable":true,"href":"https:\/\/lucacastelli.com\/fr\/wp-json\/wp\/v2\/product_brand?post=605906"},{"taxonomy":"product_cat","embeddable":true,"href":"https:\/\/lucacastelli.com\/fr\/wp-json\/wp\/v2\/product_cat?post=605906"},{"taxonomy":"product_tag","embeddable":true,"href":"https:\/\/lucacastelli.com\/fr\/wp-json\/wp\/v2\/product_tag?post=605906"}],"curies":[{"name":"wp","href":"https:\/\/api.w.org\/{rel}","templated":true}]}}