{"id":605898,"date":"2025-08-10T17:33:43","date_gmt":"2025-08-10T15:33:43","guid":{"rendered":"https:\/\/lucacastelli.com\/prodotto\/milwaukee-masque-ffp3-nr-d-avec-valve-10-pieces\/"},"modified":"2025-08-10T17:33:43","modified_gmt":"2025-08-10T15:33:43","slug":"milwaukee-masque-ffp3-nr-d-avec-valve-10-pieces","status":"publish","type":"product","link":"https:\/\/lucacastelli.com\/fr\/produit\/milwaukee-masque-ffp3-nr-d-avec-valve-10-pieces\/","title":{"rendered":"Milwaukee Masque FFP3 NR D avec valve &#8211; 10 pi\u00e8ces"},"content":{"rendered":"<p>MASQUE FFP3 DISPOSABLE AVEC VALVE 10pcs<br \/>\nClassification FFP3 &#8211; niveau de protection le plus \u00e9lev\u00e9, offre une protection jusqu&#8217;\u00e0 99% contre la poussi\u00e8re (y compris la poussi\u00e8re d&#8217;amiante);Valve unidirectionnelle &#8211; emp\u00eache la formation de bu\u00e9e et facilite la respiration;Valve d&#8217;expiration &#8211; inhalation confortable;Pince-nez flexible et ajustable en aluminium ;Pince-nez r\u00e9glable pour plus de confort;Couche int\u00e9rieure anti-colmatage qui emp\u00eache l&#8217;humidit\u00e9 et garde le masque frais et sec;Joint herm\u00e9tique qui prot\u00e8ge contre l&#8217;entr\u00e9e accidentelle de poussi\u00e8re et de d\u00e9bris;Compatible avec les lunettes de protection Milwaukee;Certification europ\u00e9enne en tant que masques filtrants jetables FFP3 : EN 149 : 2001\/A1:2009<\/p>\n<p>4932471906<br \/>\n4058546298050<\/p>\n","protected":false},"excerpt":{"rendered":"<p>Masque FFP3 jetable avec valve 10 pcs.<\/p>\n","protected":false},"featured_media":538501,"template":"","meta":{"_seopress_robots_primary_cat":"","_seopress_titles_title":"","_seopress_titles_desc":"","_seopress_robots_index":""},"product_brand":[3658],"product_cat":[144,1397,1405,1412],"product_tag":[3273],"class_list":{"0":"post-605898","1":"product","2":"type-product","3":"status-publish","4":"has-post-thumbnail","6":"product_brand-milwaukee-fr","7":"product_cat-equipement","8":"product_cat-equipement-de-travail","9":"product_cat-casques","10":"product_cat-visieres-et-lunettes","11":"product_tag-import-milwau-fr","12":"sws-conto-ricavi-merci-rivendita-macchinari-fr","13":"sws-gruppo-iva-iva81-fr","15":"first","16":"onbackorder","17":"shipping-taxable","18":"purchasable","19":"product-type-simple"},"_links":{"self":[{"href":"https:\/\/lucacastelli.com\/fr\/wp-json\/wp\/v2\/product\/605898","targetHints":{"allow":["GET"]}}],"collection":[{"href":"https:\/\/lucacastelli.com\/fr\/wp-json\/wp\/v2\/product"}],"about":[{"href":"https:\/\/lucacastelli.com\/fr\/wp-json\/wp\/v2\/types\/product"}],"wp:featuredmedia":[{"embeddable":true,"href":"https:\/\/lucacastelli.com\/fr\/wp-json\/wp\/v2\/media\/538501"}],"wp:attachment":[{"href":"https:\/\/lucacastelli.com\/fr\/wp-json\/wp\/v2\/media?parent=605898"}],"wp:term":[{"taxonomy":"product_brand","embeddable":true,"href":"https:\/\/lucacastelli.com\/fr\/wp-json\/wp\/v2\/product_brand?post=605898"},{"taxonomy":"product_cat","embeddable":true,"href":"https:\/\/lucacastelli.com\/fr\/wp-json\/wp\/v2\/product_cat?post=605898"},{"taxonomy":"product_tag","embeddable":true,"href":"https:\/\/lucacastelli.com\/fr\/wp-json\/wp\/v2\/product_tag?post=605898"}],"curies":[{"name":"wp","href":"https:\/\/api.w.org\/{rel}","templated":true}]}}