{"id":605892,"date":"2025-08-10T17:33:42","date_gmt":"2025-08-10T15:33:42","guid":{"rendered":"https:\/\/lucacastelli.com\/prodotto\/milwaukee-masque-pliant-ffp2-nr-d-20-pieces\/"},"modified":"2025-08-10T17:33:42","modified_gmt":"2025-08-10T15:33:42","slug":"milwaukee-masque-pliant-ffp2-nr-d-20-pieces","status":"publish","type":"product","link":"https:\/\/lucacastelli.com\/fr\/produit\/milwaukee-masque-pliant-ffp2-nr-d-20-pieces\/","title":{"rendered":"Milwaukee Masque pliant FFP2 NR D &#8211; 20 pi\u00e8ces"},"content":{"rendered":"<p>RESPIRATEUR FFP2 PLIANT 20PC<br \/>\nClassification FFP2 : le masque filtrant offre jusqu&#8217;\u00e0 94% de protection;Masque filtrant &#8211; facile \u00e0 transporter;Pince-nez flexible en aluminium &#8211; ajustement r\u00e9glable;Lacets r\u00e9glables pour un confort maximal et un ajustement facile;Compatible avec les lunettes de protection Milwaukee;Certificat europ\u00e9en de masque filtrant \u00e0 usage unique FFP2 selon EN149 : 2001 \/ A1 : 2009;Emballage individuel<\/p>\n<p>4932479238<br \/>\n4058546370329.<\/p>\n","protected":false},"excerpt":{"rendered":"<p>RESPIRATEUR FFP2 PLIABLE 20PC<\/p>\n","protected":false},"featured_media":543441,"template":"","meta":{"_seopress_robots_primary_cat":"","_seopress_titles_title":"","_seopress_titles_desc":"","_seopress_robots_index":""},"product_brand":[3407],"product_cat":[33,537,815,816],"product_tag":[3270],"class_list":{"0":"post-605892","1":"product","2":"type-product","3":"status-publish","4":"has-post-thumbnail","6":"product_brand-milwaukee","7":"product_cat-attrezzature","8":"product_cat-attrezzatura-da-lavoro","9":"product_cat-caschi","10":"product_cat-visiere-e-occhiali-protettivi","11":"product_tag-import-milwau","12":"sws-conto-ricavi-merci-rivendita-macchinari-fr","13":"sws-gruppo-iva-iva81-fr","15":"first","16":"onbackorder","17":"shipping-taxable","18":"purchasable","19":"product-type-simple"},"_links":{"self":[{"href":"https:\/\/lucacastelli.com\/fr\/wp-json\/wp\/v2\/product\/605892","targetHints":{"allow":["GET"]}}],"collection":[{"href":"https:\/\/lucacastelli.com\/fr\/wp-json\/wp\/v2\/product"}],"about":[{"href":"https:\/\/lucacastelli.com\/fr\/wp-json\/wp\/v2\/types\/product"}],"wp:featuredmedia":[{"embeddable":true,"href":"https:\/\/lucacastelli.com\/fr\/wp-json\/wp\/v2\/media\/543441"}],"wp:attachment":[{"href":"https:\/\/lucacastelli.com\/fr\/wp-json\/wp\/v2\/media?parent=605892"}],"wp:term":[{"taxonomy":"product_brand","embeddable":true,"href":"https:\/\/lucacastelli.com\/fr\/wp-json\/wp\/v2\/product_brand?post=605892"},{"taxonomy":"product_cat","embeddable":true,"href":"https:\/\/lucacastelli.com\/fr\/wp-json\/wp\/v2\/product_cat?post=605892"},{"taxonomy":"product_tag","embeddable":true,"href":"https:\/\/lucacastelli.com\/fr\/wp-json\/wp\/v2\/product_tag?post=605892"}],"curies":[{"name":"wp","href":"https:\/\/api.w.org\/{rel}","templated":true}]}}