{"id":605890,"date":"2025-08-10T17:33:35","date_gmt":"2025-08-10T15:33:35","guid":{"rendered":"https:\/\/lucacastelli.com\/prodotto\/lampe-frontale-milwaukee-450l\/"},"modified":"2025-08-10T17:33:35","modified_gmt":"2025-08-10T15:33:35","slug":"lampe-frontale-milwaukee-450l","status":"publish","type":"product","link":"https:\/\/lucacastelli.com\/fr\/produit\/lampe-frontale-milwaukee-450l\/","title":{"rendered":"Lampe frontale Milwaukee 450L"},"content":{"rendered":"<p>HL-SF\/ILLUMINAZIONE<br \/>\nTRUEVIEW\u2122 \u00e9clairage haute d\u00e9finition fournissant 450 lumens, avec une port\u00e9e allant jusqu&#8217;\u00e0 100 m;Modes d&#8217;utilisation multiples, autonomie allant jusqu&#8217;\u00e0 25 heures;Fixation par clip pour le casque;Indice de protection IP54, r\u00e9siste \u00e0 une immersion jusqu&#8217;\u00e0 2 m;Bande en microfibre lavable;Inclinaison r\u00e9glable en 7 positions, pour une polyvalence maximale<\/p>\n<p>4933471388<br \/>\n.<\/p>\n","protected":false},"excerpt":{"rendered":"<p>HL-SF\/ECLAIRAGE<\/p>\n","protected":false},"featured_media":574537,"template":"","meta":{"_seopress_robots_primary_cat":"","_seopress_titles_title":"","_seopress_titles_desc":"","_seopress_robots_index":""},"product_brand":[3407],"product_cat":[33,537,815,816],"product_tag":[3270],"class_list":{"0":"post-605890","1":"product","2":"type-product","3":"status-publish","4":"has-post-thumbnail","6":"product_brand-milwaukee","7":"product_cat-attrezzature","8":"product_cat-attrezzatura-da-lavoro","9":"product_cat-caschi","10":"product_cat-visiere-e-occhiali-protettivi","11":"product_tag-import-milwau","12":"sws-conto-ricavi-merci-rivendita-macchinari-fr","13":"sws-gruppo-iva-iva81-fr","15":"first","16":"onbackorder","17":"shipping-taxable","18":"purchasable","19":"product-type-simple"},"_links":{"self":[{"href":"https:\/\/lucacastelli.com\/fr\/wp-json\/wp\/v2\/product\/605890","targetHints":{"allow":["GET"]}}],"collection":[{"href":"https:\/\/lucacastelli.com\/fr\/wp-json\/wp\/v2\/product"}],"about":[{"href":"https:\/\/lucacastelli.com\/fr\/wp-json\/wp\/v2\/types\/product"}],"wp:featuredmedia":[{"embeddable":true,"href":"https:\/\/lucacastelli.com\/fr\/wp-json\/wp\/v2\/media\/574537"}],"wp:attachment":[{"href":"https:\/\/lucacastelli.com\/fr\/wp-json\/wp\/v2\/media?parent=605890"}],"wp:term":[{"taxonomy":"product_brand","embeddable":true,"href":"https:\/\/lucacastelli.com\/fr\/wp-json\/wp\/v2\/product_brand?post=605890"},{"taxonomy":"product_cat","embeddable":true,"href":"https:\/\/lucacastelli.com\/fr\/wp-json\/wp\/v2\/product_cat?post=605890"},{"taxonomy":"product_tag","embeddable":true,"href":"https:\/\/lucacastelli.com\/fr\/wp-json\/wp\/v2\/product_tag?post=605890"}],"curies":[{"name":"wp","href":"https:\/\/api.w.org\/{rel}","templated":true}]}}