{"id":605884,"date":"2025-08-10T17:33:34","date_gmt":"2025-08-10T15:33:34","guid":{"rendered":"https:\/\/lucacastelli.com\/prodotto\/projecteur-milwaukee-350l\/"},"modified":"2025-08-10T17:33:34","modified_gmt":"2025-08-10T15:33:34","slug":"projecteur-milwaukee-350l","status":"publish","type":"product","link":"https:\/\/lucacastelli.com\/fr\/produit\/projecteur-milwaukee-350l\/","title":{"rendered":"Projecteur Milwaukee 350L"},"content":{"rendered":"<p>HL2-LED\/ILLUMINATION<br \/>\n\u00c9clairage TRUEVIEW\u2122 haute d\u00e9finition fournissant 350 lumens;Bande en microfibre lavable;Extr\u00eamement l\u00e9g\u00e8re et compacte;Inclinaison r\u00e9glable en 6 positions pour une polyvalence maximale;Clip de fixation pour casque;Indice de protection IP52<\/p>\n<p>4933471286<br \/>\n4058546289140.<\/p>\n","protected":false},"excerpt":{"rendered":"<p>HL2-LED\/\u00c9CLAIRAGE<\/p>\n","protected":false},"featured_media":574507,"template":"","meta":{"_seopress_robots_primary_cat":"","_seopress_titles_title":"","_seopress_titles_desc":"","_seopress_robots_index":""},"product_brand":[3407],"product_cat":[33,537,815,816],"product_tag":[3270],"class_list":{"0":"post-605884","1":"product","2":"type-product","3":"status-publish","4":"has-post-thumbnail","6":"product_brand-milwaukee","7":"product_cat-attrezzature","8":"product_cat-attrezzatura-da-lavoro","9":"product_cat-caschi","10":"product_cat-visiere-e-occhiali-protettivi","11":"product_tag-import-milwau","12":"sws-conto-ricavi-merci-rivendita-macchinari-fr","13":"sws-gruppo-iva-iva81-fr","15":"first","16":"onbackorder","17":"shipping-taxable","18":"purchasable","19":"product-type-simple"},"_links":{"self":[{"href":"https:\/\/lucacastelli.com\/fr\/wp-json\/wp\/v2\/product\/605884","targetHints":{"allow":["GET"]}}],"collection":[{"href":"https:\/\/lucacastelli.com\/fr\/wp-json\/wp\/v2\/product"}],"about":[{"href":"https:\/\/lucacastelli.com\/fr\/wp-json\/wp\/v2\/types\/product"}],"wp:featuredmedia":[{"embeddable":true,"href":"https:\/\/lucacastelli.com\/fr\/wp-json\/wp\/v2\/media\/574507"}],"wp:attachment":[{"href":"https:\/\/lucacastelli.com\/fr\/wp-json\/wp\/v2\/media?parent=605884"}],"wp:term":[{"taxonomy":"product_brand","embeddable":true,"href":"https:\/\/lucacastelli.com\/fr\/wp-json\/wp\/v2\/product_brand?post=605884"},{"taxonomy":"product_cat","embeddable":true,"href":"https:\/\/lucacastelli.com\/fr\/wp-json\/wp\/v2\/product_cat?post=605884"},{"taxonomy":"product_tag","embeddable":true,"href":"https:\/\/lucacastelli.com\/fr\/wp-json\/wp\/v2\/product_tag?post=605884"}],"curies":[{"name":"wp","href":"https:\/\/api.w.org\/{rel}","templated":true}]}}