{"id":605878,"date":"2025-08-10T17:33:32","date_gmt":"2025-08-10T15:33:32","guid":{"rendered":"https:\/\/lucacastelli.com\/prodotto\/milwaukee-lampe-frontale-atex-310l-a-securite-intrinseque\/"},"modified":"2025-08-10T17:33:32","modified_gmt":"2025-08-10T15:33:32","slug":"milwaukee-lampe-frontale-atex-310l-a-securite-intrinseque","status":"publish","type":"product","link":"https:\/\/lucacastelli.com\/fr\/produit\/milwaukee-lampe-frontale-atex-310l-a-securite-intrinseque\/","title":{"rendered":"Milwaukee Lampe frontale ATEX 310L \u00e0 s\u00e9curit\u00e9 intrins\u00e8que"},"content":{"rendered":"<p>ISHL-LED\/ILLUMINATION<br \/>\nCertifi\u00e9e ATEX Zone 0 (cat\u00e9gorie 1);\u00c9clairage haute d\u00e9finition TRUEVIEW\u2122 fournissant 310 lumens, avec une port\u00e9e allant jusqu&#8217;\u00e0 100 m;Combinaison de couleurs haute visibilit\u00e9 pour une s\u00e9curit\u00e9 maximale ;Modes d&#8217;utilisation multiples, autonomie jusqu&#8217;\u00e0 40 heures;Classe de protection IP64;Con\u00e7ue pour \u00eatre utilis\u00e9e dans des zones \u00e0 atmosph\u00e8re potentiellement explosive;Bande de casque en caoutchouc (avec clip DUAL LOCK\u2122 pour la fixation) et bande en nylon incluses<\/p>\n<p>4933478112<br \/>\n4058546340452.<\/p>\n","protected":false},"excerpt":{"rendered":"<p>ISHL-LED\/\u00c9CLAIRAGE<\/p>\n","protected":false},"featured_media":600999,"template":"","meta":{"_seopress_robots_primary_cat":"","_seopress_titles_title":"","_seopress_titles_desc":"","_seopress_robots_index":""},"product_brand":[3407],"product_cat":[33,537,815,816],"product_tag":[3270],"class_list":{"0":"post-605878","1":"product","2":"type-product","3":"status-publish","4":"has-post-thumbnail","6":"product_brand-milwaukee","7":"product_cat-attrezzature","8":"product_cat-attrezzatura-da-lavoro","9":"product_cat-caschi","10":"product_cat-visiere-e-occhiali-protettivi","11":"product_tag-import-milwau","12":"sws-conto-ricavi-merci-rivendita-macchinari-fr","13":"sws-gruppo-iva-iva81-fr","15":"first","16":"onbackorder","17":"shipping-taxable","18":"purchasable","19":"product-type-simple"},"_links":{"self":[{"href":"https:\/\/lucacastelli.com\/fr\/wp-json\/wp\/v2\/product\/605878","targetHints":{"allow":["GET"]}}],"collection":[{"href":"https:\/\/lucacastelli.com\/fr\/wp-json\/wp\/v2\/product"}],"about":[{"href":"https:\/\/lucacastelli.com\/fr\/wp-json\/wp\/v2\/types\/product"}],"wp:featuredmedia":[{"embeddable":true,"href":"https:\/\/lucacastelli.com\/fr\/wp-json\/wp\/v2\/media\/600999"}],"wp:attachment":[{"href":"https:\/\/lucacastelli.com\/fr\/wp-json\/wp\/v2\/media?parent=605878"}],"wp:term":[{"taxonomy":"product_brand","embeddable":true,"href":"https:\/\/lucacastelli.com\/fr\/wp-json\/wp\/v2\/product_brand?post=605878"},{"taxonomy":"product_cat","embeddable":true,"href":"https:\/\/lucacastelli.com\/fr\/wp-json\/wp\/v2\/product_cat?post=605878"},{"taxonomy":"product_tag","embeddable":true,"href":"https:\/\/lucacastelli.com\/fr\/wp-json\/wp\/v2\/product_tag?post=605878"}],"curies":[{"name":"wp","href":"https:\/\/api.w.org\/{rel}","templated":true}]}}