{"id":605876,"date":"2025-08-10T17:30:42","date_gmt":"2025-08-10T15:30:42","guid":{"rendered":"https:\/\/lucacastelli.com\/prodotto\/milwaukee-m18-fuel-elagueuse-sur-perche-telescopique-30-cm-2\/"},"modified":"2025-08-10T17:30:42","modified_gmt":"2025-08-10T15:30:42","slug":"milwaukee-m18-fuel-elagueuse-sur-perche-telescopique-30-cm-2","status":"publish","type":"product","link":"https:\/\/lucacastelli.com\/fr\/produit\/milwaukee-m18-fuel-elagueuse-sur-perche-telescopique-30-cm-2\/","title":{"rendered":"Milwaukee M18 FUEL \u00e9lagueuse sur perche t\u00e9lescopique 30 cm"},"content":{"rendered":"<p>M18 FTPS30-0 \/SCIES \u00c9LECTRIQUES<br \/>\nPerformances de coupe exceptionnelles gr\u00e2ce \u00e0 la combinaison d&#8217;une vitesse de cha\u00eene \u00e9lev\u00e9e (25.4 m\/s), d&#8217;un couple \u00e9lev\u00e9 et d&#8217;une longueur de barre de 30 cm, pour des coupes rapides;Capable de surpasser les principales solutions \u00e0 essence, m\u00eame dans les applications les plus exigeantes;La perche t\u00e9lescopique \u00e0 profil carr\u00e9 et le collier de r\u00e9glage rapide de la longueur permettent un ajustement optimal de la longueur jusqu&#8217;\u00e0 400 cm;Jusqu&#8217;\u00e0 70 x 150 mm de coupes sur bois dur avec 1 batterie M18 OUTPUT\u2122 de 12 Ah;D\u00e9velopp\u00e9e pour r\u00e9aliser des coupes pr\u00e9cises dans les zones o\u00f9 se trouvent de grands arbres, avec un \u00e9quilibre et une conception optimaux ;Le commutateur de vitesse variable permet \u00e0 l&#8217;utilisateur de contr\u00f4ler enti\u00e8rement la courbe de puissance, avec une r\u00e9ponse instantan\u00e9e de l&#8217;acc\u00e9l\u00e9rateur pour atteindre la pleine vitesse en moins d&#8217;une seconde;R\u00e9servoir d&#8217;huile sans fuite avec r\u00e9servoir facile d&#8217;acc\u00e8s et fen\u00eatre de visualisation transparente;Tendeur de cha\u00eene \u00e0 acc\u00e8s lat\u00e9ral pour un r\u00e9glage facile de la cha\u00eene;Crochet d&#8217;extraction de branches, id\u00e9al pour faire levier et d\u00e9gager les branches coup\u00e9es;Compatible avec les bandouli\u00e8res, pour un plus grand confort d&#8217;utilisation;La technologie FUEL red\u00e9finit les outils \u00e9lectriques sans fil. Le moteur sans balais, l&#8217;\u00e9lectronique REDLINK PLUS\u2122 et le bloc-batterie REDLITHIUM\u2122 offrent des performances et une durabilit\u00e9 sup\u00e9rieures;Fonctionne avec toutes les batteries M18 MILWAUKEEE\u00ae. <\/p>\n<p>4933480868<br \/>\n4058546411534<\/p>\n","protected":false},"excerpt":{"rendered":"<p>M18 FTPS30-0 \/SCIES \u00c9LECTRIQUES<\/p>\n","protected":false},"featured_media":583077,"template":"","meta":{"_seopress_robots_primary_cat":"","_seopress_titles_title":"","_seopress_titles_desc":"","_seopress_robots_index":""},"product_brand":[3658],"product_cat":[167,1690,1626],"product_tag":[3273],"class_list":{"0":"post-605876","1":"product","2":"type-product","3":"status-publish","4":"has-post-thumbnail","6":"product_brand-milwaukee-fr","7":"product_cat-machines","8":"product_cat-taille-haies-et-elagueurs","9":"product_cat-taille-haies-et-elagueurs-a-batterie","10":"product_tag-import-milwau-fr","11":"sws-conto-ricavi-merci-rivendita-macchinari-fr","12":"sws-gruppo-iva-iva81-fr","14":"first","15":"onbackorder","16":"sale","17":"shipping-taxable","18":"purchasable","19":"product-type-simple"},"_links":{"self":[{"href":"https:\/\/lucacastelli.com\/fr\/wp-json\/wp\/v2\/product\/605876","targetHints":{"allow":["GET"]}}],"collection":[{"href":"https:\/\/lucacastelli.com\/fr\/wp-json\/wp\/v2\/product"}],"about":[{"href":"https:\/\/lucacastelli.com\/fr\/wp-json\/wp\/v2\/types\/product"}],"wp:featuredmedia":[{"embeddable":true,"href":"https:\/\/lucacastelli.com\/fr\/wp-json\/wp\/v2\/media\/583077"}],"wp:attachment":[{"href":"https:\/\/lucacastelli.com\/fr\/wp-json\/wp\/v2\/media?parent=605876"}],"wp:term":[{"taxonomy":"product_brand","embeddable":true,"href":"https:\/\/lucacastelli.com\/fr\/wp-json\/wp\/v2\/product_brand?post=605876"},{"taxonomy":"product_cat","embeddable":true,"href":"https:\/\/lucacastelli.com\/fr\/wp-json\/wp\/v2\/product_cat?post=605876"},{"taxonomy":"product_tag","embeddable":true,"href":"https:\/\/lucacastelli.com\/fr\/wp-json\/wp\/v2\/product_tag?post=605876"}],"curies":[{"name":"wp","href":"https:\/\/api.w.org\/{rel}","templated":true}]}}