{"id":605872,"date":"2025-08-10T17:30:44","date_gmt":"2025-08-10T15:30:44","guid":{"rendered":"https:\/\/lucacastelli.com\/prodotto\/milwaukee-m18-fuel-elagueuse-sur-perche-telescopique-30-cm\/"},"modified":"2026-04-15T12:14:49","modified_gmt":"2026-04-15T10:14:49","slug":"milwaukee-m18-fuel-elagueuse-sur-perche-telescopique-30-cm","status":"publish","type":"product","link":"https:\/\/lucacastelli.com\/fr\/produit\/milwaukee-m18-fuel-elagueuse-sur-perche-telescopique-30-cm\/","title":{"rendered":"MILWAUKEE \u00c9lagueur sur perche t\u00e9lescopique M18 FUEL\u2122 30 cm"},"content":{"rendered":"<p>\u00c9lagueur sur perche t\u00e9lescopique M18 FUEL\u2122 30 cm<br \/>\nM18 FTPS30-121 \/ TRON\u00c7ONNEUSES<br \/>\nPerformances de coupe exceptionnelles gr\u00e2ce \u00e0 la combinaison d\u2019une vitesse de cha\u00eene \u00e9lev\u00e9e (25.4 m\/s), d\u2019un couple important et d\u2019un guide de 30 cm pour des coupes rapides ; Capable de surpasser les principales solutions thermiques, m\u00eame dans les applications les plus exigeantes ; La perche t\u00e9lescopique \u00e0 profil carr\u00e9 et le collier de r\u00e9glage rapide permettent un ajustement optimal de la longueur de 270 \u00e0 400 cm ; Jusqu\u2019\u00e0 70 coupes de 150 x 150 mm dans du bois dur avec une batterie M18\u2122 HIGH OUTPUT\u2122 de 12.0 Ah ; D\u00e9velopp\u00e9 pour obtenir des coupes pr\u00e9cises dans les zones d\u2019arbres hauts, avec un \u00e9quilibre et un design optimaux ; La g\u00e2chette \u00e0 vitesse variable permet \u00e0 l\u2019utilisateur d\u2019avoir un contr\u00f4le total sur la courbe de puissance, avec une r\u00e9ponse instantan\u00e9e de l\u2019acc\u00e9l\u00e9rateur pour atteindre la vitesse maximale en moins d\u2019une seconde ; R\u00e9servoir d\u2019huile sans fuite avec acc\u00e8s facile et fen\u00eatre de visualisation transparente ; Tendeur de cha\u00eene \u00e0 acc\u00e8s lat\u00e9ral pour un r\u00e9glage facile de la cha\u00eene ; Crochet d\u2019extraction des branches, id\u00e9al pour faire levier et d\u00e9gager les branches coup\u00e9es ; Compatible avec l\u2019utilisation d\u2019une bandouli\u00e8re pour un meilleur confort de l\u2019utilisateur ; La technologie FUEL\u2122 red\u00e9finit les outils sans fil. Le moteur sans charbon, l\u2019\u00e9lectronique REDLINK PLUS\u2122 et la batterie REDLITHIUM\u2122 offrent des performances et une durabilit\u00e9 sup\u00e9rieures ; Fonctionne avec toutes les batteries M18\u2122 MILWAUKEE\u00ae <\/p>\n<p>4933499227<br \/>\n4058546563912<\/p>\n","protected":false},"excerpt":{"rendered":"<p>M18 FTPS30-121 \/ TRON\u00c7ONNEUSES<\/p>\n","protected":false},"featured_media":583134,"template":"","meta":{"_seopress_robots_primary_cat":"none","_seopress_titles_title":"","_seopress_titles_desc":"","_seopress_robots_index":""},"product_brand":[3407],"product_cat":[29,282,267],"product_tag":[3270],"class_list":{"0":"post-605872","1":"product","2":"type-product","3":"status-publish","4":"has-post-thumbnail","6":"product_brand-milwaukee","7":"product_cat-macchinari","8":"product_cat-tosasiepi-e-potatori-a-batteria","9":"product_cat-tosasiepi-e-potatori","10":"product_tag-import-milwau","11":"sws-conto-ricavi-merci-rivendita-macchinari-fr","12":"sws-gruppo-iva-iva81-fr","14":"first","15":"instock","16":"sale","17":"shipping-taxable","18":"purchasable","19":"product-type-simple"},"_links":{"self":[{"href":"https:\/\/lucacastelli.com\/fr\/wp-json\/wp\/v2\/product\/605872","targetHints":{"allow":["GET"]}}],"collection":[{"href":"https:\/\/lucacastelli.com\/fr\/wp-json\/wp\/v2\/product"}],"about":[{"href":"https:\/\/lucacastelli.com\/fr\/wp-json\/wp\/v2\/types\/product"}],"wp:featuredmedia":[{"embeddable":true,"href":"https:\/\/lucacastelli.com\/fr\/wp-json\/wp\/v2\/media\/583134"}],"wp:attachment":[{"href":"https:\/\/lucacastelli.com\/fr\/wp-json\/wp\/v2\/media?parent=605872"}],"wp:term":[{"taxonomy":"product_brand","embeddable":true,"href":"https:\/\/lucacastelli.com\/fr\/wp-json\/wp\/v2\/product_brand?post=605872"},{"taxonomy":"product_cat","embeddable":true,"href":"https:\/\/lucacastelli.com\/fr\/wp-json\/wp\/v2\/product_cat?post=605872"},{"taxonomy":"product_tag","embeddable":true,"href":"https:\/\/lucacastelli.com\/fr\/wp-json\/wp\/v2\/product_tag?post=605872"}],"curies":[{"name":"wp","href":"https:\/\/api.w.org\/{rel}","templated":true}]}}