{"id":605870,"date":"2025-08-10T17:28:29","date_gmt":"2025-08-10T15:28:29","guid":{"rendered":"https:\/\/lucacastelli.com\/prodotto\/milwaukee-m12-pompe-pulverisateur-de-produits-chimiques-37-l\/"},"modified":"2025-08-10T17:28:29","modified_gmt":"2025-08-10T15:28:29","slug":"milwaukee-m12-pompe-pulverisateur-de-produits-chimiques-37-l","status":"publish","type":"product","link":"https:\/\/lucacastelli.com\/fr\/produit\/milwaukee-m12-pompe-pulverisateur-de-produits-chimiques-37-l\/","title":{"rendered":"Milwaukee M12\u2122 Pompe pulv\u00e9risateur de produits chimiques 3,7 L"},"content":{"rendered":"<p>M12 BHCS3L-201 \/OUTILS DE JARDINAGE<br \/>\nPression instantan\u00e9e, constante et r\u00e9glable pour un contr\u00f4le maximal;3 modes de pression diff\u00e9rents pour diff\u00e9rentes applications telles que la pulv\u00e9risation localis\u00e9e, diffuse et \u00e0 distance de 0,4 \u00e0 1,1 l\/min;Gain de temps et d&#8217;efforts par rapport \u00e0 l&#8217;utilisation d&#8217;un pulv\u00e9risateur manuel;Atteint jusqu&#8217;\u00e0 5,5 bars de pression maximale et jusqu&#8217;\u00e0 5.2 m\u00e8tres de distance de pulv\u00e9risation verticale;Jusqu&#8217;\u00e0 300 litres d&#8217;eau pulv\u00e9ris\u00e9e avec seulement 1 batterie M12\u2122 2,0 Ah;Lance d\u00e9tachable du bidon, pour une utilisation \u00e0 une ou deux mains de la pompe du pulv\u00e9risateur;Dispositif de verrouillage de l&#8217;interrupteur pour \u00e9liminer la possibilit\u00e9 de pulv\u00e9risation chimique non d\u00e9sir\u00e9e;Pour une utilisation avec des pesticides, des herbicides, des insecticides, des fongicides, des engrais;Fonctionne avec toutes les batteries Milwaukee.<\/p>\n<p>4933480782<br \/>\n4058546410674<\/p>\n","protected":false},"excerpt":{"rendered":"<p>M12 BHCS3L-201 \/OUTILS DE JARDINAGE<\/p>\n","protected":false},"featured_media":582946,"template":"","meta":{"_seopress_robots_primary_cat":"","_seopress_titles_title":"","_seopress_titles_desc":"","_seopress_robots_index":""},"product_brand":[3407],"product_cat":[29,516,499],"product_tag":[3270],"class_list":{"0":"post-605870","1":"product","2":"type-product","3":"status-publish","4":"has-post-thumbnail","6":"product_brand-milwaukee","7":"product_cat-macchinari","8":"product_cat-irroratori","9":"product_cat-atomizzatori-e-irroratori","10":"product_tag-import-milwau","11":"sws-conto-ricavi-merci-rivendita-macchinari-fr","12":"sws-gruppo-iva-iva81-fr","14":"first","15":"onbackorder","16":"sale","17":"shipping-taxable","18":"purchasable","19":"product-type-simple"},"_links":{"self":[{"href":"https:\/\/lucacastelli.com\/fr\/wp-json\/wp\/v2\/product\/605870","targetHints":{"allow":["GET"]}}],"collection":[{"href":"https:\/\/lucacastelli.com\/fr\/wp-json\/wp\/v2\/product"}],"about":[{"href":"https:\/\/lucacastelli.com\/fr\/wp-json\/wp\/v2\/types\/product"}],"wp:featuredmedia":[{"embeddable":true,"href":"https:\/\/lucacastelli.com\/fr\/wp-json\/wp\/v2\/media\/582946"}],"wp:attachment":[{"href":"https:\/\/lucacastelli.com\/fr\/wp-json\/wp\/v2\/media?parent=605870"}],"wp:term":[{"taxonomy":"product_brand","embeddable":true,"href":"https:\/\/lucacastelli.com\/fr\/wp-json\/wp\/v2\/product_brand?post=605870"},{"taxonomy":"product_cat","embeddable":true,"href":"https:\/\/lucacastelli.com\/fr\/wp-json\/wp\/v2\/product_cat?post=605870"},{"taxonomy":"product_tag","embeddable":true,"href":"https:\/\/lucacastelli.com\/fr\/wp-json\/wp\/v2\/product_tag?post=605870"}],"curies":[{"name":"wp","href":"https:\/\/api.w.org\/{rel}","templated":true}]}}