{"id":605848,"date":"2025-08-10T17:24:57","date_gmt":"2025-08-10T15:24:57","guid":{"rendered":"https:\/\/lucacastelli.com\/prodotto\/kit-de-prise-intelligente-et-de-telecommande-milwaukee\/"},"modified":"2025-08-10T17:24:57","modified_gmt":"2025-08-10T15:24:57","slug":"kit-de-prise-intelligente-et-de-telecommande-milwaukee","status":"publish","type":"product","link":"https:\/\/lucacastelli.com\/fr\/produit\/kit-de-prise-intelligente-et-de-telecommande-milwaukee\/","title":{"rendered":"Kit de prise intelligente et de t\u00e9l\u00e9commande Milwaukee"},"content":{"rendered":"<p>RCO \/T\u00e9l\u00e9commande intelligente<br \/>\nT\u00e9l\u00e9commande intelligente Milwaukee\u00ae, compatible avec la prise intelligente;Gr\u00e2ce \u00e0 la technologie Bluetooth\u00ae, la t\u00e9l\u00e9commande s&#8217;apparie \u00e0 la prise en moins de 3 secondes et a une port\u00e9e de 30 m\u00e8tres;Plusieurs t\u00e9l\u00e9commandes peuvent \u00eatre connect\u00e9es \u00e0 la m\u00eame prise intelligente, ce qui permet \u00e0 un plus grand nombre de personnes de travailler ensemble sans temps mort ;La t\u00e9l\u00e9commande est \u00e9quip\u00e9e d&#8217;une sangle r\u00e9glable et amovible, pour une fixation pratique au poignet de l&#8217;utilisateur ou au tuyau de l&#8217;aspirateur;La t\u00e9l\u00e9commande comprend une pile bouton standard, avec une autonomie de plus d&#8217;un an ;<\/p>\n<p>4932479620<br \/>\n4058546374143.<\/p>\n","protected":false},"excerpt":{"rendered":"<p>RCO \/T\u00e9l\u00e9commande intelligente<\/p>\n","protected":false},"featured_media":544283,"template":"","meta":{"_seopress_robots_primary_cat":"","_seopress_titles_title":"","_seopress_titles_desc":"","_seopress_robots_index":""},"product_brand":[3407],"product_cat":[29,514,551],"product_tag":[3270],"class_list":{"0":"post-605848","1":"product","2":"type-product","3":"status-publish","4":"has-post-thumbnail","6":"product_brand-milwaukee","7":"product_cat-macchinari","8":"product_cat-altri-dispositivi","9":"product_cat-apparecchi-di-misurazione","10":"product_tag-import-milwau","11":"sws-conto-ricavi-merci-rivendita-macchinari-fr","12":"sws-gruppo-iva-iva81-fr","14":"first","15":"onbackorder","16":"sale","17":"shipping-taxable","18":"purchasable","19":"product-type-simple"},"_links":{"self":[{"href":"https:\/\/lucacastelli.com\/fr\/wp-json\/wp\/v2\/product\/605848","targetHints":{"allow":["GET"]}}],"collection":[{"href":"https:\/\/lucacastelli.com\/fr\/wp-json\/wp\/v2\/product"}],"about":[{"href":"https:\/\/lucacastelli.com\/fr\/wp-json\/wp\/v2\/types\/product"}],"wp:featuredmedia":[{"embeddable":true,"href":"https:\/\/lucacastelli.com\/fr\/wp-json\/wp\/v2\/media\/544283"}],"wp:attachment":[{"href":"https:\/\/lucacastelli.com\/fr\/wp-json\/wp\/v2\/media?parent=605848"}],"wp:term":[{"taxonomy":"product_brand","embeddable":true,"href":"https:\/\/lucacastelli.com\/fr\/wp-json\/wp\/v2\/product_brand?post=605848"},{"taxonomy":"product_cat","embeddable":true,"href":"https:\/\/lucacastelli.com\/fr\/wp-json\/wp\/v2\/product_cat?post=605848"},{"taxonomy":"product_tag","embeddable":true,"href":"https:\/\/lucacastelli.com\/fr\/wp-json\/wp\/v2\/product_tag?post=605848"}],"curies":[{"name":"wp","href":"https:\/\/api.w.org\/{rel}","templated":true}]}}