{"id":605843,"date":"2025-08-10T17:24:56","date_gmt":"2025-08-10T15:24:56","guid":{"rendered":"https:\/\/lucacastelli.com\/prodotto\/milwaukee-alcaline-laser-vert-a-deux-lignes\/"},"modified":"2025-08-10T17:24:56","modified_gmt":"2025-08-10T15:24:56","slug":"milwaukee-alcaline-laser-vert-a-deux-lignes","status":"publish","type":"product","link":"https:\/\/lucacastelli.com\/fr\/produit\/milwaukee-alcaline-laser-vert-a-deux-lignes\/","title":{"rendered":"Milwaukee Alcaline Laser vert \u00e0 deux lignes"},"content":{"rendered":"<p>CLL-C \/LASER LEVELS<br \/>\nPermet le nivellement horizontal et l&#8217;alignement vertical;Laser vert d&#8217;une port\u00e9e de 30 m (50 m avec le r\u00e9cepteur laser LLD50, 100 m avec le r\u00e9cepteur laser LRD100);4 piles alcalines AA (incluses) offrent plus de 8 heures d&#8217;autonomie;Syst\u00e8me de pendule en 3 modes : Manuel pour une utilisation \u00e0 n&#8217;importe quel angle, Mise \u00e0 niveau automatique avec indication de d\u00e9salignement avec 4\u00b0 de variation et Pendule verrouill\u00e9 pour une protection accrue pendant le transport;Aimants, filetage 1\/4 pour tr\u00e9pied et trous int\u00e9gr\u00e9s : fixation facile \u00e0 l&#8217;acier, au bois, au tr\u00e9pied ou au poteau;Rotation compl\u00e8te du laser sur 360\u00b0;Indice de protection IP 54, r\u00e9sistance aux chutes de 1 m<\/p>\n<p>4933478753<br \/>\n4058546360351.<\/p>\n","protected":false},"excerpt":{"rendered":"<p>CLL-C \/LIVELLE LASER<\/p>\n","protected":false},"featured_media":578380,"template":"","meta":{"_seopress_robots_primary_cat":"","_seopress_titles_title":"","_seopress_titles_desc":"","_seopress_robots_index":""},"product_brand":[3407],"product_cat":[29,514,551],"product_tag":[3270],"class_list":{"0":"post-605843","1":"product","2":"type-product","3":"status-publish","4":"has-post-thumbnail","6":"product_brand-milwaukee","7":"product_cat-macchinari","8":"product_cat-altri-dispositivi","9":"product_cat-apparecchi-di-misurazione","10":"product_tag-import-milwau","11":"sws-conto-ricavi-merci-rivendita-macchinari-fr","12":"sws-gruppo-iva-iva81-fr","14":"first","15":"onbackorder","16":"sale","17":"shipping-taxable","18":"purchasable","19":"product-type-simple"},"_links":{"self":[{"href":"https:\/\/lucacastelli.com\/fr\/wp-json\/wp\/v2\/product\/605843","targetHints":{"allow":["GET"]}}],"collection":[{"href":"https:\/\/lucacastelli.com\/fr\/wp-json\/wp\/v2\/product"}],"about":[{"href":"https:\/\/lucacastelli.com\/fr\/wp-json\/wp\/v2\/types\/product"}],"wp:featuredmedia":[{"embeddable":true,"href":"https:\/\/lucacastelli.com\/fr\/wp-json\/wp\/v2\/media\/578380"}],"wp:attachment":[{"href":"https:\/\/lucacastelli.com\/fr\/wp-json\/wp\/v2\/media?parent=605843"}],"wp:term":[{"taxonomy":"product_brand","embeddable":true,"href":"https:\/\/lucacastelli.com\/fr\/wp-json\/wp\/v2\/product_brand?post=605843"},{"taxonomy":"product_cat","embeddable":true,"href":"https:\/\/lucacastelli.com\/fr\/wp-json\/wp\/v2\/product_cat?post=605843"},{"taxonomy":"product_tag","embeddable":true,"href":"https:\/\/lucacastelli.com\/fr\/wp-json\/wp\/v2\/product_tag?post=605843"}],"curies":[{"name":"wp","href":"https:\/\/api.w.org\/{rel}","templated":true}]}}