{"id":605840,"date":"2025-08-10T17:24:48","date_gmt":"2025-08-10T15:24:48","guid":{"rendered":"https:\/\/lucacastelli.com\/prodotto\/milwaukee-laser-lineaire-vert-m12-3-lignes-360-avec-auto-alignement\/"},"modified":"2025-08-10T17:24:48","modified_gmt":"2025-08-10T15:24:48","slug":"milwaukee-laser-lineaire-vert-m12-3-lignes-360-avec-auto-alignement","status":"publish","type":"product","link":"https:\/\/lucacastelli.com\/fr\/produit\/milwaukee-laser-lineaire-vert-m12-3-lignes-360-avec-auto-alignement\/","title":{"rendered":"Milwaukee Laser lin\u00e9aire vert M12\u2122 3 lignes 360\u00b0 avec auto-alignement."},"content":{"rendered":"<p>Laser lin\u00e9aire vert M12\u2122 3 lignes 360\u00b0 avec alignement automatique<br \/>\nM12A3PLO-0C LASER DETECTOR<br \/>\nUne ligne horizontale et deux lignes verticales pour l&#8217;alignement, le nivellement, l&#8217;\u00e9querrage et le transfert de points pour une planification facile de l&#8217;espace avec un seul outil;Fonction d&#8217;auto-alignement : le faisceau laser s&#8217;aligne automatiquement sur le centre du r\u00e9cepteur\/t\u00e9l\u00e9commande (inclus), pour une productivit\u00e9 maximale;Port\u00e9e de 38 m en combinaison avec le r\u00e9cepteur\/t\u00e9l\u00e9commande inclus, pour les applications \u00e0 longue distance;Laser vert \u00e0 haute intensit\u00e9, jusqu&#8217;\u00e0 70 % plus lumineux que le M12 3PL, optimis\u00e9 pour les longues distances et les environnements de travail lumineux;Syst\u00e8me de pendule \u00e0 3 modes : Manuel pour une utilisation \u00e0 n&#8217;importe quel angle, Autonivelage avec indication de d\u00e9salignement avec 4 degr\u00e9s de variation et Pendule verrouill\u00e9 pour une protection accrue pendant le transport;Aimants, filetages de tr\u00e9pieds de 1\/4 de pouce et 5\/8 de pouce et trous int\u00e9gr\u00e9s : fixation facile \u00e0 l&#8217;acier, au bois et au tr\u00e9pied;Classification IP 54 pour r\u00e9sister \u00e0 l&#8217;eau et \u00e0 la poussi\u00e8re, r\u00e9siste aux chutes de 1 m;Rotation laser \u00e0 360 degr\u00e9s avec roue de micro-alignement \u00e0 10 degr\u00e9s pour des r\u00e9glages pr\u00e9cis et rapides;Le syst\u00e8me de suivi et de s\u00e9curit\u00e9 ONE-KEY\u2122 offre un suivi et une gestion des stocks gratuits bas\u00e9s sur le cloud, propose \u00e9galement un verrouillage \u00e0 distance et des fonctionnalit\u00e9s de cr\u00e9ation de rapports sur les applications;Fonctionne avec toutes les batteries Milwaukee M12\u2122.<\/p>\n<p>4933499001<br \/>\n4058546528706<\/p>\n","protected":false},"excerpt":{"rendered":"<p>D\u00c9TECTEUR LASER M12A3PLO-0C<\/p>\n","protected":false},"featured_media":593471,"template":"","meta":{"_seopress_robots_primary_cat":"","_seopress_titles_title":"","_seopress_titles_desc":"","_seopress_robots_index":""},"product_brand":[3407],"product_cat":[29,514,551],"product_tag":[3270],"class_list":{"0":"post-605840","1":"product","2":"type-product","3":"status-publish","4":"has-post-thumbnail","6":"product_brand-milwaukee","7":"product_cat-macchinari","8":"product_cat-altri-dispositivi","9":"product_cat-apparecchi-di-misurazione","10":"product_tag-import-milwau","11":"sws-conto-ricavi-merci-rivendita-macchinari-fr","12":"sws-gruppo-iva-iva81-fr","14":"first","15":"onbackorder","16":"sale","17":"shipping-taxable","18":"purchasable","19":"product-type-simple"},"_links":{"self":[{"href":"https:\/\/lucacastelli.com\/fr\/wp-json\/wp\/v2\/product\/605840","targetHints":{"allow":["GET"]}}],"collection":[{"href":"https:\/\/lucacastelli.com\/fr\/wp-json\/wp\/v2\/product"}],"about":[{"href":"https:\/\/lucacastelli.com\/fr\/wp-json\/wp\/v2\/types\/product"}],"wp:featuredmedia":[{"embeddable":true,"href":"https:\/\/lucacastelli.com\/fr\/wp-json\/wp\/v2\/media\/593471"}],"wp:attachment":[{"href":"https:\/\/lucacastelli.com\/fr\/wp-json\/wp\/v2\/media?parent=605840"}],"wp:term":[{"taxonomy":"product_brand","embeddable":true,"href":"https:\/\/lucacastelli.com\/fr\/wp-json\/wp\/v2\/product_brand?post=605840"},{"taxonomy":"product_cat","embeddable":true,"href":"https:\/\/lucacastelli.com\/fr\/wp-json\/wp\/v2\/product_cat?post=605840"},{"taxonomy":"product_tag","embeddable":true,"href":"https:\/\/lucacastelli.com\/fr\/wp-json\/wp\/v2\/product_tag?post=605840"}],"curies":[{"name":"wp","href":"https:\/\/api.w.org\/{rel}","templated":true}]}}