{"id":605835,"date":"2025-08-10T17:24:41","date_gmt":"2025-08-10T15:24:41","guid":{"rendered":"https:\/\/lucacastelli.com\/prodotto\/niveau-a-bulle-milwaukee-serie-slim-9\/"},"modified":"2025-08-10T17:24:41","modified_gmt":"2025-08-10T15:24:41","slug":"niveau-a-bulle-milwaukee-serie-slim-9","status":"publish","type":"product","link":"https:\/\/lucacastelli.com\/fr\/produit\/niveau-a-bulle-milwaukee-serie-slim-9\/","title":{"rendered":"Niveau \u00e0 bulle Milwaukee &#8211; S\u00e9rie SLIM"},"content":{"rendered":"<p>NIVEAU MAGN\u00c9TIQUE 180 cm S\u00e9rie Slim -1pcs<br \/>\n2 fioles en acrylique, pour une r\u00e9sistance maximale aux chocs et aux UV;La surface frais\u00e9e jusqu&#8217;\u00e0 120cm garantit une pr\u00e9cision maximale;Capuchons en caoutchouc antichocs;La poign\u00e9e antid\u00e9rapante emp\u00eache le niveau \u00e0 bulle de glisser pendant la mesure;Trou durable pour un rangement facile;Degr\u00e9 de pr\u00e9cision certifi\u00e9 par un organisme ind\u00e9pendant (VPA);Pr\u00e9cision 0.029\u00b0( 0.0005Zoll\/in, 0.5mm\/M) en position standard<\/p>\n<p>4932464857<br \/>\n4058546228026<\/p>\n","protected":false},"excerpt":{"rendered":"<p>NIVEAU MAGNETIQUE 180 cm S\u00e9rie Slim -1pcs<\/p>\n","protected":false},"featured_media":498733,"template":"","meta":{"_seopress_robots_primary_cat":"","_seopress_titles_title":"","_seopress_titles_desc":"","_seopress_robots_index":""},"product_brand":[3407],"product_cat":[29,514,551],"product_tag":[3270],"class_list":{"0":"post-605835","1":"product","2":"type-product","3":"status-publish","4":"has-post-thumbnail","6":"product_brand-milwaukee","7":"product_cat-macchinari","8":"product_cat-altri-dispositivi","9":"product_cat-apparecchi-di-misurazione","10":"product_tag-import-milwau","11":"sws-conto-ricavi-merci-rivendita-macchinari-fr","12":"sws-gruppo-iva-iva81-fr","14":"first","15":"onbackorder","16":"sale","17":"shipping-taxable","18":"purchasable","19":"product-type-simple"},"_links":{"self":[{"href":"https:\/\/lucacastelli.com\/fr\/wp-json\/wp\/v2\/product\/605835","targetHints":{"allow":["GET"]}}],"collection":[{"href":"https:\/\/lucacastelli.com\/fr\/wp-json\/wp\/v2\/product"}],"about":[{"href":"https:\/\/lucacastelli.com\/fr\/wp-json\/wp\/v2\/types\/product"}],"wp:featuredmedia":[{"embeddable":true,"href":"https:\/\/lucacastelli.com\/fr\/wp-json\/wp\/v2\/media\/498733"}],"wp:attachment":[{"href":"https:\/\/lucacastelli.com\/fr\/wp-json\/wp\/v2\/media?parent=605835"}],"wp:term":[{"taxonomy":"product_brand","embeddable":true,"href":"https:\/\/lucacastelli.com\/fr\/wp-json\/wp\/v2\/product_brand?post=605835"},{"taxonomy":"product_cat","embeddable":true,"href":"https:\/\/lucacastelli.com\/fr\/wp-json\/wp\/v2\/product_cat?post=605835"},{"taxonomy":"product_tag","embeddable":true,"href":"https:\/\/lucacastelli.com\/fr\/wp-json\/wp\/v2\/product_tag?post=605835"}],"curies":[{"name":"wp","href":"https:\/\/api.w.org\/{rel}","templated":true}]}}