{"id":605831,"date":"2025-08-10T17:24:37","date_gmt":"2025-08-10T15:24:37","guid":{"rendered":"https:\/\/lucacastelli.com\/prodotto\/niveau-a-bulle-milwaukee-serie-slim-7\/"},"modified":"2025-08-10T17:24:37","modified_gmt":"2025-08-10T15:24:37","slug":"niveau-a-bulle-milwaukee-serie-slim-7","status":"publish","type":"product","link":"https:\/\/lucacastelli.com\/fr\/produit\/niveau-a-bulle-milwaukee-serie-slim-7\/","title":{"rendered":"Niveau \u00e0 bulle Milwaukee &#8211; S\u00e9rie SLIM"},"content":{"rendered":"<p>Mag Slim Box Level 20cm<br \/>\n2 niveaux en acrylique robustes, r\u00e9sistants aux chocs et aux ultraviolets;Surfaces de mesure frais\u00e9es avec pr\u00e9cision (jusqu&#8217;\u00e0 120 cm) pour un redressement pr\u00e9cis;Capuchon \u00e0 terminaison en caoutchouc pour l&#8217;absorption des chocs;But\u00e9e antid\u00e9rapante pour un positionnement facile sur les surfaces lisses;Possibilit\u00e9 de suspension pour un rangement facile;Pr\u00e9cision certifi\u00e9e par VPA<\/p>\n<p>4932478897<br \/>\n4058546361792.<\/p>\n","protected":false},"excerpt":{"rendered":"<p>Niveau Mag Slim Box 20cm<\/p>\n","protected":false},"featured_media":542200,"template":"","meta":{"_seopress_robots_primary_cat":"","_seopress_titles_title":"","_seopress_titles_desc":"","_seopress_robots_index":""},"product_brand":[3407],"product_cat":[29,514,551],"product_tag":[3270],"class_list":{"0":"post-605831","1":"product","2":"type-product","3":"status-publish","4":"has-post-thumbnail","6":"product_brand-milwaukee","7":"product_cat-macchinari","8":"product_cat-altri-dispositivi","9":"product_cat-apparecchi-di-misurazione","10":"product_tag-import-milwau","11":"sws-conto-ricavi-merci-rivendita-macchinari-fr","12":"sws-gruppo-iva-iva81-fr","14":"first","15":"onbackorder","16":"sale","17":"shipping-taxable","18":"purchasable","19":"product-type-simple"},"_links":{"self":[{"href":"https:\/\/lucacastelli.com\/fr\/wp-json\/wp\/v2\/product\/605831","targetHints":{"allow":["GET"]}}],"collection":[{"href":"https:\/\/lucacastelli.com\/fr\/wp-json\/wp\/v2\/product"}],"about":[{"href":"https:\/\/lucacastelli.com\/fr\/wp-json\/wp\/v2\/types\/product"}],"wp:featuredmedia":[{"embeddable":true,"href":"https:\/\/lucacastelli.com\/fr\/wp-json\/wp\/v2\/media\/542200"}],"wp:attachment":[{"href":"https:\/\/lucacastelli.com\/fr\/wp-json\/wp\/v2\/media?parent=605831"}],"wp:term":[{"taxonomy":"product_brand","embeddable":true,"href":"https:\/\/lucacastelli.com\/fr\/wp-json\/wp\/v2\/product_brand?post=605831"},{"taxonomy":"product_cat","embeddable":true,"href":"https:\/\/lucacastelli.com\/fr\/wp-json\/wp\/v2\/product_cat?post=605831"},{"taxonomy":"product_tag","embeddable":true,"href":"https:\/\/lucacastelli.com\/fr\/wp-json\/wp\/v2\/product_tag?post=605831"}],"curies":[{"name":"wp","href":"https:\/\/api.w.org\/{rel}","templated":true}]}}