{"id":605816,"date":"2025-08-10T17:24:35","date_gmt":"2025-08-10T15:24:35","guid":{"rendered":"https:\/\/lucacastelli.com\/prodotto\/milwaukee-m18-niveau-laser-rotatif-1200-m-rayon-horizontal-et-vertical-rouge-double-pente-automatique-avec-one-key\/"},"modified":"2025-08-10T17:24:35","modified_gmt":"2025-08-10T15:24:35","slug":"milwaukee-m18-niveau-laser-rotatif-1200-m-rayon-horizontal-et-vertical-rouge-double-pente-automatique-avec-one-key","status":"publish","type":"product","link":"https:\/\/lucacastelli.com\/fr\/produit\/milwaukee-m18-niveau-laser-rotatif-1200-m-rayon-horizontal-et-vertical-rouge-double-pente-automatique-avec-one-key\/","title":{"rendered":"Milwaukee M18 Niveau laser rotatif 1200 m Rayon horizontal et vertical Rouge Double pente automatique avec ONE-KEY\u2122."},"content":{"rendered":"<p>M18 RLOHV1200-501C \/LIVELLE LASER ROTANT<br \/>\nLaser rotatif parfait pour toutes les applications de pente;Adaptation automatique rapide et pr\u00e9cise de la double pente jusqu&#8217;\u00e0 12,5 % dans les axes X et Y, avec r\u00e9glage de la pente \u00e0 distance \u00e0 l&#8217;aide d&#8217;une t\u00e9l\u00e9commande qui duplique l&#8217;affichage du niveau \u00e0 bulle;Volets de masquage r\u00e9glables pour \u00e9viter les interf\u00e9rences et la r\u00e9flexion du laser sur les fen\u00eatres;Con\u00e7u pour r\u00e9sister aux conditions de chantier les plus difficiles : class\u00e9 IP66, r\u00e9siste \u00e0 des chutes allant jusqu&#8217;\u00e0 1.5 m\u00e8tres;Nivellement automatique de \u00b15 degr\u00e9s pour une installation rapide et pr\u00e9cise;Navigation simplifi\u00e9e dans le menu du laser pour une interface utilisateur plus intuitive;Port\u00e9e de 1.200 m\u00e8tres (diam\u00e8tre) avec le r\u00e9cepteur (RD1200), optimis\u00e9 pour une utilisation sur de longues distances;\u00c9cran du r\u00e9cepteur facile \u00e0 lire, affichage r\u00e9tro\u00e9clair\u00e9 en mm et en pouces \u00e0 l&#8217;arri\u00e8re et \u00e0 l&#8217;avant pour une bonne visibilit\u00e9;Fourni avec une t\u00e9l\u00e9commande qui duplique l&#8217;\u00e9cran du niveau \u00e0 bulle, ce qui permet de configurer le laser \u00e0 distance ;Le r\u00e9cepteur est dot\u00e9 d&#8217;une protection stroboscopique int\u00e9gr\u00e9e, ce qui r\u00e9duit les interf\u00e9rences et les temps d&#8217;arr\u00eat sur le chantier;Alarme de choc avec sensibilit\u00e9 r\u00e9glable pour avertir l&#8217;utilisateur lorsque le laser bouge ou se cogne;Plus de 72 heures d&#8217;autonomie avec la batterie M18 de 5 Ah;Pr\u00e9cision \u00b11.6 mm \u00e0 30 m\u00e8tres;Fonctionne avec toutes les batteries M18 de Milwaukee.<\/p>\n<p>4933493204<br \/>\n4058546480752<\/p>\n","protected":false},"excerpt":{"rendered":"<p>M18 RLOHV1200-501C \/LIVELLE LASER ROTANT<\/p>\n","protected":false},"featured_media":585050,"template":"","meta":{"_seopress_robots_primary_cat":"","_seopress_titles_title":"","_seopress_titles_desc":"","_seopress_robots_index":""},"product_brand":[3407],"product_cat":[29,514,551],"product_tag":[3270],"class_list":{"0":"post-605816","1":"product","2":"type-product","3":"status-publish","4":"has-post-thumbnail","6":"product_brand-milwaukee","7":"product_cat-macchinari","8":"product_cat-altri-dispositivi","9":"product_cat-apparecchi-di-misurazione","10":"product_tag-import-milwau","11":"sws-conto-ricavi-merci-rivendita-macchinari-fr","12":"sws-gruppo-iva-iva81-fr","14":"first","15":"onbackorder","16":"sale","17":"shipping-taxable","18":"purchasable","19":"product-type-simple"},"_links":{"self":[{"href":"https:\/\/lucacastelli.com\/fr\/wp-json\/wp\/v2\/product\/605816","targetHints":{"allow":["GET"]}}],"collection":[{"href":"https:\/\/lucacastelli.com\/fr\/wp-json\/wp\/v2\/product"}],"about":[{"href":"https:\/\/lucacastelli.com\/fr\/wp-json\/wp\/v2\/types\/product"}],"wp:featuredmedia":[{"embeddable":true,"href":"https:\/\/lucacastelli.com\/fr\/wp-json\/wp\/v2\/media\/585050"}],"wp:attachment":[{"href":"https:\/\/lucacastelli.com\/fr\/wp-json\/wp\/v2\/media?parent=605816"}],"wp:term":[{"taxonomy":"product_brand","embeddable":true,"href":"https:\/\/lucacastelli.com\/fr\/wp-json\/wp\/v2\/product_brand?post=605816"},{"taxonomy":"product_cat","embeddable":true,"href":"https:\/\/lucacastelli.com\/fr\/wp-json\/wp\/v2\/product_cat?post=605816"},{"taxonomy":"product_tag","embeddable":true,"href":"https:\/\/lucacastelli.com\/fr\/wp-json\/wp\/v2\/product_tag?post=605816"}],"curies":[{"name":"wp","href":"https:\/\/api.w.org\/{rel}","templated":true}]}}