{"id":605815,"date":"2025-08-10T17:24:32","date_gmt":"2025-08-10T15:24:32","guid":{"rendered":"https:\/\/lucacastelli.com\/prodotto\/milwaukee-m18-niveau-laser-rotatif-de-300-m-de-rayon-horizontal-et-vertical-vert-avec-one-key\/"},"modified":"2025-08-10T17:24:32","modified_gmt":"2025-08-10T15:24:32","slug":"milwaukee-m18-niveau-laser-rotatif-de-300-m-de-rayon-horizontal-et-vertical-vert-avec-one-key","status":"publish","type":"product","link":"https:\/\/lucacastelli.com\/fr\/produit\/milwaukee-m18-niveau-laser-rotatif-de-300-m-de-rayon-horizontal-et-vertical-vert-avec-one-key\/","title":{"rendered":"Milwaukee M18 Niveau laser rotatif de 300 m de rayon horizontal et vertical vert avec ONE-KEY\u2122."},"content":{"rendered":"<p>M18 RLOHVG300-501C \/ LASERS ROTATIFS<br \/>\nCon\u00e7u pour les travaux d&#8217;int\u00e9rieur et d&#8217;ext\u00e9rieur, pour les applications \u00e0 longue distance;D\u00e9tection automatique du centre par simple pression sur un bouton, pour un alignement \u00e0 longue distance;Laser vert haute intensit\u00e9 pour une visibilit\u00e9 maximale : jusqu&#8217;\u00e0 4 fois plus visible que les lasers rouges;Volets de masquage r\u00e9glables pour \u00e9viter les interf\u00e9rences laser et la r\u00e9flexion du laser sur les fen\u00eatres;Con\u00e7u pour r\u00e9sister aux conditions de chantier les plus difficiles : indice IP66, r\u00e9siste \u00e0 des chutes jusqu&#8217;\u00e0 1.5 m\u00e8tres;Mise \u00e0 niveau automatique de \u00b15 degr\u00e9s pour une installation rapide et pr\u00e9cise;Port\u00e9e de 300 m\u00e8tres (diam\u00e8tre) avec le r\u00e9cepteur (RD300G), optimis\u00e9e pour une utilisation sur de longues distances;\u00c9cran du r\u00e9cepteur facile \u00e0 lire, affichage r\u00e9tro\u00e9clair\u00e9 en mm et en pouces \u00e0 l&#8217;arri\u00e8re et \u00e0 l&#8217;avant pour une bonne visibilit\u00e9, pour une utilisation \u00e0 l&#8217;ext\u00e9rieur comme \u00e0 l&#8217;int\u00e9rieur ;Le r\u00e9cepteur RD300G avec t\u00e9l\u00e9commande int\u00e9gr\u00e9e permet de r\u00e9gler le laser \u00e0 distance;Alarme de choc avec sensibilit\u00e9 r\u00e9glable pour avertir l&#8217;utilisateur du mouvement du laser ou d&#8217;un choc;Plus de 32 heures d&#8217;autonomie avec la batterie M18 5 Ah;Pr\u00e9cision \u00b11.6 mm \u00e0 30 m\u00e8tres;Fonctionne avec toutes les batteries M18 de Milwaukee;Le syst\u00e8me de suivi et de s\u00e9curit\u00e9 ONE-KEY\u2122 offre un suivi et une gestion des stocks gratuits bas\u00e9s sur le cloud, y compris des fonctions de verrouillage \u00e0 distance et de cr\u00e9ation de rapports sur les applications.<\/p>\n<p>4933493194<br \/>\n4058546480653<\/p>\n","protected":false},"excerpt":{"rendered":"<p>M18 RLOHVG300-501C \/ LASERS ROTATIFS<\/p>\n","protected":false},"featured_media":584985,"template":"","meta":{"_seopress_robots_primary_cat":"","_seopress_titles_title":"","_seopress_titles_desc":"","_seopress_robots_index":""},"product_brand":[3407],"product_cat":[29,514,551],"product_tag":[3270],"class_list":{"0":"post-605815","1":"product","2":"type-product","3":"status-publish","4":"has-post-thumbnail","6":"product_brand-milwaukee","7":"product_cat-macchinari","8":"product_cat-altri-dispositivi","9":"product_cat-apparecchi-di-misurazione","10":"product_tag-import-milwau","11":"sws-conto-ricavi-merci-rivendita-macchinari-fr","12":"sws-gruppo-iva-iva81-fr","14":"first","15":"onbackorder","16":"sale","17":"shipping-taxable","18":"purchasable","19":"product-type-simple"},"_links":{"self":[{"href":"https:\/\/lucacastelli.com\/fr\/wp-json\/wp\/v2\/product\/605815","targetHints":{"allow":["GET"]}}],"collection":[{"href":"https:\/\/lucacastelli.com\/fr\/wp-json\/wp\/v2\/product"}],"about":[{"href":"https:\/\/lucacastelli.com\/fr\/wp-json\/wp\/v2\/types\/product"}],"wp:featuredmedia":[{"embeddable":true,"href":"https:\/\/lucacastelli.com\/fr\/wp-json\/wp\/v2\/media\/584985"}],"wp:attachment":[{"href":"https:\/\/lucacastelli.com\/fr\/wp-json\/wp\/v2\/media?parent=605815"}],"wp:term":[{"taxonomy":"product_brand","embeddable":true,"href":"https:\/\/lucacastelli.com\/fr\/wp-json\/wp\/v2\/product_brand?post=605815"},{"taxonomy":"product_cat","embeddable":true,"href":"https:\/\/lucacastelli.com\/fr\/wp-json\/wp\/v2\/product_cat?post=605815"},{"taxonomy":"product_tag","embeddable":true,"href":"https:\/\/lucacastelli.com\/fr\/wp-json\/wp\/v2\/product_tag?post=605815"}],"curies":[{"name":"wp","href":"https:\/\/api.w.org\/{rel}","templated":true}]}}