{"id":605810,"date":"2025-08-10T17:24:34","date_gmt":"2025-08-10T15:24:34","guid":{"rendered":"https:\/\/lucacastelli.com\/prodotto\/milwaukee-niveau-a-bulle-numerique\/"},"modified":"2025-08-10T17:24:34","modified_gmt":"2025-08-10T15:24:34","slug":"milwaukee-niveau-a-bulle-numerique","status":"publish","type":"product","link":"https:\/\/lucacastelli.com\/fr\/produit\/milwaukee-niveau-a-bulle-numerique\/","title":{"rendered":"Milwaukee Niveau \u00e0 bulle num\u00e9rique"},"content":{"rendered":"<p>NIVEAU NUM\u00c9RIQUE 120 CM<br \/>\nLa technologie de mesure PINPOINT\u2122 permet d&#8217;effectuer des mesures extr\u00eamement pr\u00e9cises avec un avertissement sonore;Configuration et sauvegarde rapides des mesures;Niveau \u00e0 bulle num\u00e9rique rechargeable;Pr\u00e9cision jusqu&#8217;\u00e0 2 fois sup\u00e9rieure;Configuration rapide \u00e0 partir du menu : mode, sensibilit\u00e9, tol\u00e9rance, puissance et langue;La tol\u00e9rance peut \u00eatre ajust\u00e9e pour la pr\u00e9cision et le travail standard;Indice de protection IP65;Pr\u00e9cision : 0\u00b0, 90\u00b0\/0.03\u00b0 et 1\u00b0-89\u00b0\/0,10\u00b0;Fabriqu\u00e9 dans un mat\u00e9riau solide et durable<\/p>\n<p>4933471979<br \/>\n4058546298784<\/p>\n","protected":false},"excerpt":{"rendered":"<p>NIVEAU \u00c0 BULLE DIGITAL 120 CM<\/p>\n","protected":false},"featured_media":575255,"template":"","meta":{"_seopress_robots_primary_cat":"","_seopress_titles_title":"","_seopress_titles_desc":"","_seopress_robots_index":""},"product_brand":[3407],"product_cat":[29,514,551],"product_tag":[3270],"class_list":{"0":"post-605810","1":"product","2":"type-product","3":"status-publish","4":"has-post-thumbnail","6":"product_brand-milwaukee","7":"product_cat-macchinari","8":"product_cat-altri-dispositivi","9":"product_cat-apparecchi-di-misurazione","10":"product_tag-import-milwau","11":"sws-conto-ricavi-merci-rivendita-macchinari-fr","12":"sws-gruppo-iva-iva81-fr","14":"first","15":"onbackorder","16":"sale","17":"shipping-taxable","18":"purchasable","19":"product-type-simple"},"_links":{"self":[{"href":"https:\/\/lucacastelli.com\/fr\/wp-json\/wp\/v2\/product\/605810","targetHints":{"allow":["GET"]}}],"collection":[{"href":"https:\/\/lucacastelli.com\/fr\/wp-json\/wp\/v2\/product"}],"about":[{"href":"https:\/\/lucacastelli.com\/fr\/wp-json\/wp\/v2\/types\/product"}],"wp:featuredmedia":[{"embeddable":true,"href":"https:\/\/lucacastelli.com\/fr\/wp-json\/wp\/v2\/media\/575255"}],"wp:attachment":[{"href":"https:\/\/lucacastelli.com\/fr\/wp-json\/wp\/v2\/media?parent=605810"}],"wp:term":[{"taxonomy":"product_brand","embeddable":true,"href":"https:\/\/lucacastelli.com\/fr\/wp-json\/wp\/v2\/product_brand?post=605810"},{"taxonomy":"product_cat","embeddable":true,"href":"https:\/\/lucacastelli.com\/fr\/wp-json\/wp\/v2\/product_cat?post=605810"},{"taxonomy":"product_tag","embeddable":true,"href":"https:\/\/lucacastelli.com\/fr\/wp-json\/wp\/v2\/product_tag?post=605810"}],"curies":[{"name":"wp","href":"https:\/\/api.w.org\/{rel}","templated":true}]}}